{"id":17332,"date":"2024-11-18T16:33:09","date_gmt":"2024-11-18T15:33:09","guid":{"rendered":"https:\/\/www.camping-benodet-vacances.com\/randonnees-finistere\/"},"modified":"2026-04-27T11:51:22","modified_gmt":"2026-04-27T09:51:22","slug":"hiking-finistere","status":"publish","type":"page","link":"https:\/\/camping-benodet-vacances.com\/en\/tourism-finistere\/hiking-finistere\/","title":{"rendered":"Hiking in Finist\u00e8re"},"content":{"rendered":"\n<div class=\"wp-block-group alignwide is-layout-flow wp-block-group-is-layout-flow\">\n<div style=\"height:6rem\" aria-hidden=\"true\" class=\"wp-block-spacer gt-hide-mobile\"><\/div>\n\n\n\n<div class=\"wp-block-columns alignwide is-layout-flex wp-container-core-columns-is-layout-7fc3d43a wp-block-columns-is-layout-flex\">\n<div class=\"wp-block-column is-layout-flow wp-block-column-is-layout-flow\">\n<p class=\"gt-rotated gt-negative-left has-accent-color has-text-color has-link-color has-caveat-font-family wp-elements-cd5b91436eb24aca4b2bfa00bc482a76\" style=\"font-size:clamp(2.418rem, 2.418rem + ((1vw - 0.2rem) * 3.47), 4.5rem);\">Pays Fouesnantais<\/p>\n\n\n\n<h1 class=\"wp-block-heading has-base-color has-text-color has-link-color has-x-large-font-size wp-elements-a8854b234f6dd9abc69ee74d6c403996\" style=\"font-style:normal;font-weight:600;text-transform:uppercase\">Excursions around <br \/>campsite in B\u00e9nodet <\/h1>\n\n\n\n<p>There are <strong>250 kilometers<\/strong> of hiking trails to discover the rich natural heritage of the Pays Fouesnantais.<\/p>\n\n\n\n<p>You can also discover the <strong>GR34, which passes through B\u00e9nodet <\/strong>, and the many routes marked out by the French Hiking Federation around our <a href=\"https:\/\/camping-benodet-vacances.com\/en\/\">4-star B\u00e9nodet campsite<\/a>, ideal for families on <a href=\"https:\/\/camping-benodet-vacances.com\/en\/budget-campsite-benodet\/\">a budget<\/a> or <a href=\"https:\/\/camping-benodet-vacances.com\/en\/last-minute-campsite\/\">last-minute rentals<\/a>.<\/p>\n<\/div>\n\n\n\n<div class=\"wp-block-column is-layout-flow wp-block-column-is-layout-flow\">\n<div class=\"wp-block-group is-content-justification-space-between is-nowrap is-layout-flex wp-container-core-group-is-layout-cb46ffcb wp-block-group-is-layout-flex\">\n<figure class=\"wp-block-image size-full is-style-rounded gt-img-full wp-container-content-9cfa9a5a is-style-rounded--1\"><img decoding=\"async\" width=\"562\" height=\"562\" src=\"https:\/\/camping-benodet-vacances.com\/wp-content\/uploads\/2024\/12\/les-randonnees-autour-du-camping-a-benodet.avif\" alt=\"walks around the benodet campsite\" class=\"wp-image-14897\" style=\"aspect-ratio:1;object-fit:cover\" srcset=\"https:\/\/camping-benodet-vacances.com\/wp-content\/uploads\/2024\/12\/les-randonnees-autour-du-camping-a-benodet.avif 562w, https:\/\/camping-benodet-vacances.com\/wp-content\/uploads\/2024\/12\/les-randonnees-autour-du-camping-a-benodet-300x300.jpg 300w, https:\/\/camping-benodet-vacances.com\/wp-content\/uploads\/2024\/12\/les-randonnees-autour-du-camping-a-benodet-150x150.jpg 150w, https:\/\/camping-benodet-vacances.com\/wp-content\/uploads\/2024\/12\/les-randonnees-autour-du-camping-a-benodet-400x400.jpg 400w\" sizes=\"(max-width: 562px) 100vw, 562px\" \/><\/figure>\n\n\n\n<div data-gt-animation-delay=\"0.6\" class=\"wp-block-group z-index-1 gt-gsap-fadeInUp has-global-padding is-layout-constrained wp-block-group-is-layout-constrained\" style=\"padding-top:53px\">\n<figure data-gt-animation-speed=\"100\" class=\"wp-block-image size-full is-resized gt-dot-deco gt-gsap-parallaxDown\"><img alt=\"Cercle\" decoding=\"async\" width=\"168\" height=\"169\" src=\"https:\/\/camping-benodet-vacances.com\/wp-content\/uploads\/2024\/10\/Circle.svg\" alt=\"\" class=\"wp-image-182\" style=\"width:167px\" \/><\/figure>\n<\/div>\n<\/div>\n<\/div>\n<\/div>\n\n\n\n<div style=\"height:6rem\" aria-hidden=\"true\" class=\"wp-block-spacer gt-hide-mobile\"><\/div>\n<\/div>\n\n<div class=\"wp-block-group alignfull position-relative gt-section-blue-right is-layout-flow wp-container-core-group-is-layout-a77db08e wp-block-group-is-layout-flow\">\n<div class=\"wp-block-group alignfull is-layout-flow wp-container-core-group-is-layout-bc493828 wp-block-group-is-layout-flow\" style=\"padding-left:148px\">\n<div class=\"wp-block-group alignfull has-base-background-color has-background is-layout-flow wp-block-group-is-layout-flow\" style=\"border-top-left-radius:70px;padding-top:var(--wp--preset--spacing--50);padding-right:var(--wp--preset--spacing--50);padding-bottom:var(--wp--preset--spacing--50);padding-left:var(--wp--preset--spacing--50)\">\n<div class=\"wp-block-group alignfull gt-break-mobile is-nowrap is-layout-flex wp-container-core-group-is-layout-f01a8a75 wp-block-group-is-layout-flex\">\n<div class=\"wp-block-group has-global-padding is-layout-constrained wp-block-group-is-layout-constrained\">\n<h2 class=\"wp-block-heading has-base-2-color has-text-color has-link-color wp-elements-8b8274d4f1a353ede070ddeec3310300\">Some ideas for <br \/>hiking trails<\/h2>\n\n\n\n<ul class=\"wp-block-list has-base-2-color has-text-color has-link-color wp-elements-dab3b52de4646bb9df0bde7e53e17139\">\n<li><strong>The Boucle des Corniches in B\u00e9nodet:<\/strong> a beautiful 11.8-kilometre walk <strong>around B\u00e9nodet<\/strong>. From the Anse de Penfoul, you&#8217;ll follow the entire corniche to the Mer Blanche du Letty. Admire a highly varied coastline: a mudflat with its boat cemetery, the marina, the mouth of the Odet, the corniche beaches lined with small cabins, then the wild coast and the Letty lagoon. The walk returns via the Petit Moulin cove and cuts through lanes and paths to reach the starting point, the Maison du Tourisme.   <\/li>\n<\/ul>\n<\/div>\n\n\n\n<div class=\"wp-block-group has-global-padding is-layout-constrained wp-block-group-is-layout-constrained\">\n<ul class=\"wp-block-list has-base-2-color has-text-color has-link-color wp-elements-e3f980a14d2953ec3b561656dd937b0a\">\n<li><strong>Le Drennec to Clohars-Fouesnant:<\/strong> this 2.6-kilometre walk starts near the Drennec chapel. After a stretch of road, you come to a pleasant sunken lane. You&#8217;ll pass a beautiful property before returning to the main road that leads back to the starting point.  <\/li>\n\n\n\n<li><strong>Around Cap Coz in Fouesnant:<\/strong> this 11-kilometre walk, starting from the Fouesnant church at the entrance to the cemetery, takes you to the tip of Cap Coz, its old port and long beach lined with pine trees and seaside villas. You&#8217;ll then follow the coastal path, planted with rhododendrons and offering magnificent panoramic views over the Bay of La For\u00eat. On the way back, you&#8217;ll discover a kiwi plantation in the middle of the countryside.  <\/li>\n\n\n\n<li><strong>Polder de Mousterlin in Fouesnant:<\/strong> starting from the Pointe de Mousterlin parking lot, this 9-kilometre walk takes you through the marshes and polder of Mousterlin. Interpretation panels on the fauna, flora and hydraulic systems of the locks and canals help you discover an original ecosystem. As the seasons go by, admire the changing atmosphere, both in terms of color and the flora and fauna that live there.  <\/li>\n<\/ul>\n<\/div>\n<\/div>\n<\/div>\n<\/div>\n\n\n\n<figure class=\"wp-block-image alignright size-full is-resized gt-deco-sun\"><img decoding=\"async\" width=\"752\" height=\"1511\" src=\"https:\/\/camping-benodet-vacances.com\/wp-content\/uploads\/2024\/10\/graphisme-1-1.png\" alt=\"graphics 1 1\" class=\"wp-image-298\" style=\"object-fit:cover;width:350px;height:350px\" srcset=\"https:\/\/camping-benodet-vacances.com\/wp-content\/uploads\/2024\/10\/graphisme-1-1.png 752w, https:\/\/camping-benodet-vacances.com\/wp-content\/uploads\/2024\/10\/graphisme-1-1-149x300.png 149w, https:\/\/camping-benodet-vacances.com\/wp-content\/uploads\/2024\/10\/graphisme-1-1-510x1024.png 510w\" sizes=\"(max-width: 752px) 100vw, 752px\" \/><\/figure>\n\n\n\n<div class=\"wp-block-cover aligncenter has-custom-content-position is-position-bottom-left\" style=\"border-bottom-left-radius:154px;min-height:640px;aspect-ratio:unset;\"><img decoding=\"async\" width=\"1920\" height=\"646\" class=\"wp-block-cover__image-background wp-image-14900\" alt=\"idees de sentiers de randonnees\" src=\"https:\/\/camping-benodet-vacances.com\/wp-content\/uploads\/2024\/12\/idees-de-sentiers-de-randonnees.avif\" data-object-fit=\"cover\" srcset=\"https:\/\/camping-benodet-vacances.com\/wp-content\/uploads\/2024\/12\/idees-de-sentiers-de-randonnees.avif 1920w, https:\/\/camping-benodet-vacances.com\/wp-content\/uploads\/2024\/12\/idees-de-sentiers-de-randonnees-300x101.jpg 300w, https:\/\/camping-benodet-vacances.com\/wp-content\/uploads\/2024\/12\/idees-de-sentiers-de-randonnees-1024x345.jpg 1024w, https:\/\/camping-benodet-vacances.com\/wp-content\/uploads\/2024\/12\/idees-de-sentiers-de-randonnees-768x258.jpg 768w, https:\/\/camping-benodet-vacances.com\/wp-content\/uploads\/2024\/12\/idees-de-sentiers-de-randonnees-1536x517.jpg 1536w\" sizes=\"(max-width: 1920px) 100vw, 1920px\" \/><span aria-hidden=\"true\" class=\"wp-block-cover__background has-contrast-background-color has-background-dim-10 has-background-dim\"><\/span><div class=\"wp-block-cover__inner-container is-layout-flow wp-block-cover-is-layout-flow\">\n<p class=\"has-text-align-center has-base-2-color has-text-color has-link-color has-caveat-font-family gt-gsap-fadeIn wp-elements-c918e0ef18f8a90e3444e5b998b8f8b3\" style=\"padding-top:var(--wp--preset--spacing--30);padding-right:var(--wp--preset--spacing--40);padding-bottom:var(--wp--preset--spacing--30);padding-left:var(--wp--preset--spacing--40);font-size:clamp(48.588px, 3.037rem + ((1vw - 3.2px) * 4.939), 96px);line-height:1.2\">Hiking trails!<\/p>\n<\/div><\/div>\n<\/div>\n\n<div class=\"wp-block-group alignwide is-layout-flow wp-block-group-is-layout-flow\">\n<div style=\"height:6rem\" aria-hidden=\"true\" class=\"wp-block-spacer gt-hide-mobile\"><\/div>\n\n\n\n<div class=\"wp-block-columns alignwide is-layout-flex wp-container-core-columns-is-layout-7fc3d43a wp-block-columns-is-layout-flex\">\n<div class=\"wp-block-column is-layout-flow wp-block-column-is-layout-flow\">\n<div class=\"wp-block-group is-content-justification-space-between is-nowrap is-layout-flex wp-container-core-group-is-layout-4e2e7437 wp-block-group-is-layout-flex\">\n<figure class=\"wp-block-image size-full is-style-rounded gt-img-full wp-container-content-9cfa9a5a is-style-rounded--2\"><img decoding=\"async\" width=\"639\" height=\"639\" src=\"https:\/\/camping-benodet-vacances.com\/wp-content\/uploads\/2024\/12\/accedez-au-gr-34-depuis-le-camping-a-benodet.avif\" alt=\"access to gr 34 from the campsite in benodet\" class=\"wp-image-14902\" style=\"aspect-ratio:1;object-fit:cover\" srcset=\"https:\/\/camping-benodet-vacances.com\/wp-content\/uploads\/2024\/12\/accedez-au-gr-34-depuis-le-camping-a-benodet.avif 639w, https:\/\/camping-benodet-vacances.com\/wp-content\/uploads\/2024\/12\/accedez-au-gr-34-depuis-le-camping-a-benodet-300x300.jpg 300w, https:\/\/camping-benodet-vacances.com\/wp-content\/uploads\/2024\/12\/accedez-au-gr-34-depuis-le-camping-a-benodet-150x150.jpg 150w, https:\/\/camping-benodet-vacances.com\/wp-content\/uploads\/2024\/12\/accedez-au-gr-34-depuis-le-camping-a-benodet-400x400.jpg 400w, https:\/\/camping-benodet-vacances.com\/wp-content\/uploads\/2024\/12\/accedez-au-gr-34-depuis-le-camping-a-benodet-600x600.jpg 600w\" sizes=\"(max-width: 639px) 100vw, 639px\" \/><figcaption class=\"wp-element-caption\">default<\/figcaption><\/figure>\n<\/div>\n<\/div>\n\n\n\n<div class=\"wp-block-column is-layout-flow wp-block-column-is-layout-flow\">\n<p class=\"gt-rotated gt-negative-left has-accent-color has-text-color has-link-color has-caveat-font-family has-xx-large-font-size wp-elements-9d17f1f9714f84a88cdeb248ad401898\">Coastal landscapes<\/p>\n\n\n\n<h2 class=\"wp-block-heading has-base-color has-text-color has-link-color has-x-large-font-size wp-elements-fd8775cf8c18626cdc85848d73a584ee\" style=\"font-style:normal;font-weight:600;text-transform:uppercase\">Access the GR34 from <br \/>the B\u00e9nodet campsite<\/h2>\n\n\n\n<p>Ideally located on the famous customs trail, the GR34, our B\u00e9nodet campsite is the perfect starting point for <strong>seaside hikes<\/strong>.<\/p>\n\n\n\n<p>Discover the <strong>magnificent coastal landscapes <\/strong>during <a href=\"https:\/\/camping-benodet-vacances.com\/en\/tourism-finistere\/\">your stay in South Finist\u00e8re<strong> <\/strong><\/a>on <strong>family walks<\/strong> or <strong>sporty hikes<\/strong>!<\/p>\n\n\n\n<p>Plan your <strong>hiking holiday in B\u00e9nodet<\/strong>!<\/p>\n\n\n\n<p>Our campsite offers everything you need for a few nights&#8217; stopover in South Finist\u00e8re or for an active vacation.<\/p>\n<\/div>\n<\/div>\n<\/div>\n\n<div style=\"height:4rem\" aria-hidden=\"true\" class=\"wp-block-spacer gt-hide-mobile\"><\/div>\n\n<div class=\"wp-block-group alignwide has-medium-font-size is-layout-flow wp-block-group-is-layout-flow\">\n<h2 class=\"wp-block-heading h2-like has-base-color has-text-color has-link-color has-large-font-size wp-elements-577152a24490e2142755b180594d315b\" style=\"margin-top:0;margin-bottom:-16px;font-style:normal;font-weight:600;text-transform:uppercase\">Discover the activities and beaches around our campsite<\/h2>\n\n\n\n<div class=\"wp-block-query alignwide gt-is-slider gt-is-slider-desktop is-layout-flow wp-block-query-is-layout-flow\"><ul class=\"wp-block-post-template is-layout-grid wp-container-core-post-template-is-layout-c37e0d04 wp-block-post-template-is-layout-grid\"><li class=\"wp-block-post post-17382 page type-page status-publish has-post-thumbnail category-the-region\">\n\n<div class=\"wp-block-group overflow-hidden has-base-2-background-color has-background has-global-padding is-layout-constrained wp-container-core-group-is-layout-95730b41 wp-block-group-is-layout-constrained\" style=\"border-radius:0.5rem;min-height:100%;padding-top:0;padding-bottom:0;box-shadow:var(--wp--preset--shadow--natural)\">\n<figure class=\"wp-block-image\"><img decoding=\"async\" src=\"https:\/\/camping-benodet-vacances.com\/wp-content\/uploads\/2024\/12\/tourisme-sorties-visites-familiales-finistere-cta.avif\" alt=\"Ideas for outings and visits\" style=\"aspect-ratio:4\/3;object-fit:cover\" \/><\/figure>\n\n\n\n<div class=\"wp-block-group has-global-padding is-layout-constrained wp-container-core-group-is-layout-86dba5ee wp-block-group-is-layout-constrained\" style=\"padding-top:var(--wp--preset--spacing--10);padding-right:var(--wp--preset--spacing--10);padding-bottom:var(--wp--preset--spacing--10);padding-left:var(--wp--preset--spacing--10)\">\n<div class=\"wp-block-group has-global-padding is-layout-constrained wp-container-core-group-is-layout-e555385e wp-block-group-is-layout-constrained\">\n<p class=\"has-text-align-center gt-rotated has-accent-color has-text-color has-link-color has-caveat-font-family has-large-font-size wp-elements-8e5182aaed6f74eca618630132e3c367\" style=\"font-style:normal;font-weight:500\">Discover<\/p>\n\n\n\n<p class=\"has-text-align-center has-base-color has-text-color has-link-color has-caveat-font-family has-large-font-size wp-elements-0d156a93fb2aa5049bd2c20f062aa661\" style=\"font-style:normal;font-weight:400\">Ideas for outings and visits<\/p>\n<\/div>\n\n\n\n<p class=\"has-text-align-center has-medium-font-size\" style=\"font-style:normal;font-weight:400\">Discover our ideas for family outings and visits from the campsite in Finist\u00e8re<\/p>\n\n\n\n<div class=\"wp-block-group is-nowrap is-layout-flex wp-container-core-group-is-layout-37505225 wp-block-group-is-layout-flex\">\n<p class=\"has-base-color has-text-color has-link-color wp-elements-6ab38c7494c639df956c3bfeaa194e06\" style=\"font-size:0.8rem\">Read more<\/p>\n\n\n\n<figure class=\"wp-block-image size-full is-resized\" style=\"margin-top:0;margin-right:0;margin-bottom:0;margin-left:0\"><img decoding=\"async\" width=\"68\" height=\"64\" src=\"https:\/\/camping-benodet-vacances.com\/wp-content\/uploads\/2024\/11\/fleche-cercles-1-3-1.png\" alt=\"arrow circles 1 3\" class=\"wp-image-2522\" style=\"width:20px;height:auto\" \/><\/figure>\n<\/div>\n<\/div>\n\n\n<a class=\"is-style-lien-cover wp-block-read-more\" href=\"https:\/\/camping-benodet-vacances.com\/en\/tourism-finistere\/tourism-family-outings-and-visits-finistere\/\" target=\"_self\">Read more<span class=\"screen-reader-text\">: Family activities in South Finist\u00e8re<\/span><\/a><\/div>\n\n<\/li><li class=\"wp-block-post post-17367 page type-page status-publish has-post-thumbnail\">\n\n<div class=\"wp-block-group overflow-hidden has-base-2-background-color has-background has-global-padding is-layout-constrained wp-container-core-group-is-layout-95730b41 wp-block-group-is-layout-constrained\" style=\"border-radius:0.5rem;min-height:100%;padding-top:0;padding-bottom:0;box-shadow:var(--wp--preset--shadow--natural)\">\n<figure class=\"wp-block-image\"><img decoding=\"async\" src=\"https:\/\/camping-benodet-vacances.com\/wp-content\/uploads\/2024\/12\/tourisme-benodet-finistere-cta.avif\" alt=\"B\u00e9nodet and region\" style=\"aspect-ratio:4\/3;object-fit:cover\" \/><\/figure>\n\n\n\n<div class=\"wp-block-group has-global-padding is-layout-constrained wp-container-core-group-is-layout-86dba5ee wp-block-group-is-layout-constrained\" style=\"padding-top:var(--wp--preset--spacing--10);padding-right:var(--wp--preset--spacing--10);padding-bottom:var(--wp--preset--spacing--10);padding-left:var(--wp--preset--spacing--10)\">\n<div class=\"wp-block-group has-global-padding is-layout-constrained wp-container-core-group-is-layout-e555385e wp-block-group-is-layout-constrained\">\n<p class=\"has-text-align-center gt-rotated has-accent-color has-text-color has-link-color has-caveat-font-family has-large-font-size wp-elements-8e5182aaed6f74eca618630132e3c367\" style=\"font-style:normal;font-weight:500\">Discover<\/p>\n\n\n\n<p class=\"has-text-align-center has-base-color has-text-color has-link-color has-caveat-font-family has-large-font-size wp-elements-0d156a93fb2aa5049bd2c20f062aa661\" style=\"font-style:normal;font-weight:400\">B\u00e9nodet and region<\/p>\n<\/div>\n\n\n\n<p class=\"has-text-align-center has-medium-font-size\" style=\"font-style:normal;font-weight:400\">Situated at the mouth of the Odet River, B\u00e9nodet is one of the pearls of southern Brittany.<\/p>\n\n\n\n<div class=\"wp-block-group is-nowrap is-layout-flex wp-container-core-group-is-layout-37505225 wp-block-group-is-layout-flex\">\n<p class=\"has-base-color has-text-color has-link-color wp-elements-6ab38c7494c639df956c3bfeaa194e06\" style=\"font-size:0.8rem\">Read more<\/p>\n\n\n\n<figure class=\"wp-block-image size-full is-resized\" style=\"margin-top:0;margin-right:0;margin-bottom:0;margin-left:0\"><img decoding=\"async\" width=\"68\" height=\"64\" src=\"https:\/\/camping-benodet-vacances.com\/wp-content\/uploads\/2024\/11\/fleche-cercles-1-3-1.png\" alt=\"arrow circles 1 3\" class=\"wp-image-2522\" style=\"width:20px;height:auto\" \/><\/figure>\n<\/div>\n<\/div>\n\n\n<a class=\"is-style-lien-cover wp-block-read-more\" href=\"https:\/\/camping-benodet-vacances.com\/en\/tourism-benodet-finistere\/\" target=\"_self\">Read more<span class=\"screen-reader-text\">: B\u00e9nodet and region<\/span><\/a><\/div>\n\n<\/li><li class=\"wp-block-post post-17386 page type-page status-publish has-post-thumbnail category-the-region\">\n\n<div class=\"wp-block-group overflow-hidden has-base-2-background-color has-background has-global-padding is-layout-constrained wp-container-core-group-is-layout-95730b41 wp-block-group-is-layout-constrained\" style=\"border-radius:0.5rem;min-height:100%;padding-top:0;padding-bottom:0;box-shadow:var(--wp--preset--shadow--natural)\">\n<figure class=\"wp-block-image\"><img decoding=\"async\" src=\"https:\/\/camping-benodet-vacances.com\/wp-content\/uploads\/2024\/12\/parcs-loisirs-aventure-finistere-cta.avif\" alt=\"Leisure and adventure park\" style=\"aspect-ratio:4\/3;object-fit:cover\" \/><\/figure>\n\n\n\n<div class=\"wp-block-group has-global-padding is-layout-constrained wp-container-core-group-is-layout-86dba5ee wp-block-group-is-layout-constrained\" style=\"padding-top:var(--wp--preset--spacing--10);padding-right:var(--wp--preset--spacing--10);padding-bottom:var(--wp--preset--spacing--10);padding-left:var(--wp--preset--spacing--10)\">\n<div class=\"wp-block-group has-global-padding is-layout-constrained wp-container-core-group-is-layout-e555385e wp-block-group-is-layout-constrained\">\n<p class=\"has-text-align-center gt-rotated has-accent-color has-text-color has-link-color has-caveat-font-family has-large-font-size wp-elements-8e5182aaed6f74eca618630132e3c367\" style=\"font-style:normal;font-weight:500\">Discover<\/p>\n\n\n\n<p class=\"has-text-align-center has-base-color has-text-color has-link-color has-caveat-font-family has-large-font-size wp-elements-0d156a93fb2aa5049bd2c20f062aa661\" style=\"font-style:normal;font-weight:400\">Leisure and adventure park<\/p>\n<\/div>\n\n\n\n<p class=\"has-text-align-center has-medium-font-size\" style=\"font-style:normal;font-weight:400\">Our selection of family theme parks: accrobranche, giant corn maze, paintball&#8230;<\/p>\n\n\n\n<div class=\"wp-block-group is-nowrap is-layout-flex wp-container-core-group-is-layout-37505225 wp-block-group-is-layout-flex\">\n<p class=\"has-base-color has-text-color has-link-color wp-elements-6ab38c7494c639df956c3bfeaa194e06\" style=\"font-size:0.8rem\">Read more<\/p>\n\n\n\n<figure class=\"wp-block-image size-full is-resized\" style=\"margin-top:0;margin-right:0;margin-bottom:0;margin-left:0\"><img decoding=\"async\" width=\"68\" height=\"64\" src=\"https:\/\/camping-benodet-vacances.com\/wp-content\/uploads\/2024\/11\/fleche-cercles-1-3-1.png\" alt=\"arrow circles 1 3\" class=\"wp-image-2522\" style=\"width:20px;height:auto\" \/><\/figure>\n<\/div>\n<\/div>\n\n\n<a class=\"is-style-lien-cover wp-block-read-more\" href=\"https:\/\/camping-benodet-vacances.com\/en\/tourism-finistere\/leisure-and-adventure-parks-finistere\/\" target=\"_self\">Read more<span class=\"screen-reader-text\">: Leisure and adventure park<\/span><\/a><\/div>\n\n<\/li><\/ul><\/div>\n<\/div>\n","protected":false},"excerpt":{"rendered":"<p>Pays Fouesnantais Excursions around campsite in B\u00e9nodet There are 250 kilometers of hiking trails to discover the rich natural heritage of the Pays Fouesnantais. You can also discover the GR34, which passes through B\u00e9nodet , and the many routes marked out by the French Hiking Federation around our 4-star B\u00e9nodet campsite, ideal for families on [&hellip;]<\/p>\n","protected":false},"author":1,"featured_media":14604,"parent":25069,"menu_order":0,"comment_status":"closed","ping_status":"closed","template":"","meta":{"_acf_changed":false,"_seopress_robots_primary_cat":"","_seopress_titles_title":"Randonn\u00e9e Finist\u00e8re : Hiking trails and itineraries in South Finist\u00e8re","_seopress_titles_desc":"Discover our selection of walks from the campsite in B\u00e9nodet in Finist\u00e8re: coastal paths, the GR34 customs trail, Breton heritage walks...","_seopress_robots_index":"","_gt_ctv_global_id":"","_gt_ctv_id_group":false,"inline_featured_image":false,"gt_fse_maillage_image":"https:\/\/camping-benodet-vacances.com\/wp-content\/uploads\/2024\/12\/randonnees-finistere-cta.avif","gt_fse_maillage_titre":"Walks around the campsite","gt_fse_maillage_alt":"Hiking","gt_fse_maillage_resume":"Discover our selection of hikes from our campsite in B\u00e9nodet, Finist\u00e8re.","footnotes":""},"categories":[61],"tags":[],"class_list":{"0":"post-17332","1":"page","2":"type-page","3":"status-publish","4":"has-post-thumbnail","6":"category-the-region"},"acf":[],"_links":{"self":[{"href":"https:\/\/camping-benodet-vacances.com\/en\/wp-json\/wp\/v2\/pages\/17332","targetHints":{"allow":["GET"]}}],"collection":[{"href":"https:\/\/camping-benodet-vacances.com\/en\/wp-json\/wp\/v2\/pages"}],"about":[{"href":"https:\/\/camping-benodet-vacances.com\/en\/wp-json\/wp\/v2\/types\/page"}],"author":[{"embeddable":true,"href":"https:\/\/camping-benodet-vacances.com\/en\/wp-json\/wp\/v2\/users\/1"}],"replies":[{"embeddable":true,"href":"https:\/\/camping-benodet-vacances.com\/en\/wp-json\/wp\/v2\/comments?post=17332"}],"version-history":[{"count":13,"href":"https:\/\/camping-benodet-vacances.com\/en\/wp-json\/wp\/v2\/pages\/17332\/revisions"}],"predecessor-version":[{"id":31064,"href":"https:\/\/camping-benodet-vacances.com\/en\/wp-json\/wp\/v2\/pages\/17332\/revisions\/31064"}],"up":[{"embeddable":true,"href":"https:\/\/camping-benodet-vacances.com\/en\/wp-json\/wp\/v2\/pages\/25069"}],"wp:featuredmedia":[{"embeddable":true,"href":"https:\/\/camping-benodet-vacances.com\/en\/wp-json\/wp\/v2\/media\/14604"}],"wp:attachment":[{"href":"https:\/\/camping-benodet-vacances.com\/en\/wp-json\/wp\/v2\/media?parent=17332"}],"wp:term":[{"taxonomy":"category","embeddable":true,"href":"https:\/\/camping-benodet-vacances.com\/en\/wp-json\/wp\/v2\/categories?post=17332"},{"taxonomy":"post_tag","embeddable":true,"href":"https:\/\/camping-benodet-vacances.com\/en\/wp-json\/wp\/v2\/tags?post=17332"}],"curies":[{"name":"wp","href":"https:\/\/api.w.org\/{rel}","templated":true}]}}