{"id":17335,"date":"2024-11-18T16:48:29","date_gmt":"2024-11-18T15:48:29","guid":{"rendered":"https:\/\/www.camping-benodet-vacances.com\/ancv-camping-benodet\/"},"modified":"2026-04-23T08:50:18","modified_gmt":"2026-04-23T06:50:18","slug":"ancv-campsite-benodet","status":"publish","type":"page","link":"https:\/\/camping-benodet-vacances.com\/en\/ancv-campsite-benodet\/","title":{"rendered":"ANCV campsite in Brittany, South Finist\u00e8re"},"content":{"rendered":"\n<div class=\"wp-block-group alignwide is-layout-flow wp-block-group-is-layout-flow\">\n<div style=\"height:6rem\" aria-hidden=\"true\" class=\"wp-block-spacer gt-hide-mobile\"><\/div>\n\n\n\n<div class=\"wp-block-columns alignwide is-layout-flex wp-container-core-columns-is-layout-7fc3d43a wp-block-columns-is-layout-flex\">\n<div class=\"wp-block-column is-layout-flow wp-block-column-is-layout-flow\">\n<p class=\"gt-rotated gt-negative-left has-accent-color has-text-color has-link-color has-caveat-font-family wp-elements-fcfdc09c87ef0ce94649420d49bc9ace\" style=\"font-size:clamp(2.418rem, 2.418rem + ((1vw - 0.2rem) * 3.47), 4.5rem);\">Vacation vouchers<\/p>\n\n\n\n<h1 class=\"wp-block-heading has-base-color has-text-color has-link-color has-x-large-font-size wp-elements-d31fc937239101430b0dbad60638e179\" style=\"font-style:normal;font-weight:600;text-transform:uppercase\">Think of ANCV for <br \/>your stay in Brittany<\/h1>\n\n\n\n<h2 class=\"wp-block-heading has-base-color has-text-color has-link-color has-large-font-size wp-elements-2e54dc894ead98b753aea7918439ef54\" style=\"font-style:normal;font-weight:600;text-transform:uppercase\">Your campsite in Brittany accepts ANCV<\/h2>\n\n\n    <div id=\"gt-fse-lire-plus-69f0dc1497084\" class=\"gt-fse-lire-plus\" data-min-height=\"130\" style=\"background-color: #f9f2e8;\">\n        <input id=\"gt-fse-lire-plus-69f0dc1497084-toggle\" type=\"checkbox\" class=\"gt-fse-lire-plus__toggle\" \/>\n        <label for=\"gt-fse-lire-plus-69f0dc1497084-toggle\" class=\"gt-fse-lire-plus__toggle-label\">\n            <span>Read more<\/span>\n            <span>Read less<\/span>\n        <\/label>\n        <div class=\"gt-fse-lire-plus__content\" style=\"height: 130px;\">\n            \n\n<p>Present in the tourism sector since 1982, <strong>vacation vouchers<\/strong> (also known as ANCV vouchers) were created to enable the majority of the population to <strong>go on vacation<\/strong>; they are used as a tool in the fight against all forms of exclusion.<\/p>\n\n\n\n<p>While you&#8217;re on vacation, make the most of your vacation vouchers and <strong>save real money<\/strong>. Escape with vacation vouchers and make the most of your stay. <\/p>\n\n\n\n<p><a href=\"https:\/\/camping-benodet-vacances.com\/en\/\">Camping La Mer Blanche in B\u00e9nodet<\/a> is one of 170,000 professional members accepting payment by vacation vouchers.<\/p>\n\n\n\n<p>If you have a year without a vacation, don&#8217;t worry: your ANCV vouchers can be used the following year, as they are <strong>valid for 2 years<\/strong>. But be careful. <\/p>\n\n\n\n<p>Vacation vouchers are <strong>issued<\/strong> by <strong>Works Councils<\/strong> <strong>in denominations of \u20ac10, \u20ac20, \u20ac25 or \u20ac50<\/strong> (50% paid by the Works Council and 50% at your own expense).<\/p>\n\n            <div class=\"gt-fse-lire-plus__gradient\" style=\"background: linear-gradient(to bottom,rgba(249,242,232,0) 0%,rgba(249,242,232,1) 100%);\"><\/div>\n        <\/div>\n    <\/div>\n    <\/div>\n\n\n\n<div class=\"wp-block-column is-layout-flow wp-block-column-is-layout-flow\">\n<div class=\"wp-block-group is-content-justification-space-between is-nowrap is-layout-flex wp-container-core-group-is-layout-cb46ffcb wp-block-group-is-layout-flex\">\n<figure class=\"wp-block-image size-full is-style-rounded gt-img-full wp-container-content-9cfa9a5a is-style-rounded--1\"><img decoding=\"async\" width=\"562\" height=\"562\" src=\"https:\/\/camping-benodet-vacances.com\/wp-content\/uploads\/2024\/12\/reelles-economies-pensez-aux-ancv-pour-votre-sejour-en-bretagne.avif\" alt=\"real savings think about ancv for your stay in brittany\" class=\"wp-image-14801\" style=\"aspect-ratio:1;object-fit:cover\" srcset=\"https:\/\/camping-benodet-vacances.com\/wp-content\/uploads\/2024\/12\/reelles-economies-pensez-aux-ancv-pour-votre-sejour-en-bretagne.avif 562w, https:\/\/camping-benodet-vacances.com\/wp-content\/uploads\/2024\/12\/reelles-economies-pensez-aux-ancv-pour-votre-sejour-en-bretagne-300x300.jpg 300w, https:\/\/camping-benodet-vacances.com\/wp-content\/uploads\/2024\/12\/reelles-economies-pensez-aux-ancv-pour-votre-sejour-en-bretagne-150x150.jpg 150w, https:\/\/camping-benodet-vacances.com\/wp-content\/uploads\/2024\/12\/reelles-economies-pensez-aux-ancv-pour-votre-sejour-en-bretagne-400x400.jpg 400w\" sizes=\"(max-width: 562px) 100vw, 562px\" \/><\/figure>\n\n\n\n<div data-gt-animation-delay=\"0.6\" class=\"wp-block-group z-index-1 gt-gsap-fadeInUp has-global-padding is-layout-constrained wp-block-group-is-layout-constrained\" style=\"padding-top:53px\">\n<figure data-gt-animation-speed=\"100\" class=\"wp-block-image size-full is-resized gt-dot-deco gt-gsap-parallaxDown\"><img alt=\"Cercle\" decoding=\"async\" width=\"168\" height=\"169\" src=\"https:\/\/camping-benodet-vacances.com\/wp-content\/uploads\/2024\/10\/Circle.svg\" alt=\"\" class=\"wp-image-182\" style=\"width:167px\" \/><\/figure>\n<\/div>\n<\/div>\n<\/div>\n<\/div>\n\n\n\n<div style=\"height:6rem\" aria-hidden=\"true\" class=\"wp-block-spacer gt-hide-mobile\"><\/div>\n<\/div>\n\n<div class=\"wp-block-group alignwide is-layout-flow wp-block-group-is-layout-flow\">\n<div class=\"wp-block-columns alignwide is-layout-flex wp-container-core-columns-is-layout-7fc3d43a wp-block-columns-is-layout-flex\">\n<div class=\"wp-block-column is-layout-flow wp-block-column-is-layout-flow\">\n<div class=\"wp-block-group is-content-justification-space-between is-nowrap is-layout-flex wp-container-core-group-is-layout-4e2e7437 wp-block-group-is-layout-flex\">\n<figure class=\"wp-block-image size-full is-style-rounded gt-img-full wp-container-content-9cfa9a5a is-style-rounded--2\"><img decoding=\"async\" width=\"639\" height=\"639\" src=\"https:\/\/camping-benodet-vacances.com\/wp-content\/uploads\/2024\/12\/comment-regler-votre-sejour-breton-en-cheques-vacances-par-courrier-en-recommande.avif\" alt=\"how to pay for your breton vacation with vacation vouchers by registered mail\" class=\"wp-image-14803\" style=\"aspect-ratio:1;object-fit:cover\" srcset=\"https:\/\/camping-benodet-vacances.com\/wp-content\/uploads\/2024\/12\/comment-regler-votre-sejour-breton-en-cheques-vacances-par-courrier-en-recommande.avif 639w, https:\/\/camping-benodet-vacances.com\/wp-content\/uploads\/2024\/12\/comment-regler-votre-sejour-breton-en-cheques-vacances-par-courrier-en-recommande-300x300.jpg 300w, https:\/\/camping-benodet-vacances.com\/wp-content\/uploads\/2024\/12\/comment-regler-votre-sejour-breton-en-cheques-vacances-par-courrier-en-recommande-150x150.jpg 150w, https:\/\/camping-benodet-vacances.com\/wp-content\/uploads\/2024\/12\/comment-regler-votre-sejour-breton-en-cheques-vacances-par-courrier-en-recommande-400x400.jpg 400w, https:\/\/camping-benodet-vacances.com\/wp-content\/uploads\/2024\/12\/comment-regler-votre-sejour-breton-en-cheques-vacances-par-courrier-en-recommande-600x600.jpg 600w\" sizes=\"(max-width: 639px) 100vw, 639px\" \/><figcaption class=\"wp-element-caption\">default<\/figcaption><\/figure>\n<\/div>\n<\/div>\n\n\n\n<div class=\"wp-block-column is-layout-flow wp-block-column-is-layout-flow\">\n<p class=\"gt-rotated gt-negative-left has-accent-color has-text-color has-link-color has-caveat-font-family has-xx-large-font-size wp-elements-074eab0c5ff0ea77a00822cfb7888910\">By post<\/p>\n\n\n\n<h2 class=\"wp-block-heading has-base-color has-text-color has-link-color has-large-font-size wp-elements-637c28b862ffb47ce1e852675c6e1bf8\" style=\"font-style:normal;font-weight:600;text-transform:uppercase\">How to pay for your holiday <br \/>with vacation vouchers<\/h2>\n\n\n\n<p>Camping La Mer Blanche in B\u00e9nodet allows you to <strong>pay for your stay with vacation vouchers<\/strong> issued by your works council.<\/p>\n\n\n\n<p>You can pay the <strong>balance of your stay<\/strong> in this way, but you can also <strong>pay your deposit<\/strong>. All you have to do is send us your <strong>coupons by post<\/strong> (registered mail for added security). <\/p>\n\n\n    <div id=\"gt-fse-lire-plus-69f0dc1498ab5\" class=\"gt-fse-lire-plus\" data-min-height=\"130\" style=\"background-color: #f9f2e8;\">\n        <input id=\"gt-fse-lire-plus-69f0dc1498ab5-toggle\" type=\"checkbox\" class=\"gt-fse-lire-plus__toggle\" \/>\n        <label for=\"gt-fse-lire-plus-69f0dc1498ab5-toggle\" class=\"gt-fse-lire-plus__toggle-label\">\n            <span>Read more<\/span>\n            <span>Read less<\/span>\n        <\/label>\n        <div class=\"gt-fse-lire-plus__content\" style=\"height: 130px;\">\n            \n\n<p>When sending by post, it is preferable to send by <strong>recorded delivery<\/strong> (with acknowledgement of receipt, if possible), in order to guarantee the arrival of your payment at the La Mer Blanche campsite.<\/p>\n\n\n\n<p>There are no limits on the amount or number of coupons. However, for legal reasons, change cannot be given on vacation vouchers. Plan to top up or use another method of payment!  <\/p>\n\n\n\n<p>For further information, please call 02 98 57 00 75. You can <strong>book now<\/strong> and get the rental that suits you best. <\/p>\n\n\n\n<p>For an even cheaper stay, our <a href=\"https:\/\/camping-benodet-vacances.com\/en\/vacaf-campsite-benodet\/\">VACAF campsite<\/a> <strong>accepts vouchers <\/strong>issued by the Caisse d&#8217;Allocations Familiales(<strong>CAF<\/strong>).<\/p>\n\n            <div class=\"gt-fse-lire-plus__gradient\" style=\"background: linear-gradient(to bottom,rgba(249,242,232,0) 0%,rgba(249,242,232,1) 100%);\"><\/div>\n        <\/div>\n    <\/div>\n    <\/div>\n<\/div>\n<\/div>\n\n<div style=\"height:4rem\" aria-hidden=\"true\" class=\"wp-block-spacer gt-hide-mobile\"><\/div>\n\n<div class=\"wp-block-group alignwide has-medium-font-size is-layout-flow wp-block-group-is-layout-flow\">\n<h2 class=\"wp-block-heading h2-like has-base-color has-text-color has-link-color has-large-font-size wp-elements-64960b45a48ebce6120ee602c8939227\" style=\"margin-top:0;margin-bottom:-16px;font-style:normal;font-weight:600;text-transform:uppercase\">All about our campsite<\/h2>\n\n\n\n<div class=\"wp-block-query alignwide gt-is-slider gt-is-slider-desktop is-layout-flow wp-block-query-is-layout-flow\"><ul class=\"wp-block-post-template is-layout-grid wp-container-core-post-template-is-layout-c37e0d04 wp-block-post-template-is-layout-grid\"><li class=\"wp-block-post post-17318 page type-page status-publish has-post-thumbnail\">\n\n<div class=\"wp-block-group overflow-hidden has-base-2-background-color has-background has-global-padding is-layout-constrained wp-container-core-group-is-layout-95730b41 wp-block-group-is-layout-constrained\" style=\"border-radius:0.5rem;min-height:100%;padding-top:0;padding-bottom:0;box-shadow:var(--wp--preset--shadow--natural)\">\n<figure class=\"wp-block-image\"><img decoding=\"async\" src=\"https:\/\/camping-benodet-vacances.com\/wp-content\/uploads\/2024\/12\/infos-pratiques-contact-acces-camping-benodet-cta.avif\" alt=\"Practical information\" style=\"aspect-ratio:4\/3;object-fit:cover\" \/><\/figure>\n\n\n\n<div class=\"wp-block-group has-global-padding is-layout-constrained wp-container-core-group-is-layout-86dba5ee wp-block-group-is-layout-constrained\" style=\"padding-top:var(--wp--preset--spacing--10);padding-right:var(--wp--preset--spacing--10);padding-bottom:var(--wp--preset--spacing--10);padding-left:var(--wp--preset--spacing--10)\">\n<div class=\"wp-block-group has-global-padding is-layout-constrained wp-container-core-group-is-layout-e555385e wp-block-group-is-layout-constrained\">\n<p class=\"has-text-align-center gt-rotated has-accent-color has-text-color has-link-color has-caveat-font-family has-large-font-size wp-elements-8e5182aaed6f74eca618630132e3c367\" style=\"font-style:normal;font-weight:500\">Discover<\/p>\n\n\n\n<p class=\"has-text-align-center has-base-color has-text-color has-link-color has-caveat-font-family has-large-font-size wp-elements-0d156a93fb2aa5049bd2c20f062aa661\" style=\"font-style:normal;font-weight:400\">Practical information<\/p>\n<\/div>\n\n\n\n<p class=\"has-text-align-center has-medium-font-size\" style=\"font-style:normal;font-weight:400\">Here you will find all the practical information you need for your stay at the campsite.<\/p>\n\n\n\n<div class=\"wp-block-group is-nowrap is-layout-flex wp-container-core-group-is-layout-37505225 wp-block-group-is-layout-flex\">\n<p class=\"has-base-color has-text-color has-link-color wp-elements-6ab38c7494c639df956c3bfeaa194e06\" style=\"font-size:0.8rem\">Read more<\/p>\n\n\n\n<figure class=\"wp-block-image size-full is-resized\" style=\"margin-top:0;margin-right:0;margin-bottom:0;margin-left:0\"><img decoding=\"async\" width=\"68\" height=\"64\" src=\"https:\/\/camping-benodet-vacances.com\/wp-content\/uploads\/2024\/11\/fleche-cercles-1-3-1.png\" alt=\"arrow circles 1 3\" class=\"wp-image-2522\" style=\"width:20px;height:auto\" \/><\/figure>\n<\/div>\n<\/div>\n\n\n<a class=\"is-style-lien-cover wp-block-read-more\" href=\"https:\/\/camping-benodet-vacances.com\/en\/practical-information-contact-access-campsite-benodet\/\" target=\"_self\">Read more<span class=\"screen-reader-text\">: Practical information<\/span><\/a><\/div>\n\n<\/li><li class=\"wp-block-post post-17366 page type-page status-publish has-post-thumbnail\">\n\n<div class=\"wp-block-group overflow-hidden has-base-2-background-color has-background has-global-padding is-layout-constrained wp-container-core-group-is-layout-95730b41 wp-block-group-is-layout-constrained\" style=\"border-radius:0.5rem;min-height:100%;padding-top:0;padding-bottom:0;box-shadow:var(--wp--preset--shadow--natural)\">\n<figure class=\"wp-block-image\"><img decoding=\"async\" src=\"https:\/\/camping-benodet-vacances.com\/wp-content\/uploads\/2024\/12\/location-mobil-home-benodet-cta.avif\" alt=\"Our rentals\" style=\"aspect-ratio:4\/3;object-fit:cover\" \/><\/figure>\n\n\n\n<div class=\"wp-block-group has-global-padding is-layout-constrained wp-container-core-group-is-layout-86dba5ee wp-block-group-is-layout-constrained\" style=\"padding-top:var(--wp--preset--spacing--10);padding-right:var(--wp--preset--spacing--10);padding-bottom:var(--wp--preset--spacing--10);padding-left:var(--wp--preset--spacing--10)\">\n<div class=\"wp-block-group has-global-padding is-layout-constrained wp-container-core-group-is-layout-e555385e wp-block-group-is-layout-constrained\">\n<p class=\"has-text-align-center gt-rotated has-accent-color has-text-color has-link-color has-caveat-font-family has-large-font-size wp-elements-8e5182aaed6f74eca618630132e3c367\" style=\"font-style:normal;font-weight:500\">Discover<\/p>\n\n\n\n<p class=\"has-text-align-center has-base-color has-text-color has-link-color has-caveat-font-family has-large-font-size wp-elements-0d156a93fb2aa5049bd2c20f062aa661\" style=\"font-style:normal;font-weight:400\">Our rentals<\/p>\n<\/div>\n\n\n\n<p class=\"has-text-align-center has-medium-font-size\" style=\"font-style:normal;font-weight:400\">Find the ideal mobile home for an unforgettable stay<\/p>\n\n\n\n<div class=\"wp-block-group is-nowrap is-layout-flex wp-container-core-group-is-layout-37505225 wp-block-group-is-layout-flex\">\n<p class=\"has-base-color has-text-color has-link-color wp-elements-6ab38c7494c639df956c3bfeaa194e06\" style=\"font-size:0.8rem\">Read more<\/p>\n\n\n\n<figure class=\"wp-block-image size-full is-resized\" style=\"margin-top:0;margin-right:0;margin-bottom:0;margin-left:0\"><img decoding=\"async\" width=\"68\" height=\"64\" src=\"https:\/\/camping-benodet-vacances.com\/wp-content\/uploads\/2024\/11\/fleche-cercles-1-3-1.png\" alt=\"arrow circles 1 3\" class=\"wp-image-2522\" style=\"width:20px;height:auto\" \/><\/figure>\n<\/div>\n<\/div>\n\n\n<a class=\"is-style-lien-cover wp-block-read-more\" href=\"https:\/\/camping-benodet-vacances.com\/en\/mobile-home-rental-benodet\/\" target=\"_self\">Read more<span class=\"screen-reader-text\">: Our rentals<\/span><\/a><\/div>\n\n<\/li><li class=\"wp-block-post post-17326 page type-page status-publish has-post-thumbnail\">\n\n<div class=\"wp-block-group overflow-hidden has-base-2-background-color has-background has-global-padding is-layout-constrained wp-container-core-group-is-layout-95730b41 wp-block-group-is-layout-constrained\" style=\"border-radius:0.5rem;min-height:100%;padding-top:0;padding-bottom:0;box-shadow:var(--wp--preset--shadow--natural)\">\n<figure class=\"wp-block-image\"><img decoding=\"async\" src=\"https:\/\/camping-benodet-vacances.com\/wp-content\/uploads\/2024\/12\/camping-pas-cher-benodet-cta.avif\" alt=\"Our promotions\" style=\"aspect-ratio:4\/3;object-fit:cover\" \/><\/figure>\n\n\n\n<div class=\"wp-block-group has-global-padding is-layout-constrained wp-container-core-group-is-layout-86dba5ee wp-block-group-is-layout-constrained\" style=\"padding-top:var(--wp--preset--spacing--10);padding-right:var(--wp--preset--spacing--10);padding-bottom:var(--wp--preset--spacing--10);padding-left:var(--wp--preset--spacing--10)\">\n<div class=\"wp-block-group has-global-padding is-layout-constrained wp-container-core-group-is-layout-e555385e wp-block-group-is-layout-constrained\">\n<p class=\"has-text-align-center gt-rotated has-accent-color has-text-color has-link-color has-caveat-font-family has-large-font-size wp-elements-8e5182aaed6f74eca618630132e3c367\" style=\"font-style:normal;font-weight:500\">Discover<\/p>\n\n\n\n<p class=\"has-text-align-center has-base-color has-text-color has-link-color has-caveat-font-family has-large-font-size wp-elements-0d156a93fb2aa5049bd2c20f062aa661\" style=\"font-style:normal;font-weight:400\">Our promotions<\/p>\n<\/div>\n\n\n\n<p class=\"has-text-align-center has-medium-font-size\" style=\"font-style:normal;font-weight:400\">Get the best value for your stay<\/p>\n\n\n\n<div class=\"wp-block-group is-nowrap is-layout-flex wp-container-core-group-is-layout-37505225 wp-block-group-is-layout-flex\">\n<p class=\"has-base-color has-text-color has-link-color wp-elements-6ab38c7494c639df956c3bfeaa194e06\" style=\"font-size:0.8rem\">Read more<\/p>\n\n\n\n<figure class=\"wp-block-image size-full is-resized\" style=\"margin-top:0;margin-right:0;margin-bottom:0;margin-left:0\"><img decoding=\"async\" width=\"68\" height=\"64\" src=\"https:\/\/camping-benodet-vacances.com\/wp-content\/uploads\/2024\/11\/fleche-cercles-1-3-1.png\" alt=\"arrow circles 1 3\" class=\"wp-image-2522\" style=\"width:20px;height:auto\" \/><\/figure>\n<\/div>\n<\/div>\n\n\n<a class=\"is-style-lien-cover wp-block-read-more\" href=\"https:\/\/camping-benodet-vacances.com\/en\/budget-campsite-benodet\/\" target=\"_self\">Read more<span class=\"screen-reader-text\">: Rates<\/span><\/a><\/div>\n\n<\/li><\/ul><\/div>\n<\/div>\n","protected":false},"excerpt":{"rendered":"<p>Vacation vouchers Think of ANCV for your stay in Brittany Your campsite in Brittany accepts ANCV By post How to pay for your holiday with vacation vouchers Camping La Mer Blanche in B\u00e9nodet allows you to pay for your stay with vacation vouchers issued by your works council. You can pay the balance of your [&hellip;]<\/p>\n","protected":false},"author":1,"featured_media":14573,"parent":0,"menu_order":0,"comment_status":"closed","ping_status":"closed","template":"","meta":{"_acf_changed":false,"_seopress_robots_primary_cat":"","_seopress_titles_title":"Camping ANCV B\u00e9nodet : Campsite accepting vacation vouchers in South Finist\u00e8re","_seopress_titles_desc":"Use your ANCV vacation vouchers for your stay in Finist\u00e8re and enjoy the water park with slides and entertainment at our campsite club.","_seopress_robots_index":"","_gt_ctv_global_id":"","_gt_ctv_id_group":false,"inline_featured_image":false,"gt_fse_maillage_image":"https:\/\/camping-benodet-vacances.com\/wp-content\/uploads\/2024\/12\/ancv-camping-benodet-cta.avif","gt_fse_maillage_titre":"Vacation vouchers","gt_fse_maillage_alt":"ANCV campsite in Brittany, South Finist\u00e8re","gt_fse_maillage_resume":"Use your ANCV vacation vouchers for your stay","footnotes":""},"categories":[],"tags":[],"class_list":["post-17335","page","type-page","status-publish","has-post-thumbnail"],"acf":[],"_links":{"self":[{"href":"https:\/\/camping-benodet-vacances.com\/en\/wp-json\/wp\/v2\/pages\/17335","targetHints":{"allow":["GET"]}}],"collection":[{"href":"https:\/\/camping-benodet-vacances.com\/en\/wp-json\/wp\/v2\/pages"}],"about":[{"href":"https:\/\/camping-benodet-vacances.com\/en\/wp-json\/wp\/v2\/types\/page"}],"author":[{"embeddable":true,"href":"https:\/\/camping-benodet-vacances.com\/en\/wp-json\/wp\/v2\/users\/1"}],"replies":[{"embeddable":true,"href":"https:\/\/camping-benodet-vacances.com\/en\/wp-json\/wp\/v2\/comments?post=17335"}],"version-history":[{"count":9,"href":"https:\/\/camping-benodet-vacances.com\/en\/wp-json\/wp\/v2\/pages\/17335\/revisions"}],"predecessor-version":[{"id":30845,"href":"https:\/\/camping-benodet-vacances.com\/en\/wp-json\/wp\/v2\/pages\/17335\/revisions\/30845"}],"wp:featuredmedia":[{"embeddable":true,"href":"https:\/\/camping-benodet-vacances.com\/en\/wp-json\/wp\/v2\/media\/14573"}],"wp:attachment":[{"href":"https:\/\/camping-benodet-vacances.com\/en\/wp-json\/wp\/v2\/media?parent=17335"}],"wp:term":[{"taxonomy":"category","embeddable":true,"href":"https:\/\/camping-benodet-vacances.com\/en\/wp-json\/wp\/v2\/categories?post=17335"},{"taxonomy":"post_tag","embeddable":true,"href":"https:\/\/camping-benodet-vacances.com\/en\/wp-json\/wp\/v2\/tags?post=17335"}],"curies":[{"name":"wp","href":"https:\/\/api.w.org\/{rel}","templated":true}]}}