{"id":17345,"date":"2024-11-28T17:11:38","date_gmt":"2024-11-28T16:11:38","guid":{"rendered":"https:\/\/www.camping-benodet-vacances.com\/recrutement\/"},"modified":"2026-04-22T22:05:46","modified_gmt":"2026-04-22T20:05:46","slug":"recruitment","status":"publish","type":"page","link":"https:\/\/camping-benodet-vacances.com\/en\/recruitment\/","title":{"rendered":"recruitment"},"content":{"rendered":"\n<div class=\"wp-block-group alignwide is-layout-flow wp-block-group-is-layout-flow\">\n<div style=\"height:6rem\" aria-hidden=\"true\" class=\"wp-block-spacer gt-hide-mobile\"><\/div>\n\n\n\n<div class=\"wp-block-columns alignwide is-layout-flex wp-container-core-columns-is-layout-7fc3d43a wp-block-columns-is-layout-flex\">\n<div class=\"wp-block-column is-layout-flow wp-block-column-is-layout-flow\">\n<p class=\"gt-rotated gt-negative-left has-accent-color has-text-color has-link-color has-caveat-font-family wp-elements-5da605062d447e13c2690bc3d441ab80\" style=\"font-size:clamp(2.418rem, 2.418rem + ((1vw - 0.2rem) * 3.47), 4.5rem);\">Jobs<\/p>\n\n\n\n<h1 class=\"wp-block-heading has-base-color has-text-color has-link-color has-x-large-font-size wp-elements-da22950c594af023669e6752452fe278\" style=\"font-style:normal;font-weight:600;text-transform:uppercase\"><strong>Join the <strong>Camping \u00e0 B\u00e9nodet<\/strong> team!<\/strong><\/h1>\n<\/div>\n<\/div>\n<\/div>\n\n<div class=\"wp-block-group alignwide is-layout-flow wp-block-group-is-layout-flow\">\n<div style=\"height:1.5rem\" aria-hidden=\"true\" class=\"wp-block-spacer gt-hide-mobile\"><\/div>\n\n\n\n<div class=\"wp-block-columns alignwide is-layout-flex wp-container-core-columns-is-layout-7fc3d43a wp-block-columns-is-layout-flex\">\n<div class=\"wp-block-column is-layout-flow wp-block-column-is-layout-flow\">\t<div class=\"jobs-none-container\">\n\t\t<p>Nous n&#8217;avons pas d&#8217;offre pour le moment.<\/p>\n\t<\/div>\n\t<\/div>\n<\/div>\n<\/div>\n\n<div style=\"height:2rem\" aria-hidden=\"true\" class=\"wp-block-spacer gt-hide-mobile\"><\/div>\n\n<div class=\"wp-block-group alignfull is-layout-flow wp-block-group-is-layout-flow\" style=\"padding-right:25%;padding-left:25%\">\n\t<div class=\"jobs-none-container\">\n\t\t<p>Nous n'avons pas d'offre pour le moment.<\/p>\n\t<\/div>\n\t\n<\/div>\n\n<div class=\"wp-block-group alignwide is-layout-flow wp-block-group-is-layout-flow\">\n<div style=\"height:6rem\" aria-hidden=\"true\" class=\"wp-block-spacer gt-hide-mobile\"><\/div>\n\n\n\n<div class=\"wp-block-columns alignwide is-layout-flex wp-container-core-columns-is-layout-7fc3d43a wp-block-columns-is-layout-flex\">\n<div class=\"wp-block-column is-layout-flow wp-block-column-is-layout-flow\">\n<p>Would you like to <strong>work in an exceptional setting<\/strong>, in the heart of <a href=\"https:\/\/camping-benodet-vacances.com\/en\/tourism-benodet-finistere\/\">southern Brittany<\/a>, and take part in the human adventure of a dynamic, <strong>friendly campsite<\/strong>? <a href=\"https:\/\/camping-benodet-vacances.com\/en\/\">Camping la Mer Blanche in B\u00e9nodet<\/a> is recruiting! We&#8217;re looking for motivated people with a passion for human contact who want to help us deliver memorable holidays to our guests. Whether you&#8217;re experienced or just starting out, every position on our team is an opportunity to share <strong>unique moments<\/strong> and develop your skills in a <strong>friendly environment<\/strong>. Take a look at our offers and join us for an <strong>enriching experience<\/strong>!<\/p>\n<\/div>\n<\/div>\n<\/div>\n\n<div style=\"height:4rem\" aria-hidden=\"true\" class=\"wp-block-spacer gt-hide-mobile\"><\/div>\n\n<div class=\"wp-block-group alignwide has-medium-font-size is-layout-flow wp-block-group-is-layout-flow\">\n<h2 class=\"wp-block-heading h2-like has-base-color has-text-color has-link-color has-large-font-size wp-elements-3cc9a5a03dd9293832fa7456496d5d91\" style=\"margin-top:0;margin-bottom:-16px;font-style:normal;font-weight:600;text-transform:uppercase\">Discover our B\u00e9nodet campsite in South Finist\u00e8re<\/h2>\n\n\n\n<div class=\"wp-block-query alignwide gt-is-slider gt-is-slider-desktop is-layout-flow wp-block-query-is-layout-flow\"><ul class=\"wp-block-post-template is-layout-grid wp-container-core-post-template-is-layout-c37e0d04 wp-block-post-template-is-layout-grid\"><li class=\"wp-block-post post-17387 page type-page status-publish has-post-thumbnail\">\n\n<div class=\"wp-block-group overflow-hidden has-base-2-background-color has-background has-global-padding is-layout-constrained wp-container-core-group-is-layout-95730b41 wp-block-group-is-layout-constrained\" style=\"border-radius:0.5rem;min-height:100%;padding-top:0;padding-bottom:0;box-shadow:var(--wp--preset--shadow--natural)\">\n<figure class=\"wp-block-image\"><img decoding=\"async\" src=\"https:\/\/camping-benodet-vacances.com\/wp-content\/uploads\/2024\/12\/faq-camping-benodet-cta.avif\" alt=\"FAQ\" style=\"aspect-ratio:4\/3;object-fit:cover\" \/><\/figure>\n\n\n\n<div class=\"wp-block-group has-global-padding is-layout-constrained wp-container-core-group-is-layout-86dba5ee wp-block-group-is-layout-constrained\" style=\"padding-top:var(--wp--preset--spacing--10);padding-right:var(--wp--preset--spacing--10);padding-bottom:var(--wp--preset--spacing--10);padding-left:var(--wp--preset--spacing--10)\">\n<div class=\"wp-block-group has-global-padding is-layout-constrained wp-container-core-group-is-layout-e555385e wp-block-group-is-layout-constrained\">\n<p class=\"has-text-align-center gt-rotated has-accent-color has-text-color has-link-color has-caveat-font-family has-large-font-size wp-elements-8e5182aaed6f74eca618630132e3c367\" style=\"font-style:normal;font-weight:500\">Discover<\/p>\n\n\n\n<p class=\"has-text-align-center has-base-color has-text-color has-link-color has-caveat-font-family has-large-font-size wp-elements-0d156a93fb2aa5049bd2c20f062aa661\" style=\"font-style:normal;font-weight:400\">FAQ<\/p>\n<\/div>\n\n\n\n<p class=\"has-text-align-center has-medium-font-size\" style=\"font-style:normal;font-weight:400\">Find answers to all your questions in our FAQ section.<\/p>\n\n\n\n<div class=\"wp-block-group is-nowrap is-layout-flex wp-container-core-group-is-layout-37505225 wp-block-group-is-layout-flex\">\n<p class=\"has-base-color has-text-color has-link-color wp-elements-6ab38c7494c639df956c3bfeaa194e06\" style=\"font-size:0.8rem\">Read more<\/p>\n\n\n\n<figure class=\"wp-block-image size-full is-resized\" style=\"margin-top:0;margin-right:0;margin-bottom:0;margin-left:0\"><img decoding=\"async\" width=\"68\" height=\"64\" src=\"https:\/\/camping-benodet-vacances.com\/wp-content\/uploads\/2024\/11\/fleche-cercles-1-3-1.png\" alt=\"arrow circles 1 3\" class=\"wp-image-2522\" style=\"width:20px;height:auto\" \/><\/figure>\n<\/div>\n<\/div>\n\n\n<a class=\"is-style-lien-cover wp-block-read-more\" href=\"https:\/\/camping-benodet-vacances.com\/en\/campsite-faq-benodet\/\" target=\"_self\">Read more<span class=\"screen-reader-text\">: FAQ<\/span><\/a><\/div>\n\n<\/li><li class=\"wp-block-post post-17318 page type-page status-publish has-post-thumbnail\">\n\n<div class=\"wp-block-group overflow-hidden has-base-2-background-color has-background has-global-padding is-layout-constrained wp-container-core-group-is-layout-95730b41 wp-block-group-is-layout-constrained\" style=\"border-radius:0.5rem;min-height:100%;padding-top:0;padding-bottom:0;box-shadow:var(--wp--preset--shadow--natural)\">\n<figure class=\"wp-block-image\"><img decoding=\"async\" src=\"https:\/\/camping-benodet-vacances.com\/wp-content\/uploads\/2024\/12\/infos-pratiques-contact-acces-camping-benodet-cta.avif\" alt=\"Practical information\" style=\"aspect-ratio:4\/3;object-fit:cover\" \/><\/figure>\n\n\n\n<div class=\"wp-block-group has-global-padding is-layout-constrained wp-container-core-group-is-layout-86dba5ee wp-block-group-is-layout-constrained\" style=\"padding-top:var(--wp--preset--spacing--10);padding-right:var(--wp--preset--spacing--10);padding-bottom:var(--wp--preset--spacing--10);padding-left:var(--wp--preset--spacing--10)\">\n<div class=\"wp-block-group has-global-padding is-layout-constrained wp-container-core-group-is-layout-e555385e wp-block-group-is-layout-constrained\">\n<p class=\"has-text-align-center gt-rotated has-accent-color has-text-color has-link-color has-caveat-font-family has-large-font-size wp-elements-8e5182aaed6f74eca618630132e3c367\" style=\"font-style:normal;font-weight:500\">Discover<\/p>\n\n\n\n<p class=\"has-text-align-center has-base-color has-text-color has-link-color has-caveat-font-family has-large-font-size wp-elements-0d156a93fb2aa5049bd2c20f062aa661\" style=\"font-style:normal;font-weight:400\">Practical information<\/p>\n<\/div>\n\n\n\n<p class=\"has-text-align-center has-medium-font-size\" style=\"font-style:normal;font-weight:400\">Here you will find all the practical information you need for your stay at the campsite.<\/p>\n\n\n\n<div class=\"wp-block-group is-nowrap is-layout-flex wp-container-core-group-is-layout-37505225 wp-block-group-is-layout-flex\">\n<p class=\"has-base-color has-text-color has-link-color wp-elements-6ab38c7494c639df956c3bfeaa194e06\" style=\"font-size:0.8rem\">Read more<\/p>\n\n\n\n<figure class=\"wp-block-image size-full is-resized\" style=\"margin-top:0;margin-right:0;margin-bottom:0;margin-left:0\"><img decoding=\"async\" width=\"68\" height=\"64\" src=\"https:\/\/camping-benodet-vacances.com\/wp-content\/uploads\/2024\/11\/fleche-cercles-1-3-1.png\" alt=\"arrow circles 1 3\" class=\"wp-image-2522\" style=\"width:20px;height:auto\" \/><\/figure>\n<\/div>\n<\/div>\n\n\n<a class=\"is-style-lien-cover wp-block-read-more\" href=\"https:\/\/camping-benodet-vacances.com\/en\/practical-information-contact-access-campsite-benodet\/\" target=\"_self\">Read more<span class=\"screen-reader-text\">: Practical information<\/span><\/a><\/div>\n\n<\/li><li class=\"wp-block-post post-17349 page type-page status-publish has-post-thumbnail\">\n\n<div class=\"wp-block-group overflow-hidden has-base-2-background-color has-background has-global-padding is-layout-constrained wp-container-core-group-is-layout-95730b41 wp-block-group-is-layout-constrained\" style=\"border-radius:0.5rem;min-height:100%;padding-top:0;padding-bottom:0;box-shadow:var(--wp--preset--shadow--natural)\">\n<figure class=\"wp-block-image\"><img decoding=\"async\" src=\"https:\/\/camping-benodet-vacances.com\/wp-content\/uploads\/2024\/12\/camping-familial-avec-restaurant-bar-benodet-cta.avif\" alt=\"Services and catering\" style=\"aspect-ratio:4\/3;object-fit:cover\" \/><\/figure>\n\n\n\n<div class=\"wp-block-group has-global-padding is-layout-constrained wp-container-core-group-is-layout-86dba5ee wp-block-group-is-layout-constrained\" style=\"padding-top:var(--wp--preset--spacing--10);padding-right:var(--wp--preset--spacing--10);padding-bottom:var(--wp--preset--spacing--10);padding-left:var(--wp--preset--spacing--10)\">\n<div class=\"wp-block-group has-global-padding is-layout-constrained wp-container-core-group-is-layout-e555385e wp-block-group-is-layout-constrained\">\n<p class=\"has-text-align-center gt-rotated has-accent-color has-text-color has-link-color has-caveat-font-family has-large-font-size wp-elements-8e5182aaed6f74eca618630132e3c367\" style=\"font-style:normal;font-weight:500\">Discover<\/p>\n\n\n\n<p class=\"has-text-align-center has-base-color has-text-color has-link-color has-caveat-font-family has-large-font-size wp-elements-0d156a93fb2aa5049bd2c20f062aa661\" style=\"font-style:normal;font-weight:400\">Services and catering<\/p>\n<\/div>\n\n\n\n<p class=\"has-text-align-center has-medium-font-size\" style=\"font-style:normal;font-weight:400\">Take advantage of the many services and restaurants on offer at your campsite in B\u00e9nodet<\/p>\n\n\n\n<div class=\"wp-block-group is-nowrap is-layout-flex wp-container-core-group-is-layout-37505225 wp-block-group-is-layout-flex\">\n<p class=\"has-base-color has-text-color has-link-color wp-elements-6ab38c7494c639df956c3bfeaa194e06\" style=\"font-size:0.8rem\">Read more<\/p>\n\n\n\n<figure class=\"wp-block-image size-full is-resized\" style=\"margin-top:0;margin-right:0;margin-bottom:0;margin-left:0\"><img decoding=\"async\" width=\"68\" height=\"64\" src=\"https:\/\/camping-benodet-vacances.com\/wp-content\/uploads\/2024\/11\/fleche-cercles-1-3-1.png\" alt=\"arrow circles 1 3\" class=\"wp-image-2522\" style=\"width:20px;height:auto\" \/><\/figure>\n<\/div>\n<\/div>\n\n\n<a class=\"is-style-lien-cover wp-block-read-more\" href=\"https:\/\/camping-benodet-vacances.com\/en\/family-campsite-with-restaurant-bar-benodet\/\" target=\"_self\">Read more<span class=\"screen-reader-text\">: 4-star campsite services<\/span><\/a><\/div>\n\n<\/li><\/ul><\/div>\n<\/div>\n","protected":false},"excerpt":{"rendered":"<p>Jobs Join the Camping \u00e0 B\u00e9nodet team! Would you like to work in an exceptional setting, in the heart of southern Brittany, and take part in the human adventure of a dynamic, friendly campsite? Camping la Mer Blanche in B\u00e9nodet is recruiting! We&#8217;re looking for motivated people with a passion for human contact who want [&hellip;]<\/p>\n","protected":false},"author":1,"featured_media":14532,"parent":0,"menu_order":0,"comment_status":"closed","ping_status":"closed","template":"wp-custom-template-page-recherche","meta":{"_acf_changed":false,"_seopress_robots_primary_cat":"","_seopress_titles_title":"Recrutement %%sep%% %%sitetitle%%","_seopress_titles_desc":"Rejoignez l\u2019\u00e9quipe du Camping \u00e0 B\u00e9nodet ! Envie de travailler dans un cadre exceptionnel, au c\u0153ur de la Bretagne sud, et de participer \u00e0 l\u2019aventure humaine ?","_seopress_robots_index":"","_gt_ctv_global_id":"1606","_gt_ctv_id_group":false,"inline_featured_image":false,"gt_fse_maillage_image":"https:\/\/camping-benodet-vacances.com\/wp-content\/uploads\/2024\/12\/camping-la-mer-blanche-maeva-benodet-recrutement-cta.avif","gt_fse_maillage_titre":"Recruitment","gt_fse_maillage_alt":"recruitment","gt_fse_maillage_resume":"Join the Camping \u00e0 B\u00e9nodet team! Would you like to work in an exceptional setting, in the heart of Southern Brittany, and take part in a human adventure? ","footnotes":""},"categories":[],"tags":[],"class_list":["post-17345","page","type-page","status-publish","has-post-thumbnail"],"acf":[],"_links":{"self":[{"href":"https:\/\/camping-benodet-vacances.com\/en\/wp-json\/wp\/v2\/pages\/17345","targetHints":{"allow":["GET"]}}],"collection":[{"href":"https:\/\/camping-benodet-vacances.com\/en\/wp-json\/wp\/v2\/pages"}],"about":[{"href":"https:\/\/camping-benodet-vacances.com\/en\/wp-json\/wp\/v2\/types\/page"}],"author":[{"embeddable":true,"href":"https:\/\/camping-benodet-vacances.com\/en\/wp-json\/wp\/v2\/users\/1"}],"replies":[{"embeddable":true,"href":"https:\/\/camping-benodet-vacances.com\/en\/wp-json\/wp\/v2\/comments?post=17345"}],"version-history":[{"count":14,"href":"https:\/\/camping-benodet-vacances.com\/en\/wp-json\/wp\/v2\/pages\/17345\/revisions"}],"predecessor-version":[{"id":34466,"href":"https:\/\/camping-benodet-vacances.com\/en\/wp-json\/wp\/v2\/pages\/17345\/revisions\/34466"}],"wp:featuredmedia":[{"embeddable":true,"href":"https:\/\/camping-benodet-vacances.com\/en\/wp-json\/wp\/v2\/media\/14532"}],"wp:attachment":[{"href":"https:\/\/camping-benodet-vacances.com\/en\/wp-json\/wp\/v2\/media?parent=17345"}],"wp:term":[{"taxonomy":"category","embeddable":true,"href":"https:\/\/camping-benodet-vacances.com\/en\/wp-json\/wp\/v2\/categories?post=17345"},{"taxonomy":"post_tag","embeddable":true,"href":"https:\/\/camping-benodet-vacances.com\/en\/wp-json\/wp\/v2\/tags?post=17345"}],"curies":[{"name":"wp","href":"https:\/\/api.w.org\/{rel}","templated":true}]}}