{"id":17379,"date":"2024-11-18T16:30:15","date_gmt":"2024-11-18T15:30:15","guid":{"rendered":"https:\/\/www.camping-benodet-vacances.com\/tourisme-benodet-finistere\/tourisme-archipel-des-glenans\/"},"modified":"2026-04-25T16:58:02","modified_gmt":"2026-04-25T14:58:02","slug":"tourism-glenan-archipelago","status":"publish","type":"page","link":"https:\/\/camping-benodet-vacances.com\/en\/tourism-finistere\/tourism-glenan-archipelago\/","title":{"rendered":"The Gl\u00e9nan Archipelago"},"content":{"rendered":"\n<div class=\"wp-block-group alignwide is-layout-flow wp-block-group-is-layout-flow\">\n<div style=\"height:6rem\" aria-hidden=\"true\" class=\"wp-block-spacer gt-hide-mobile\"><\/div>\n\n\n\n<div class=\"wp-block-columns alignwide is-layout-flex wp-container-core-columns-is-layout-7fc3d43a wp-block-columns-is-layout-flex\">\n<div class=\"wp-block-column is-layout-flow wp-block-column-is-layout-flow\">\n<p class=\"gt-rotated gt-negative-left has-accent-color has-text-color has-link-color has-caveat-font-family wp-elements-e1cda96701e2d7578073109d8c37c512\" style=\"font-size:clamp(2.418rem, 2.418rem + ((1vw - 0.2rem) * 3.47), 4.5rem);\">Unspoilt nature<\/p>\n\n\n\n<h1 class=\"wp-block-heading has-base-color has-text-color has-link-color has-x-large-font-size wp-elements-e6a82fbbb9fc828eeab2500ef714fbac\" style=\"font-style:normal;font-weight:600;text-transform:uppercase\">The Gl\u00e9nan Archipelago<\/h1>\n\n\n\n<p>The Gl\u00e9nan archipelago, located off the coast of Fouesnant near <a href=\"https:\/\/camping-benodet-vacances.com\/en\/\">B\u00e9nodet where the campsite is situated<\/a>, is a <strong>real natural gem<\/strong>. With its <strong>seven islands<\/strong> surrounding an <strong>inland sea<\/strong> of <strong>crystal-clear waters<\/strong> and <strong>white sandy beaches<\/strong>, it is indeed reminiscent of the <strong>paradisiacal landscapes<\/strong> found in tropical regions.<\/p>\n\n\n    <div id=\"gt-fse-lire-plus-69f0ca67546f1\" class=\"gt-fse-lire-plus\" data-min-height=\"130\" style=\"background-color: #f9f2e8;\">\n        <input id=\"gt-fse-lire-plus-69f0ca67546f1-toggle\" type=\"checkbox\" class=\"gt-fse-lire-plus__toggle\" \/>\n        <label for=\"gt-fse-lire-plus-69f0ca67546f1-toggle\" class=\"gt-fse-lire-plus__toggle-label\">\n            <span>Read more<\/span>\n            <span>Read less<\/span>\n        <\/label>\n        <div class=\"gt-fse-lire-plus__content\" style=\"height: 130px;\">\n            \n\n<p>This destination offers visitors a veritable daydream, where they can enjoy the archipelago&#8217;s unspoilt natural beauty, explore its islands, relax on its beaches and swim in its clear waters.<\/p>\n\n\n\n<p>Whether you&#8217;re looking to practice <strong>water sports<\/strong>, discover <strong>marine life<\/strong> or simply recharge your batteries in the heart of a preserved environment, this Breton archipelago offers a unique and unforgettable experience.<\/p>\n\n\n\n<p>It also demonstrates the diversity of landscapes and natural wonders to be found in Brittany, particularly at our <a href=\"https:\/\/camping-benodet-vacances.com\/en\/tourism-finistere\/\">campsite in South Finist\u00e8re<\/a>, offering visitors a different perspective on this region famous for its cultural and historical heritage, but also for its <strong>unspoilt nature<\/strong> and <strong>enchanting landscapes<\/strong>.<\/p>\n\n            <div class=\"gt-fse-lire-plus__gradient\" style=\"background: linear-gradient(to bottom,rgba(249,242,232,0) 0%,rgba(249,242,232,1) 100%);\"><\/div>\n        <\/div>\n    <\/div>\n    <\/div>\n\n\n\n<div class=\"wp-block-column is-layout-flow wp-block-column-is-layout-flow\">\n<div class=\"wp-block-group is-content-justification-space-between is-nowrap is-layout-flex wp-container-core-group-is-layout-cb46ffcb wp-block-group-is-layout-flex\">\n<figure class=\"wp-block-image size-full is-style-rounded gt-img-full wp-container-content-9cfa9a5a is-style-rounded--1\"><img decoding=\"async\" width=\"562\" height=\"562\" src=\"https:\/\/camping-benodet-vacances.com\/wp-content\/uploads\/2024\/12\/l-archipel-des-glenan.avif\" alt=\"the glenan archipelago\" class=\"wp-image-14960\" style=\"aspect-ratio:1;object-fit:cover\" srcset=\"https:\/\/camping-benodet-vacances.com\/wp-content\/uploads\/2024\/12\/l-archipel-des-glenan.avif 562w, https:\/\/camping-benodet-vacances.com\/wp-content\/uploads\/2024\/12\/l-archipel-des-glenan-300x300.jpg 300w, https:\/\/camping-benodet-vacances.com\/wp-content\/uploads\/2024\/12\/l-archipel-des-glenan-150x150.jpg 150w, https:\/\/camping-benodet-vacances.com\/wp-content\/uploads\/2024\/12\/l-archipel-des-glenan-400x400.jpg 400w\" sizes=\"(max-width: 562px) 100vw, 562px\" \/><\/figure>\n\n\n\n<div data-gt-animation-delay=\"0.6\" class=\"wp-block-group z-index-1 gt-gsap-fadeInUp has-global-padding is-layout-constrained wp-block-group-is-layout-constrained\" style=\"padding-top:53px\">\n<figure data-gt-animation-speed=\"100\" class=\"wp-block-image size-full is-resized gt-dot-deco gt-gsap-parallaxDown\"><img alt=\"Cercle\" decoding=\"async\" width=\"168\" height=\"169\" src=\"https:\/\/camping-benodet-vacances.com\/wp-content\/uploads\/2024\/10\/Circle.svg\" alt=\"\" class=\"wp-image-182\" style=\"width:167px\" \/><\/figure>\n<\/div>\n<\/div>\n<\/div>\n<\/div>\n\n\n\n<div style=\"height:6rem\" aria-hidden=\"true\" class=\"wp-block-spacer gt-hide-mobile\"><\/div>\n<\/div>\n\n<div class=\"wp-block-group alignfull position-relative gt-section-blue-right is-layout-flow wp-container-core-group-is-layout-a77db08e wp-block-group-is-layout-flow\">\n<div class=\"wp-block-group alignfull is-layout-flow wp-container-core-group-is-layout-bc493828 wp-block-group-is-layout-flow\" style=\"padding-left:148px\">\n<div class=\"wp-block-group alignfull has-base-background-color has-background is-layout-flow wp-block-group-is-layout-flow\" style=\"border-top-left-radius:70px;padding-top:var(--wp--preset--spacing--50);padding-right:var(--wp--preset--spacing--50);padding-bottom:var(--wp--preset--spacing--50);padding-left:var(--wp--preset--spacing--50)\">\n<div class=\"wp-block-group alignfull gt-break-mobile is-nowrap is-layout-flex wp-container-core-group-is-layout-f01a8a75 wp-block-group-is-layout-flex\">\n<div class=\"wp-block-group has-global-padding is-layout-constrained wp-block-group-is-layout-constrained\">\n<h2 class=\"wp-block-heading has-base-2-color has-text-color has-link-color wp-elements-bf1a28bb955d90c1689fed802f14bcdb\">An enchanting archipelago: <br \/>turquoise waters and <br \/>white sand<\/h2>\n\n\n\n<p class=\"has-base-2-color has-text-color has-link-color has-medium-font-size wp-elements-8d6d7f17f43ecab293e65cbee916069e\">During your stay in South Finist\u00e8re, head for the <strong>old port of B\u00e9nodet <\/strong>and take a trip aboard the <a href=\"https:\/\/www.vedettes-odet.com\/en\/\" target=\"_blank\" rel=\"noopener\">Odet launches<\/a> to this unique place, similar to a <strong>South Sea paradise<\/strong>.<\/p>\n<\/div>\n\n\n\n<div class=\"wp-block-group has-global-padding is-layout-constrained wp-block-group-is-layout-constrained\">\n<p class=\"has-base-2-color has-text-color has-link-color has-medium-font-size wp-elements-457bf338d0da746f354dadc102f552ad\">Located 18 km off the coast of Fouesnant in Southern Brittany, the Gl\u00e9nan archipelago comprises <strong>seven main islands<\/strong>, a <strong>dozen islets<\/strong> and numerous reefs arranged in a circle around a small inland sea.<\/p>\n\n\n\n<p class=\"has-base-2-color has-text-color has-link-color has-medium-font-size wp-elements-81b3324fd0aba3e5ad6e5062df0b1bdc\">Between white sand and turquoise water, you&#8217;ll be amazed by a place that resembles a tropical paradise. <strong>Guided tours<\/strong> of the island are available on site, as are <strong>transparent-bottom boat trips<\/strong> to discover the underwater environment. <\/p>\n<\/div>\n<\/div>\n<\/div>\n<\/div>\n\n\n\n<figure class=\"wp-block-image alignright size-full is-resized gt-deco-sun\"><img decoding=\"async\" width=\"752\" height=\"1511\" src=\"https:\/\/camping-benodet-vacances.com\/wp-content\/uploads\/2024\/10\/graphisme-1-1.png\" alt=\"graphics 1 1\" class=\"wp-image-298\" style=\"object-fit:cover;width:350px;height:350px\" srcset=\"https:\/\/camping-benodet-vacances.com\/wp-content\/uploads\/2024\/10\/graphisme-1-1.png 752w, https:\/\/camping-benodet-vacances.com\/wp-content\/uploads\/2024\/10\/graphisme-1-1-149x300.png 149w, https:\/\/camping-benodet-vacances.com\/wp-content\/uploads\/2024\/10\/graphisme-1-1-510x1024.png 510w\" sizes=\"(max-width: 752px) 100vw, 752px\" \/><\/figure>\n\n\n\n<div class=\"wp-block-cover aligncenter is-light has-custom-content-position is-position-bottom-left\" style=\"border-bottom-left-radius:154px;min-height:640px;aspect-ratio:unset;\"><img decoding=\"async\" width=\"1920\" height=\"646\" class=\"wp-block-cover__image-background wp-image-14963\" alt=\"un archipel enchanteur eau turquoise et sable blanc\" src=\"https:\/\/camping-benodet-vacances.com\/wp-content\/uploads\/2024\/12\/un-archipel-enchanteur-eau-turquoise-et-sable-blanc.avif\" data-object-fit=\"cover\" srcset=\"https:\/\/camping-benodet-vacances.com\/wp-content\/uploads\/2024\/12\/un-archipel-enchanteur-eau-turquoise-et-sable-blanc.avif 1920w, https:\/\/camping-benodet-vacances.com\/wp-content\/uploads\/2024\/12\/un-archipel-enchanteur-eau-turquoise-et-sable-blanc-300x101.jpg 300w, https:\/\/camping-benodet-vacances.com\/wp-content\/uploads\/2024\/12\/un-archipel-enchanteur-eau-turquoise-et-sable-blanc-1024x345.jpg 1024w, https:\/\/camping-benodet-vacances.com\/wp-content\/uploads\/2024\/12\/un-archipel-enchanteur-eau-turquoise-et-sable-blanc-768x258.jpg 768w, https:\/\/camping-benodet-vacances.com\/wp-content\/uploads\/2024\/12\/un-archipel-enchanteur-eau-turquoise-et-sable-blanc-1536x517.jpg 1536w\" sizes=\"(max-width: 1920px) 100vw, 1920px\" \/><span aria-hidden=\"true\" class=\"wp-block-cover__background has-contrast-background-color has-background-dim-10 has-background-dim\"><\/span><div class=\"wp-block-cover__inner-container is-layout-flow wp-block-cover-is-layout-flow\">\n<p class=\"has-text-align-center has-base-2-color has-text-color has-link-color has-caveat-font-family gt-gsap-fadeIn wp-elements-cff6348e660e1f3ad37076a10b81014e\" style=\"padding-top:var(--wp--preset--spacing--30);padding-right:var(--wp--preset--spacing--40);padding-bottom:var(--wp--preset--spacing--30);padding-left:var(--wp--preset--spacing--40);font-size:clamp(48.588px, 3.037rem + ((1vw - 3.2px) * 4.939), 96px);line-height:1.2\">Turquoise water!<\/p>\n<\/div><\/div>\n<\/div>\n\n<div class=\"wp-block-group alignwide is-layout-flow wp-block-group-is-layout-flow\">\n<div style=\"height:6rem\" aria-hidden=\"true\" class=\"wp-block-spacer gt-hide-mobile\"><\/div>\n\n\n\n<div class=\"wp-block-columns alignwide is-layout-flex wp-container-core-columns-is-layout-7fc3d43a wp-block-columns-is-layout-flex\">\n<div class=\"wp-block-column is-layout-flow wp-block-column-is-layout-flow\">\n<div class=\"wp-block-group is-content-justification-space-between is-nowrap is-layout-flex wp-container-core-group-is-layout-4e2e7437 wp-block-group-is-layout-flex\">\n<figure class=\"wp-block-image size-full is-style-rounded gt-img-full wp-container-content-9cfa9a5a is-style-rounded--2\"><img decoding=\"async\" width=\"639\" height=\"639\" src=\"https:\/\/camping-benodet-vacances.com\/wp-content\/uploads\/2024\/12\/ideal-pour-les-sports-nautiques-et-les-randonnees.avif\" alt=\"ideal for water sports and hiking\" class=\"wp-image-14965\" style=\"aspect-ratio:1;object-fit:cover\" srcset=\"https:\/\/camping-benodet-vacances.com\/wp-content\/uploads\/2024\/12\/ideal-pour-les-sports-nautiques-et-les-randonnees.avif 639w, https:\/\/camping-benodet-vacances.com\/wp-content\/uploads\/2024\/12\/ideal-pour-les-sports-nautiques-et-les-randonnees-300x300.jpg 300w, https:\/\/camping-benodet-vacances.com\/wp-content\/uploads\/2024\/12\/ideal-pour-les-sports-nautiques-et-les-randonnees-150x150.jpg 150w, https:\/\/camping-benodet-vacances.com\/wp-content\/uploads\/2024\/12\/ideal-pour-les-sports-nautiques-et-les-randonnees-400x400.jpg 400w, https:\/\/camping-benodet-vacances.com\/wp-content\/uploads\/2024\/12\/ideal-pour-les-sports-nautiques-et-les-randonnees-600x600.jpg 600w\" sizes=\"(max-width: 639px) 100vw, 639px\" \/><figcaption class=\"wp-element-caption\">default<\/figcaption><\/figure>\n<\/div>\n<\/div>\n\n\n\n<div class=\"wp-block-column is-layout-flow wp-block-column-is-layout-flow\">\n<p class=\"gt-rotated gt-negative-left has-accent-color has-text-color has-link-color has-caveat-font-family has-xx-large-font-size wp-elements-058688240f34926f03272a871328c136\">Activities<\/p>\n\n\n\n<h2 class=\"wp-block-heading has-base-color has-text-color has-link-color has-x-large-font-size wp-elements-adf3bd1c7849f92d265cc6619c77df04\" style=\"font-style:normal;font-weight:600;text-transform:uppercase\">Ideal for water sports <br \/>and hiking<\/h2>\n\n\n\n<p>The Gl\u00e9nan archipelago is also ideal for <strong>sailing<\/strong> and <strong>scuba diving<\/strong>.<\/p>\n\n\n\n<p>The International Diving Center and the world-renowned Nautical Center welcome you for an introductory course!<\/p>\n\n\n\n<p>For <strong>hiking<\/strong> enthusiasts, we invite you to walk to the top of <strong>\u00cele Saint-Nicolas<\/strong>.<\/p>\n\n\n\n<p>From up here, admire the magnificent view of the inland sea and the coast.<\/p>\n<\/div>\n<\/div>\n<\/div>\n\n<div style=\"height:4rem\" aria-hidden=\"true\" class=\"wp-block-spacer gt-hide-mobile\"><\/div>\n\n<div class=\"wp-block-group alignwide has-medium-font-size is-layout-flow wp-block-group-is-layout-flow\">\n<h2 class=\"wp-block-heading h2-like has-base-color has-text-color has-link-color has-large-font-size wp-elements-6b0fd465264b3330ec61f9d73208f5b6\" style=\"margin-top:0;margin-bottom:-16px;font-style:normal;font-weight:600;text-transform:uppercase\">Discover beaches, hiking and South Finist\u00e8re<\/h2>\n\n\n\n<div class=\"wp-block-query alignwide gt-is-slider gt-is-slider-desktop is-layout-flow wp-block-query-is-layout-flow\"><ul class=\"wp-block-post-template is-layout-grid wp-container-core-post-template-is-layout-c37e0d04 wp-block-post-template-is-layout-grid\"><li class=\"wp-block-post post-17370 page type-page status-publish has-post-thumbnail category-the-region\">\n\n<div class=\"wp-block-group overflow-hidden has-base-2-background-color has-background has-global-padding is-layout-constrained wp-container-core-group-is-layout-95730b41 wp-block-group-is-layout-constrained\" style=\"border-radius:0.5rem;min-height:100%;padding-top:0;padding-bottom:0;box-shadow:var(--wp--preset--shadow--natural)\">\n<figure class=\"wp-block-image\"><img decoding=\"async\" src=\"https:\/\/camping-benodet-vacances.com\/wp-content\/uploads\/2024\/12\/tourisme-locronan-cta.avif\" alt=\"The Village of Locronan\" style=\"aspect-ratio:4\/3;object-fit:cover\" \/><\/figure>\n\n\n\n<div class=\"wp-block-group has-global-padding is-layout-constrained wp-container-core-group-is-layout-86dba5ee wp-block-group-is-layout-constrained\" style=\"padding-top:var(--wp--preset--spacing--10);padding-right:var(--wp--preset--spacing--10);padding-bottom:var(--wp--preset--spacing--10);padding-left:var(--wp--preset--spacing--10)\">\n<div class=\"wp-block-group has-global-padding is-layout-constrained wp-container-core-group-is-layout-e555385e wp-block-group-is-layout-constrained\">\n<p class=\"has-text-align-center gt-rotated has-accent-color has-text-color has-link-color has-caveat-font-family has-large-font-size wp-elements-8e5182aaed6f74eca618630132e3c367\" style=\"font-style:normal;font-weight:500\">Discover<\/p>\n\n\n\n<p class=\"has-text-align-center has-base-color has-text-color has-link-color has-caveat-font-family has-large-font-size wp-elements-0d156a93fb2aa5049bd2c20f062aa661\" style=\"font-style:normal;font-weight:400\">The Village of Locronan<\/p>\n<\/div>\n\n\n\n<p class=\"has-text-align-center has-medium-font-size\" style=\"font-style:normal;font-weight:400\">Visit Locronan during your camping holiday in Finist\u00e8re<\/p>\n\n\n\n<div class=\"wp-block-group is-nowrap is-layout-flex wp-container-core-group-is-layout-37505225 wp-block-group-is-layout-flex\">\n<p class=\"has-base-color has-text-color has-link-color wp-elements-6ab38c7494c639df956c3bfeaa194e06\" style=\"font-size:0.8rem\">Read more<\/p>\n\n\n\n<figure class=\"wp-block-image size-full is-resized\" style=\"margin-top:0;margin-right:0;margin-bottom:0;margin-left:0\"><img decoding=\"async\" width=\"68\" height=\"64\" src=\"https:\/\/camping-benodet-vacances.com\/wp-content\/uploads\/2024\/11\/fleche-cercles-1-3-1.png\" alt=\"arrow circles 1 3\" class=\"wp-image-2522\" style=\"width:20px;height:auto\" \/><\/figure>\n<\/div>\n<\/div>\n\n\n<a class=\"is-style-lien-cover wp-block-read-more\" href=\"https:\/\/camping-benodet-vacances.com\/en\/tourism-finistere\/tourism-locronan\/\" target=\"_self\">Read more<span class=\"screen-reader-text\">: The Village of Locronan<\/span><\/a><\/div>\n\n<\/li><li class=\"wp-block-post post-17371 page type-page status-publish has-post-thumbnail category-the-region\">\n\n<div class=\"wp-block-group overflow-hidden has-base-2-background-color has-background has-global-padding is-layout-constrained wp-container-core-group-is-layout-95730b41 wp-block-group-is-layout-constrained\" style=\"border-radius:0.5rem;min-height:100%;padding-top:0;padding-bottom:0;box-shadow:var(--wp--preset--shadow--natural)\">\n<figure class=\"wp-block-image\"><img decoding=\"async\" src=\"https:\/\/camping-benodet-vacances.com\/wp-content\/uploads\/2024\/12\/camping-bord-plage-finistere-cta.avif\" alt=\"The beaches around the campsite\" style=\"aspect-ratio:4\/3;object-fit:cover\" \/><\/figure>\n\n\n\n<div class=\"wp-block-group has-global-padding is-layout-constrained wp-container-core-group-is-layout-86dba5ee wp-block-group-is-layout-constrained\" style=\"padding-top:var(--wp--preset--spacing--10);padding-right:var(--wp--preset--spacing--10);padding-bottom:var(--wp--preset--spacing--10);padding-left:var(--wp--preset--spacing--10)\">\n<div class=\"wp-block-group has-global-padding is-layout-constrained wp-container-core-group-is-layout-e555385e wp-block-group-is-layout-constrained\">\n<p class=\"has-text-align-center gt-rotated has-accent-color has-text-color has-link-color has-caveat-font-family has-large-font-size wp-elements-8e5182aaed6f74eca618630132e3c367\" style=\"font-style:normal;font-weight:500\">Discover<\/p>\n\n\n\n<p class=\"has-text-align-center has-base-color has-text-color has-link-color has-caveat-font-family has-large-font-size wp-elements-0d156a93fb2aa5049bd2c20f062aa661\" style=\"font-style:normal;font-weight:400\">The beaches around the campsite<\/p>\n<\/div>\n\n\n\n<p class=\"has-text-align-center has-medium-font-size\" style=\"font-style:normal;font-weight:400\">The Mer Blanche campsite is close to numerous sandy beaches and hidden coves.<\/p>\n\n\n\n<div class=\"wp-block-group is-nowrap is-layout-flex wp-container-core-group-is-layout-37505225 wp-block-group-is-layout-flex\">\n<p class=\"has-base-color has-text-color has-link-color wp-elements-6ab38c7494c639df956c3bfeaa194e06\" style=\"font-size:0.8rem\">Read more<\/p>\n\n\n\n<figure class=\"wp-block-image size-full is-resized\" style=\"margin-top:0;margin-right:0;margin-bottom:0;margin-left:0\"><img decoding=\"async\" width=\"68\" height=\"64\" src=\"https:\/\/camping-benodet-vacances.com\/wp-content\/uploads\/2024\/11\/fleche-cercles-1-3-1.png\" alt=\"arrow circles 1 3\" class=\"wp-image-2522\" style=\"width:20px;height:auto\" \/><\/figure>\n<\/div>\n<\/div>\n\n\n<a class=\"is-style-lien-cover wp-block-read-more\" href=\"https:\/\/camping-benodet-vacances.com\/en\/tourism-benodet-finistere\/campsite-beaches-finistere\/\" target=\"_self\">Read more<span class=\"screen-reader-text\">: Beaches<\/span><\/a><\/div>\n\n<\/li><li class=\"wp-block-post post-17332 page type-page status-publish has-post-thumbnail category-the-region\">\n\n<div class=\"wp-block-group overflow-hidden has-base-2-background-color has-background has-global-padding is-layout-constrained wp-container-core-group-is-layout-95730b41 wp-block-group-is-layout-constrained\" style=\"border-radius:0.5rem;min-height:100%;padding-top:0;padding-bottom:0;box-shadow:var(--wp--preset--shadow--natural)\">\n<figure class=\"wp-block-image\"><img decoding=\"async\" src=\"https:\/\/camping-benodet-vacances.com\/wp-content\/uploads\/2024\/12\/randonnees-finistere-cta.avif\" alt=\"Walks around the campsite\" style=\"aspect-ratio:4\/3;object-fit:cover\" \/><\/figure>\n\n\n\n<div class=\"wp-block-group has-global-padding is-layout-constrained wp-container-core-group-is-layout-86dba5ee wp-block-group-is-layout-constrained\" style=\"padding-top:var(--wp--preset--spacing--10);padding-right:var(--wp--preset--spacing--10);padding-bottom:var(--wp--preset--spacing--10);padding-left:var(--wp--preset--spacing--10)\">\n<div class=\"wp-block-group has-global-padding is-layout-constrained wp-container-core-group-is-layout-e555385e wp-block-group-is-layout-constrained\">\n<p class=\"has-text-align-center gt-rotated has-accent-color has-text-color has-link-color has-caveat-font-family has-large-font-size wp-elements-8e5182aaed6f74eca618630132e3c367\" style=\"font-style:normal;font-weight:500\">Discover<\/p>\n\n\n\n<p class=\"has-text-align-center has-base-color has-text-color has-link-color has-caveat-font-family has-large-font-size wp-elements-0d156a93fb2aa5049bd2c20f062aa661\" style=\"font-style:normal;font-weight:400\">Walks around the campsite<\/p>\n<\/div>\n\n\n\n<p class=\"has-text-align-center has-medium-font-size\" style=\"font-style:normal;font-weight:400\">Discover our selection of hikes from our campsite in B\u00e9nodet, Finist\u00e8re.<\/p>\n\n\n\n<div class=\"wp-block-group is-nowrap is-layout-flex wp-container-core-group-is-layout-37505225 wp-block-group-is-layout-flex\">\n<p class=\"has-base-color has-text-color has-link-color wp-elements-6ab38c7494c639df956c3bfeaa194e06\" style=\"font-size:0.8rem\">Read more<\/p>\n\n\n\n<figure class=\"wp-block-image size-full is-resized\" style=\"margin-top:0;margin-right:0;margin-bottom:0;margin-left:0\"><img decoding=\"async\" width=\"68\" height=\"64\" src=\"https:\/\/camping-benodet-vacances.com\/wp-content\/uploads\/2024\/11\/fleche-cercles-1-3-1.png\" alt=\"arrow circles 1 3\" class=\"wp-image-2522\" style=\"width:20px;height:auto\" \/><\/figure>\n<\/div>\n<\/div>\n\n\n<a class=\"is-style-lien-cover wp-block-read-more\" href=\"https:\/\/camping-benodet-vacances.com\/en\/tourism-finistere\/hiking-finistere\/\" target=\"_self\">Read more<span class=\"screen-reader-text\">: Hiking in Finist\u00e8re<\/span><\/a><\/div>\n\n<\/li><\/ul><\/div>\n<\/div>\n","protected":false},"excerpt":{"rendered":"<p>Unspoilt nature The Gl\u00e9nan Archipelago The Gl\u00e9nan archipelago, located off the coast of Fouesnant near B\u00e9nodet where the campsite is situated, is a real natural gem. With its seven islands surrounding an inland sea of crystal-clear waters and white sandy beaches, it is indeed reminiscent of the paradisiacal landscapes found in tropical regions. An enchanting [&hellip;]<\/p>\n","protected":false},"author":1,"featured_media":14624,"parent":25069,"menu_order":0,"comment_status":"closed","ping_status":"closed","template":"","meta":{"_acf_changed":false,"_seopress_robots_primary_cat":"","_seopress_titles_title":"L'Archipel des Gl\u00e9nan: Discover the islands of the Gl\u00e9nan archipelago with practical information","_seopress_titles_desc":"Discover the Gl\u00e9nan archipelago on a camping holiday in South Finist\u00e8re: white sandy beaches, turquoise waters, water sports, hiking...","_seopress_robots_index":"","_gt_ctv_global_id":"1606","_gt_ctv_id_group":false,"inline_featured_image":false,"gt_fse_maillage_image":"https:\/\/camping-benodet-vacances.com\/wp-content\/uploads\/2024\/12\/tourisme-archipel-des-glenans-cta.avif","gt_fse_maillage_titre":"The Gl\u00e9nan Archipelago","gt_fse_maillage_alt":"The Gl\u00e9nan Archipelago","gt_fse_maillage_resume":"Discover the Gl\u00e9nan archipelago on a camping holiday in South Finist\u00e8re","footnotes":""},"categories":[61],"tags":[],"class_list":{"0":"post-17379","1":"page","2":"type-page","3":"status-publish","4":"has-post-thumbnail","6":"category-the-region"},"acf":[],"_links":{"self":[{"href":"https:\/\/camping-benodet-vacances.com\/en\/wp-json\/wp\/v2\/pages\/17379","targetHints":{"allow":["GET"]}}],"collection":[{"href":"https:\/\/camping-benodet-vacances.com\/en\/wp-json\/wp\/v2\/pages"}],"about":[{"href":"https:\/\/camping-benodet-vacances.com\/en\/wp-json\/wp\/v2\/types\/page"}],"author":[{"embeddable":true,"href":"https:\/\/camping-benodet-vacances.com\/en\/wp-json\/wp\/v2\/users\/1"}],"replies":[{"embeddable":true,"href":"https:\/\/camping-benodet-vacances.com\/en\/wp-json\/wp\/v2\/comments?post=17379"}],"version-history":[{"count":18,"href":"https:\/\/camping-benodet-vacances.com\/en\/wp-json\/wp\/v2\/pages\/17379\/revisions"}],"predecessor-version":[{"id":31148,"href":"https:\/\/camping-benodet-vacances.com\/en\/wp-json\/wp\/v2\/pages\/17379\/revisions\/31148"}],"up":[{"embeddable":true,"href":"https:\/\/camping-benodet-vacances.com\/en\/wp-json\/wp\/v2\/pages\/25069"}],"wp:featuredmedia":[{"embeddable":true,"href":"https:\/\/camping-benodet-vacances.com\/en\/wp-json\/wp\/v2\/media\/14624"}],"wp:attachment":[{"href":"https:\/\/camping-benodet-vacances.com\/en\/wp-json\/wp\/v2\/media?parent=17379"}],"wp:term":[{"taxonomy":"category","embeddable":true,"href":"https:\/\/camping-benodet-vacances.com\/en\/wp-json\/wp\/v2\/categories?post=17379"},{"taxonomy":"post_tag","embeddable":true,"href":"https:\/\/camping-benodet-vacances.com\/en\/wp-json\/wp\/v2\/tags?post=17379"}],"curies":[{"name":"wp","href":"https:\/\/api.w.org\/{rel}","templated":true}]}}