{"id":20434,"date":"2024-11-18T16:33:09","date_gmt":"2024-11-18T15:33:09","guid":{"rendered":"https:\/\/www.camping-benodet-vacances.com\/tourisme-benodet-finistere\/randonnees-finistere\/"},"modified":"2026-04-27T11:51:22","modified_gmt":"2026-04-27T09:51:22","slug":"wandelingen-finistere","status":"publish","type":"page","link":"https:\/\/camping-benodet-vacances.com\/nl\/toerisme-finistere\/wandelingen-finistere\/","title":{"rendered":"Wandelen in Finist\u00e8re"},"content":{"rendered":"\n<div class=\"wp-block-group alignwide is-layout-flow wp-block-group-is-layout-flow\">\n<div style=\"height:6rem\" aria-hidden=\"true\" class=\"wp-block-spacer gt-hide-mobile\"><\/div>\n\n\n\n<div class=\"wp-block-columns alignwide is-layout-flex wp-container-core-columns-is-layout-7fc3d43a wp-block-columns-is-layout-flex\">\n<div class=\"wp-block-column is-layout-flow wp-block-column-is-layout-flow\">\n<p class=\"gt-rotated gt-negative-left has-accent-color has-text-color has-link-color has-caveat-font-family wp-elements-cd5b91436eb24aca4b2bfa00bc482a76\" style=\"font-size:clamp(2.418rem, 2.418rem + ((1vw - 0.2rem) * 3.47), 4.5rem);\">Pays Fouesnantais<\/p>\n\n\n\n<h1 class=\"wp-block-heading has-base-color has-text-color has-link-color has-x-large-font-size wp-elements-8b989a7784aa19f90a0a9d74114b3e46\" style=\"font-style:normal;font-weight:600;text-transform:uppercase\">Wandelingen rond <br \/>de camping in B\u00e9nodet <\/h1>\n\n\n\n<p>Als je een fervent wandelaar bent, zijn er <strong>250 kilometer aan wandelpaden<\/strong> om het rijke natuurlijke erfgoed van het Pays Fouesnantais te ontdekken.<\/p>\n\n\n\n<p>Ontdek ook de <strong>GR34, die door B\u00e9nodet <\/strong>loopt, en de vele bewegwijzerde routes van de Franse Wandelfederatie in de omgeving van onze <a href=\"https:\/\/camping-benodet-vacances.com\/nl\/\">4-sterrencamping in B\u00e9nodet<\/a>, ideaal voor gezinnen met <a href=\"https:\/\/camping-benodet-vacances.com\/nl\/goedkope-camping-in-benodet\/\">een klein budget<\/a> of <a href=\"https:\/\/camping-benodet-vacances.com\/nl\/last-minute-kampeerplaats\/\">last-minute verhuur<\/a>.<\/p>\n<\/div>\n\n\n\n<div class=\"wp-block-column is-layout-flow wp-block-column-is-layout-flow\">\n<div class=\"wp-block-group is-content-justification-space-between is-nowrap is-layout-flex wp-container-core-group-is-layout-cb46ffcb wp-block-group-is-layout-flex\">\n<figure class=\"wp-block-image size-full is-style-rounded gt-img-full wp-container-content-9cfa9a5a is-style-rounded--1\"><img decoding=\"async\" width=\"562\" height=\"562\" src=\"https:\/\/camping-benodet-vacances.com\/wp-content\/uploads\/2024\/12\/les-randonnees-autour-du-camping-a-benodet.avif\" alt=\"wandelingen rond de camping benodet\" class=\"wp-image-14897\" style=\"aspect-ratio:1;object-fit:cover\" srcset=\"https:\/\/camping-benodet-vacances.com\/wp-content\/uploads\/2024\/12\/les-randonnees-autour-du-camping-a-benodet.avif 562w, https:\/\/camping-benodet-vacances.com\/wp-content\/uploads\/2024\/12\/les-randonnees-autour-du-camping-a-benodet-300x300.jpg 300w, https:\/\/camping-benodet-vacances.com\/wp-content\/uploads\/2024\/12\/les-randonnees-autour-du-camping-a-benodet-150x150.jpg 150w, https:\/\/camping-benodet-vacances.com\/wp-content\/uploads\/2024\/12\/les-randonnees-autour-du-camping-a-benodet-400x400.jpg 400w\" sizes=\"(max-width: 562px) 100vw, 562px\" \/><\/figure>\n\n\n\n<div data-gt-animation-delay=\"0.6\" class=\"wp-block-group z-index-1 gt-gsap-fadeInUp has-global-padding is-layout-constrained wp-block-group-is-layout-constrained\" style=\"padding-top:53px\">\n<figure data-gt-animation-speed=\"100\" class=\"wp-block-image size-full is-resized gt-dot-deco gt-gsap-parallaxDown\"><img alt=\"Cercle\" decoding=\"async\" width=\"168\" height=\"169\" src=\"https:\/\/camping-benodet-vacances.com\/wp-content\/uploads\/2024\/10\/Circle.svg\" alt=\"\" class=\"wp-image-182\" style=\"width:167px\" \/><\/figure>\n<\/div>\n<\/div>\n<\/div>\n<\/div>\n\n\n\n<div style=\"height:6rem\" aria-hidden=\"true\" class=\"wp-block-spacer gt-hide-mobile\"><\/div>\n<\/div>\n\n<div class=\"wp-block-group alignfull position-relative gt-section-blue-right is-layout-flow wp-container-core-group-is-layout-a77db08e wp-block-group-is-layout-flow\">\n<div class=\"wp-block-group alignfull is-layout-flow wp-container-core-group-is-layout-bc493828 wp-block-group-is-layout-flow\" style=\"padding-left:148px\">\n<div class=\"wp-block-group alignfull has-base-background-color has-background is-layout-flow wp-block-group-is-layout-flow\" style=\"border-top-left-radius:70px;padding-top:var(--wp--preset--spacing--50);padding-right:var(--wp--preset--spacing--50);padding-bottom:var(--wp--preset--spacing--50);padding-left:var(--wp--preset--spacing--50)\">\n<div class=\"wp-block-group alignfull gt-break-mobile is-nowrap is-layout-flex wp-container-core-group-is-layout-f01a8a75 wp-block-group-is-layout-flex\">\n<div class=\"wp-block-group has-global-padding is-layout-constrained wp-block-group-is-layout-constrained\">\n<h2 class=\"wp-block-heading has-base-2-color has-text-color has-link-color wp-elements-415f056fc2d7c4f15c9ccf72e5c60774\"><br \/>Enkele idee\u00ebn voor wandelroutes<\/h2>\n\n\n\n<ul class=\"wp-block-list has-base-2-color has-text-color has-link-color wp-elements-0b43839dd0182637b3e908f7306415ed\">\n<li><strong>De Boucle des Corniches in B\u00e9nodet:<\/strong> een prachtige wandeling van 11,8 kilometer <strong>rond B\u00e9nodet<\/strong>. Vanaf de inham van Penfoul volg je de hele kustlijn tot aan de Mer Blanche du Letty. Bewonder een zeer gevarieerde kustlijn: een wad en zijn botenkerkhof, de jachthaven, de monding van de Odet, de cornichestranden met hun hutjes, vervolgens de wilde kustlijn en de lagune van Letty. De wandeling keert terug via de baai van Petit Moulin en doorkruist lanen en paden om het vertrekpunt, het Maison du Tourisme, te bereiken.   <\/li>\n<\/ul>\n<\/div>\n\n\n\n<div class=\"wp-block-group has-global-padding is-layout-constrained wp-block-group-is-layout-constrained\">\n<ul class=\"wp-block-list has-base-2-color has-text-color has-link-color wp-elements-f87d867f65bb188151fbe0e5ef0ac769\">\n<li><strong>Le Drennec naar Clohars-Fouesnant:<\/strong> deze wandeling van 2,6 kilometer begint bij de kapel van Le Drennec. Na een stuk over de weg kom je bij een aangename holle weg. Je passeert een mooi landgoed voordat je terugkeert naar de hoofdweg die terugvoert naar het startpunt.  <\/li>\n\n\n\n<li><strong>Rond Cap Coz in Fouesnant:<\/strong> deze wandeling van 11 kilometer, die begint bij de kerk van Fouesnant bij de ingang van het kerkhof, voert langs de landtong van Cap Coz, de oude haven en het lange strand met pijnbomen en villa&#8217;s aan zee. Vervolgens volg je het kustpad, beplant met rododendrons en met prachtige uitzichten over de baai van La For\u00eat. Op de terugweg ontdek je een kiwiplantage midden op het platteland.  <\/li>\n\n\n\n<li><strong>Polder de Mousterlin in Fouesnant:<\/strong> deze wandeling van 9 kilometer start op de parkeerplaats van de Pointe de Mousterlin en loopt door het moeras en de polder van Mousterlin. Interpretatiepanelen over de fauna, flora en hydraulische systemen van de sluizen en kanalen helpen je een origineel ecosysteem te ontdekken. Bewonder de veranderende kleuren en flora en fauna naarmate de seizoenen verstrijken.  <\/li>\n<\/ul>\n<\/div>\n<\/div>\n<\/div>\n<\/div>\n\n\n\n<figure class=\"wp-block-image alignright size-full is-resized gt-deco-sun\"><img decoding=\"async\" width=\"752\" height=\"1511\" src=\"https:\/\/camping-benodet-vacances.com\/wp-content\/uploads\/2024\/10\/graphisme-1-1.png\" alt=\"afbeeldingen 1 1\" class=\"wp-image-298\" style=\"object-fit:cover;width:350px;height:350px\" srcset=\"https:\/\/camping-benodet-vacances.com\/wp-content\/uploads\/2024\/10\/graphisme-1-1.png 752w, https:\/\/camping-benodet-vacances.com\/wp-content\/uploads\/2024\/10\/graphisme-1-1-149x300.png 149w, https:\/\/camping-benodet-vacances.com\/wp-content\/uploads\/2024\/10\/graphisme-1-1-510x1024.png 510w\" sizes=\"(max-width: 752px) 100vw, 752px\" \/><\/figure>\n\n\n\n<div class=\"wp-block-cover aligncenter has-custom-content-position is-position-bottom-left\" style=\"border-bottom-left-radius:154px;min-height:640px;aspect-ratio:unset;\"><img decoding=\"async\" width=\"1920\" height=\"646\" class=\"wp-block-cover__image-background wp-image-14900\" alt=\"idees de sentiers de randonnees\" src=\"https:\/\/camping-benodet-vacances.com\/wp-content\/uploads\/2024\/12\/idees-de-sentiers-de-randonnees.avif\" data-object-fit=\"cover\" srcset=\"https:\/\/camping-benodet-vacances.com\/wp-content\/uploads\/2024\/12\/idees-de-sentiers-de-randonnees.avif 1920w, https:\/\/camping-benodet-vacances.com\/wp-content\/uploads\/2024\/12\/idees-de-sentiers-de-randonnees-300x101.jpg 300w, https:\/\/camping-benodet-vacances.com\/wp-content\/uploads\/2024\/12\/idees-de-sentiers-de-randonnees-1024x345.jpg 1024w, https:\/\/camping-benodet-vacances.com\/wp-content\/uploads\/2024\/12\/idees-de-sentiers-de-randonnees-768x258.jpg 768w, https:\/\/camping-benodet-vacances.com\/wp-content\/uploads\/2024\/12\/idees-de-sentiers-de-randonnees-1536x517.jpg 1536w\" sizes=\"(max-width: 1920px) 100vw, 1920px\" \/><span aria-hidden=\"true\" class=\"wp-block-cover__background has-contrast-background-color has-background-dim-10 has-background-dim\"><\/span><div class=\"wp-block-cover__inner-container is-layout-flow wp-block-cover-is-layout-flow\">\n<p class=\"has-text-align-center has-base-2-color has-text-color has-link-color has-caveat-font-family gt-gsap-fadeIn wp-elements-ef195a62817f15c85b60e71074a41e2b\" style=\"padding-top:var(--wp--preset--spacing--30);padding-right:var(--wp--preset--spacing--40);padding-bottom:var(--wp--preset--spacing--30);padding-left:var(--wp--preset--spacing--40);font-size:clamp(48.588px, 3.037rem + ((1vw - 3.2px) * 4.939), 96px);line-height:1.2\">Wandelpaden!<\/p>\n<\/div><\/div>\n<\/div>\n\n<div class=\"wp-block-group alignwide is-layout-flow wp-block-group-is-layout-flow\">\n<div style=\"height:6rem\" aria-hidden=\"true\" class=\"wp-block-spacer gt-hide-mobile\"><\/div>\n\n\n\n<div class=\"wp-block-columns alignwide is-layout-flex wp-container-core-columns-is-layout-7fc3d43a wp-block-columns-is-layout-flex\">\n<div class=\"wp-block-column is-layout-flow wp-block-column-is-layout-flow\">\n<div class=\"wp-block-group is-content-justification-space-between is-nowrap is-layout-flex wp-container-core-group-is-layout-4e2e7437 wp-block-group-is-layout-flex\">\n<figure class=\"wp-block-image size-full is-style-rounded gt-img-full wp-container-content-9cfa9a5a is-style-rounded--2\"><img decoding=\"async\" width=\"639\" height=\"639\" src=\"https:\/\/camping-benodet-vacances.com\/wp-content\/uploads\/2024\/12\/accedez-au-gr-34-depuis-le-camping-a-benodet.avif\" alt=\"toegang tot de gr 34 vanaf de camping in benodet\" class=\"wp-image-14902\" style=\"aspect-ratio:1;object-fit:cover\" srcset=\"https:\/\/camping-benodet-vacances.com\/wp-content\/uploads\/2024\/12\/accedez-au-gr-34-depuis-le-camping-a-benodet.avif 639w, https:\/\/camping-benodet-vacances.com\/wp-content\/uploads\/2024\/12\/accedez-au-gr-34-depuis-le-camping-a-benodet-300x300.jpg 300w, https:\/\/camping-benodet-vacances.com\/wp-content\/uploads\/2024\/12\/accedez-au-gr-34-depuis-le-camping-a-benodet-150x150.jpg 150w, https:\/\/camping-benodet-vacances.com\/wp-content\/uploads\/2024\/12\/accedez-au-gr-34-depuis-le-camping-a-benodet-400x400.jpg 400w, https:\/\/camping-benodet-vacances.com\/wp-content\/uploads\/2024\/12\/accedez-au-gr-34-depuis-le-camping-a-benodet-600x600.jpg 600w\" sizes=\"(max-width: 639px) 100vw, 639px\" \/><figcaption class=\"wp-element-caption\">default<\/figcaption><\/figure>\n<\/div>\n<\/div>\n\n\n\n<div class=\"wp-block-column is-layout-flow wp-block-column-is-layout-flow\">\n<p class=\"gt-rotated gt-negative-left has-accent-color has-text-color has-link-color has-caveat-font-family has-xx-large-font-size wp-elements-3e6ca8e7a44a5fff1dfe706bd22f0ae4\">Kustlandschappen<\/p>\n\n\n\n<h2 class=\"wp-block-heading has-base-color has-text-color has-link-color has-x-large-font-size wp-elements-1e8eba0d0caf9d5f61ebdee5e7b748c8\" style=\"font-style:normal;font-weight:600;text-transform:uppercase\"><br \/>Toegang tot de GR34 vanaf camping B\u00e9nodet<\/h2>\n\n\n\n<p>Ideaal gelegen op de route van het beroemde douanepad, de GR34, is onze camping in B\u00e9nodet het perfecte vertrekpunt voor <strong>wandelingen aan zee<\/strong>.<\/p>\n\n\n\n<p>Ontdek de <strong>prachtige kustlandschappen <\/strong>tijdens <a href=\"https:\/\/camping-benodet-vacances.com\/nl\/toerisme-finistere\/\">uw verblijf in Zuid-Finist\u00e8re<strong> <\/strong><\/a>tijdens <strong>gezinswandelingen<\/strong> of <strong>sportieve trektochten<\/strong>!<\/p>\n\n\n\n<p>Plan je <strong>wandelvakantie in B\u00e9nodet<\/strong>!<\/p>\n\n\n\n<p>Onze camping heeft alles wat je nodig hebt voor een paar overnachtingen in Zuid-Finist\u00e8re of voor een actieve vakantie.<\/p>\n<\/div>\n<\/div>\n<\/div>\n\n<div style=\"height:4rem\" aria-hidden=\"true\" class=\"wp-block-spacer gt-hide-mobile\"><\/div>\n\n<div class=\"wp-block-group alignwide has-medium-font-size is-layout-flow wp-block-group-is-layout-flow\">\n<h2 class=\"wp-block-heading h2-like has-base-color has-text-color has-link-color has-large-font-size wp-elements-5a30ad757e88ce8d9e64394951d157ee\" style=\"margin-top:0;margin-bottom:-16px;font-style:normal;font-weight:600;text-transform:uppercase\">Ontdek de activiteiten en stranden rondom onze camping<\/h2>\n\n\n\n<div class=\"wp-block-query alignwide gt-is-slider gt-is-slider-desktop is-layout-flow wp-block-query-is-layout-flow\"><ul class=\"wp-block-post-template is-layout-grid wp-container-core-post-template-is-layout-c37e0d04 wp-block-post-template-is-layout-grid\"><li class=\"wp-block-post post-20384 page type-page status-publish has-post-thumbnail category-de-regio\">\n\n<div class=\"wp-block-group overflow-hidden has-base-2-background-color has-background has-global-padding is-layout-constrained wp-container-core-group-is-layout-95730b41 wp-block-group-is-layout-constrained\" style=\"border-radius:0.5rem;min-height:100%;padding-top:0;padding-bottom:0;box-shadow:var(--wp--preset--shadow--natural)\">\n<figure class=\"wp-block-image\"><img decoding=\"async\" src=\"https:\/\/camping-benodet-vacances.com\/wp-content\/uploads\/2024\/12\/tourisme-sorties-visites-familiales-finistere-cta.avif\" alt=\"Idee\u00ebn voor uitstapjes en bezoeken\" style=\"aspect-ratio:4\/3;object-fit:cover\" \/><\/figure>\n\n\n\n<div class=\"wp-block-group has-global-padding is-layout-constrained wp-container-core-group-is-layout-86dba5ee wp-block-group-is-layout-constrained\" style=\"padding-top:var(--wp--preset--spacing--10);padding-right:var(--wp--preset--spacing--10);padding-bottom:var(--wp--preset--spacing--10);padding-left:var(--wp--preset--spacing--10)\">\n<div class=\"wp-block-group has-global-padding is-layout-constrained wp-container-core-group-is-layout-e555385e wp-block-group-is-layout-constrained\">\n<p class=\"has-text-align-center gt-rotated has-accent-color has-text-color has-link-color has-caveat-font-family has-large-font-size wp-elements-005c35a45e8eeafe15ab6182ad9cdba1\" style=\"font-style:normal;font-weight:500\">Ontdek<\/p>\n\n\n\n<p class=\"has-text-align-center has-base-color has-text-color has-link-color has-caveat-font-family has-large-font-size wp-elements-0d156a93fb2aa5049bd2c20f062aa661\" style=\"font-style:normal;font-weight:400\">Idee\u00ebn voor uitstapjes en bezoeken<\/p>\n<\/div>\n\n\n\n<p class=\"has-text-align-center has-medium-font-size\" style=\"font-style:normal;font-weight:400\">Bekijk onze idee\u00ebn voor uitstapjes en bezoeken met het gezin vanaf de camping in Finist\u00e8re<\/p>\n\n\n\n<div class=\"wp-block-group is-nowrap is-layout-flex wp-container-core-group-is-layout-37505225 wp-block-group-is-layout-flex\">\n<p class=\"has-base-color has-text-color has-link-color wp-elements-ca6bef4703fb7078f8a8b9ad071ad1aa\" style=\"font-size:0.8rem\">Lees meer<\/p>\n\n\n\n<figure class=\"wp-block-image size-full is-resized\" style=\"margin-top:0;margin-right:0;margin-bottom:0;margin-left:0\"><img decoding=\"async\" width=\"68\" height=\"64\" src=\"https:\/\/camping-benodet-vacances.com\/wp-content\/uploads\/2024\/11\/fleche-cercles-1-3-1.png\" alt=\"pijlcirkels 1 3\" class=\"wp-image-2522\" style=\"width:20px;height:auto\" \/><\/figure>\n<\/div>\n<\/div>\n\n\n<a class=\"is-style-lien-cover wp-block-read-more\" href=\"https:\/\/camping-benodet-vacances.com\/nl\/toerisme-finistere\/toerisme-uitstapjes-familiebezoeken-finistere\/\" target=\"_self\">Lees verder<span class=\"screen-reader-text\">: Activiteiten voor het gezin in Zuid-Finist\u00e8re<\/span><\/a><\/div>\n\n<\/li><li class=\"wp-block-post post-20237 page type-page status-publish has-post-thumbnail\">\n\n<div class=\"wp-block-group overflow-hidden has-base-2-background-color has-background has-global-padding is-layout-constrained wp-container-core-group-is-layout-95730b41 wp-block-group-is-layout-constrained\" style=\"border-radius:0.5rem;min-height:100%;padding-top:0;padding-bottom:0;box-shadow:var(--wp--preset--shadow--natural)\">\n<figure class=\"wp-block-image\"><img decoding=\"async\" src=\"https:\/\/camping-benodet-vacances.com\/wp-content\/uploads\/2024\/12\/tourisme-benodet-finistere-cta.avif\" alt=\"B\u00e9nodet en de regio\" style=\"aspect-ratio:4\/3;object-fit:cover\" \/><\/figure>\n\n\n\n<div class=\"wp-block-group has-global-padding is-layout-constrained wp-container-core-group-is-layout-86dba5ee wp-block-group-is-layout-constrained\" style=\"padding-top:var(--wp--preset--spacing--10);padding-right:var(--wp--preset--spacing--10);padding-bottom:var(--wp--preset--spacing--10);padding-left:var(--wp--preset--spacing--10)\">\n<div class=\"wp-block-group has-global-padding is-layout-constrained wp-container-core-group-is-layout-e555385e wp-block-group-is-layout-constrained\">\n<p class=\"has-text-align-center gt-rotated has-accent-color has-text-color has-link-color has-caveat-font-family has-large-font-size wp-elements-005c35a45e8eeafe15ab6182ad9cdba1\" style=\"font-style:normal;font-weight:500\">Ontdek<\/p>\n\n\n\n<p class=\"has-text-align-center has-base-color has-text-color has-link-color has-caveat-font-family has-large-font-size wp-elements-0d156a93fb2aa5049bd2c20f062aa661\" style=\"font-style:normal;font-weight:400\">B\u00e9nodet en de regio<\/p>\n<\/div>\n\n\n\n<p class=\"has-text-align-center has-medium-font-size\" style=\"font-style:normal;font-weight:400\">B\u00e9nodet ligt aan de monding van de rivier de Odet en is een van de parels van Zuid-Bretagne.<\/p>\n\n\n\n<div class=\"wp-block-group is-nowrap is-layout-flex wp-container-core-group-is-layout-37505225 wp-block-group-is-layout-flex\">\n<p class=\"has-base-color has-text-color has-link-color wp-elements-ca6bef4703fb7078f8a8b9ad071ad1aa\" style=\"font-size:0.8rem\">Lees meer<\/p>\n\n\n\n<figure class=\"wp-block-image size-full is-resized\" style=\"margin-top:0;margin-right:0;margin-bottom:0;margin-left:0\"><img decoding=\"async\" width=\"68\" height=\"64\" src=\"https:\/\/camping-benodet-vacances.com\/wp-content\/uploads\/2024\/11\/fleche-cercles-1-3-1.png\" alt=\"pijlcirkels 1 3\" class=\"wp-image-2522\" style=\"width:20px;height:auto\" \/><\/figure>\n<\/div>\n<\/div>\n\n\n<a class=\"is-style-lien-cover wp-block-read-more\" href=\"https:\/\/camping-benodet-vacances.com\/nl\/toerisme-benodet-finistere\/\" target=\"_self\">Lees verder<span class=\"screen-reader-text\">: B\u00e9nodet en de regio<\/span><\/a><\/div>\n\n<\/li><li class=\"wp-block-post post-20470 page type-page status-publish has-post-thumbnail category-la-region\">\n\n<div class=\"wp-block-group overflow-hidden has-base-2-background-color has-background has-global-padding is-layout-constrained wp-container-core-group-is-layout-95730b41 wp-block-group-is-layout-constrained\" style=\"border-radius:0.5rem;min-height:100%;padding-top:0;padding-bottom:0;box-shadow:var(--wp--preset--shadow--natural)\">\n<figure class=\"wp-block-image\"><img decoding=\"async\" src=\"https:\/\/camping-benodet-vacances.com\/wp-content\/uploads\/2024\/12\/parcs-loisirs-aventure-finistere-cta.avif\" alt=\"Vrijetijds- en avonturenpark\" style=\"aspect-ratio:4\/3;object-fit:cover\" \/><\/figure>\n\n\n\n<div class=\"wp-block-group has-global-padding is-layout-constrained wp-container-core-group-is-layout-86dba5ee wp-block-group-is-layout-constrained\" style=\"padding-top:var(--wp--preset--spacing--10);padding-right:var(--wp--preset--spacing--10);padding-bottom:var(--wp--preset--spacing--10);padding-left:var(--wp--preset--spacing--10)\">\n<div class=\"wp-block-group has-global-padding is-layout-constrained wp-container-core-group-is-layout-e555385e wp-block-group-is-layout-constrained\">\n<p class=\"has-text-align-center gt-rotated has-accent-color has-text-color has-link-color has-caveat-font-family has-large-font-size wp-elements-005c35a45e8eeafe15ab6182ad9cdba1\" style=\"font-style:normal;font-weight:500\">Ontdek<\/p>\n\n\n\n<p class=\"has-text-align-center has-base-color has-text-color has-link-color has-caveat-font-family has-large-font-size wp-elements-0d156a93fb2aa5049bd2c20f062aa661\" style=\"font-style:normal;font-weight:400\">Vrijetijds- en avonturenpark<\/p>\n<\/div>\n\n\n\n<p class=\"has-text-align-center has-medium-font-size\" style=\"font-style:normal;font-weight:400\">Onze selectie van familiethemaparken: accrobranche, reuze ma\u00efsdoolhof, paintball&#8230;<\/p>\n\n\n\n<div class=\"wp-block-group is-nowrap is-layout-flex wp-container-core-group-is-layout-37505225 wp-block-group-is-layout-flex\">\n<p class=\"has-base-color has-text-color has-link-color wp-elements-ca6bef4703fb7078f8a8b9ad071ad1aa\" style=\"font-size:0.8rem\">Lees meer<\/p>\n\n\n\n<figure class=\"wp-block-image size-full is-resized\" style=\"margin-top:0;margin-right:0;margin-bottom:0;margin-left:0\"><img decoding=\"async\" width=\"68\" height=\"64\" src=\"https:\/\/camping-benodet-vacances.com\/wp-content\/uploads\/2024\/11\/fleche-cercles-1-3-1.png\" alt=\"pijlcirkels 1 3\" class=\"wp-image-2522\" style=\"width:20px;height:auto\" \/><\/figure>\n<\/div>\n<\/div>\n\n\n<a class=\"is-style-lien-cover wp-block-read-more\" href=\"https:\/\/camping-benodet-vacances.com\/nl\/toerisme-finistere\/avonturenparken-finistere\/\" target=\"_self\">Lees verder<span class=\"screen-reader-text\">: Vrijetijds- en avonturenpark<\/span><\/a><\/div>\n\n<\/li><\/ul><\/div>\n<\/div>\n","protected":false},"excerpt":{"rendered":"<p>Pays Fouesnantais Wandelingen rond de camping in B\u00e9nodet Als je een fervent wandelaar bent, zijn er 250 kilometer aan wandelpaden om het rijke natuurlijke erfgoed van het Pays Fouesnantais te ontdekken. Ontdek ook de GR34, die door B\u00e9nodet loopt, en de vele bewegwijzerde routes van de Franse Wandelfederatie in de omgeving van onze 4-sterrencamping in [&hellip;]<\/p>\n","protected":false},"author":1,"featured_media":20444,"parent":25059,"menu_order":0,"comment_status":"closed","ping_status":"closed","template":"","meta":{"_acf_changed":false,"_seopress_robots_primary_cat":"","_seopress_titles_title":"Wandelen in Finist\u00e8re : Wandelroutes en trektochten in Zuid-Finist\u00e8re","_seopress_titles_desc":"Ontdek onze selectie wandelingen vanaf de camping in B\u00e9nodet in Finist\u00e8re: kustpaden, de GR34 douanepad, Bretonse erfgoedwandelingen...","_seopress_robots_index":"","_gt_ctv_global_id":"","_gt_ctv_id_group":false,"inline_featured_image":false,"gt_fse_maillage_image":"https:\/\/camping-benodet-vacances.com\/wp-content\/uploads\/2024\/12\/randonnees-finistere-cta.avif","gt_fse_maillage_titre":"Wandelingen rond de camping","gt_fse_maillage_alt":"Wandelen","gt_fse_maillage_resume":"Ontdek onze selectie wandelingen vanaf de camping in B\u00e9nodet in Finist\u00e8re","footnotes":""},"categories":[27],"tags":[],"class_list":{"0":"post-20434","1":"page","2":"type-page","3":"status-publish","4":"has-post-thumbnail","6":"category-la-region"},"acf":[],"_links":{"self":[{"href":"https:\/\/camping-benodet-vacances.com\/nl\/wp-json\/wp\/v2\/pages\/20434","targetHints":{"allow":["GET"]}}],"collection":[{"href":"https:\/\/camping-benodet-vacances.com\/nl\/wp-json\/wp\/v2\/pages"}],"about":[{"href":"https:\/\/camping-benodet-vacances.com\/nl\/wp-json\/wp\/v2\/types\/page"}],"author":[{"embeddable":true,"href":"https:\/\/camping-benodet-vacances.com\/nl\/wp-json\/wp\/v2\/users\/1"}],"replies":[{"embeddable":true,"href":"https:\/\/camping-benodet-vacances.com\/nl\/wp-json\/wp\/v2\/comments?post=20434"}],"version-history":[{"count":9,"href":"https:\/\/camping-benodet-vacances.com\/nl\/wp-json\/wp\/v2\/pages\/20434\/revisions"}],"predecessor-version":[{"id":30773,"href":"https:\/\/camping-benodet-vacances.com\/nl\/wp-json\/wp\/v2\/pages\/20434\/revisions\/30773"}],"up":[{"embeddable":true,"href":"https:\/\/camping-benodet-vacances.com\/nl\/wp-json\/wp\/v2\/pages\/25059"}],"wp:featuredmedia":[{"embeddable":true,"href":"https:\/\/camping-benodet-vacances.com\/nl\/wp-json\/wp\/v2\/media\/20444"}],"wp:attachment":[{"href":"https:\/\/camping-benodet-vacances.com\/nl\/wp-json\/wp\/v2\/media?parent=20434"}],"wp:term":[{"taxonomy":"category","embeddable":true,"href":"https:\/\/camping-benodet-vacances.com\/nl\/wp-json\/wp\/v2\/categories?post=20434"},{"taxonomy":"post_tag","embeddable":true,"href":"https:\/\/camping-benodet-vacances.com\/nl\/wp-json\/wp\/v2\/tags?post=20434"}],"curies":[{"name":"wp","href":"https:\/\/api.w.org\/{rel}","templated":true}]}}