{"id":20652,"date":"2024-11-18T16:48:29","date_gmt":"2024-11-18T15:48:29","guid":{"rendered":"https:\/\/www.camping-benodet-vacances.com\/ancv-camping-benodet\/"},"modified":"2026-04-23T08:50:19","modified_gmt":"2026-04-23T06:50:19","slug":"ancv-kamperen-benodet","status":"publish","type":"page","link":"https:\/\/camping-benodet-vacances.com\/nl\/ancv-kamperen-benodet\/","title":{"rendered":"ANCV camping in Bretagne, Zuid-Finist\u00e8re"},"content":{"rendered":"\n<div class=\"wp-block-group alignwide is-layout-flow wp-block-group-is-layout-flow\">\n<div style=\"height:6rem\" aria-hidden=\"true\" class=\"wp-block-spacer gt-hide-mobile\"><\/div>\n\n\n\n<div class=\"wp-block-columns alignwide is-layout-flex wp-container-core-columns-is-layout-7fc3d43a wp-block-columns-is-layout-flex\">\n<div class=\"wp-block-column is-layout-flow wp-block-column-is-layout-flow\">\n<p class=\"gt-rotated gt-negative-left has-accent-color has-text-color has-link-color has-caveat-font-family wp-elements-de4fcaae03795455b212fbb6260e2587\" style=\"font-size:clamp(2.418rem, 2.418rem + ((1vw - 0.2rem) * 3.47), 4.5rem);\">Vakantiebonnen<\/p>\n\n\n\n<h1 class=\"wp-block-heading has-base-color has-text-color has-link-color has-x-large-font-size wp-elements-6862a05c93bcb6d33a9aa6ebef10ece1\" style=\"font-style:normal;font-weight:600;text-transform:uppercase\">Denk aan het ANCV voor uw verblijf in Bretagne<\/h1>\n\n\n\n<h2 class=\"wp-block-heading has-base-color has-text-color has-link-color has-large-font-size wp-elements-bf283260c88acb84df5a7981381a9f67\" style=\"font-style:normal;font-weight:600;text-transform:uppercase\">Uw camping in Bretagne accepteert ANCV<\/h2>\n\n\n    <div id=\"gt-fse-lire-plus-69f0c9e4059ea\" class=\"gt-fse-lire-plus\" data-min-height=\"130\" style=\"background-color: #f9f2e8;\">\n        <input id=\"gt-fse-lire-plus-69f0c9e4059ea-toggle\" type=\"checkbox\" class=\"gt-fse-lire-plus__toggle\" \/>\n        <label for=\"gt-fse-lire-plus-69f0c9e4059ea-toggle\" class=\"gt-fse-lire-plus__toggle-label\">\n            <span>Meer lezen<\/span>\n            <span>Minder lezen<\/span>\n        <\/label>\n        <div class=\"gt-fse-lire-plus__content\" style=\"height: 130px;\">\n            \n\n<p><strong>Vakantiecheques<\/strong> (ook wel ANCV-vouchers genoemd) worden sinds 1982 gebruikt in de toeristische sector. Ze zijn in het leven geroepen om de meerderheid van de bevolking in staat te stellen <strong>op vakantie te gaan<\/strong> en worden gebruikt als instrument in de strijd tegen alle vormen van uitsluiting.<\/p>\n\n\n\n<p>Haal het meeste uit uw vakantie met uw vakantiecheques en <strong>bespaar echt geld<\/strong>. Ga er even tussenuit met vakantiecheques en haal het meeste uit uw verblijf. <\/p>\n\n\n\n<p><a href=\"https:\/\/camping-benodet-vacances.com\/nl\/\">Camping La Mer Blanche in B\u00e9nodet<\/a> is een van de 170.000 professionele leden die betaling in vakantiecheques accepteren.<\/p>\n\n\n\n<p>Als je een jaar geen vakantie hebt, maakt dat niet uit: je ANCV-vouchers kunnen het volgende jaar gebruikt worden, want ze zijn <strong>2 jaar geldig<\/strong>. Maar let op. <\/p>\n\n\n\n<p>Vakantiecheques worden <strong>uitgegeven<\/strong> door <strong>ondernemingsraden<\/strong> in <strong>coupures van \u20ac10, \u20ac20, \u20ac25 of \u20ac50<\/strong> (50% betaald door de ondernemingsraad en 50% op eigen kosten).<\/p>\n\n            <div class=\"gt-fse-lire-plus__gradient\" style=\"background: linear-gradient(to bottom,rgba(249,242,232,0) 0%,rgba(249,242,232,1) 100%);\"><\/div>\n        <\/div>\n    <\/div>\n    <\/div>\n\n\n\n<div class=\"wp-block-column is-layout-flow wp-block-column-is-layout-flow\">\n<div class=\"wp-block-group is-content-justification-space-between is-nowrap is-layout-flex wp-container-core-group-is-layout-cb46ffcb wp-block-group-is-layout-flex\">\n<figure class=\"wp-block-image size-full is-style-rounded gt-img-full wp-container-content-9cfa9a5a is-style-rounded--1\"><img decoding=\"async\" width=\"562\" height=\"562\" src=\"https:\/\/camping-benodet-vacances.com\/wp-content\/uploads\/2024\/12\/reelles-economies-pensez-aux-ancv-pour-votre-sejour-en-bretagne.avif\" alt=\"echt besparen denk aan ancv voor je verblijf in bretagne\" class=\"wp-image-14801\" style=\"aspect-ratio:1;object-fit:cover\" srcset=\"https:\/\/camping-benodet-vacances.com\/wp-content\/uploads\/2024\/12\/reelles-economies-pensez-aux-ancv-pour-votre-sejour-en-bretagne.avif 562w, https:\/\/camping-benodet-vacances.com\/wp-content\/uploads\/2024\/12\/reelles-economies-pensez-aux-ancv-pour-votre-sejour-en-bretagne-300x300.jpg 300w, https:\/\/camping-benodet-vacances.com\/wp-content\/uploads\/2024\/12\/reelles-economies-pensez-aux-ancv-pour-votre-sejour-en-bretagne-150x150.jpg 150w, https:\/\/camping-benodet-vacances.com\/wp-content\/uploads\/2024\/12\/reelles-economies-pensez-aux-ancv-pour-votre-sejour-en-bretagne-400x400.jpg 400w\" sizes=\"(max-width: 562px) 100vw, 562px\" \/><\/figure>\n\n\n\n<div data-gt-animation-delay=\"0.6\" class=\"wp-block-group z-index-1 gt-gsap-fadeInUp has-global-padding is-layout-constrained wp-block-group-is-layout-constrained\" style=\"padding-top:53px\">\n<figure data-gt-animation-speed=\"100\" class=\"wp-block-image size-full is-resized gt-dot-deco gt-gsap-parallaxDown\"><img alt=\"Cercle\" decoding=\"async\" width=\"168\" height=\"169\" src=\"https:\/\/camping-benodet-vacances.com\/wp-content\/uploads\/2024\/10\/Circle.svg\" alt=\"\" class=\"wp-image-182\" style=\"width:167px\" \/><\/figure>\n<\/div>\n<\/div>\n<\/div>\n<\/div>\n\n\n\n<div style=\"height:6rem\" aria-hidden=\"true\" class=\"wp-block-spacer gt-hide-mobile\"><\/div>\n<\/div>\n\n<div class=\"wp-block-group alignwide is-layout-flow wp-block-group-is-layout-flow\">\n<div class=\"wp-block-columns alignwide is-layout-flex wp-container-core-columns-is-layout-7fc3d43a wp-block-columns-is-layout-flex\">\n<div class=\"wp-block-column is-layout-flow wp-block-column-is-layout-flow\">\n<div class=\"wp-block-group is-content-justification-space-between is-nowrap is-layout-flex wp-container-core-group-is-layout-4e2e7437 wp-block-group-is-layout-flex\">\n<figure class=\"wp-block-image size-full is-style-rounded gt-img-full wp-container-content-9cfa9a5a is-style-rounded--2\"><img decoding=\"async\" width=\"639\" height=\"639\" src=\"https:\/\/camping-benodet-vacances.com\/wp-content\/uploads\/2024\/12\/comment-regler-votre-sejour-breton-en-cheques-vacances-par-courrier-en-recommande.avif\" alt=\"hoe uw bretonse vakantie betalen met vakantiecheques per aangetekende post\" class=\"wp-image-14803\" style=\"aspect-ratio:1;object-fit:cover\" srcset=\"https:\/\/camping-benodet-vacances.com\/wp-content\/uploads\/2024\/12\/comment-regler-votre-sejour-breton-en-cheques-vacances-par-courrier-en-recommande.avif 639w, https:\/\/camping-benodet-vacances.com\/wp-content\/uploads\/2024\/12\/comment-regler-votre-sejour-breton-en-cheques-vacances-par-courrier-en-recommande-300x300.jpg 300w, https:\/\/camping-benodet-vacances.com\/wp-content\/uploads\/2024\/12\/comment-regler-votre-sejour-breton-en-cheques-vacances-par-courrier-en-recommande-150x150.jpg 150w, https:\/\/camping-benodet-vacances.com\/wp-content\/uploads\/2024\/12\/comment-regler-votre-sejour-breton-en-cheques-vacances-par-courrier-en-recommande-400x400.jpg 400w, https:\/\/camping-benodet-vacances.com\/wp-content\/uploads\/2024\/12\/comment-regler-votre-sejour-breton-en-cheques-vacances-par-courrier-en-recommande-600x600.jpg 600w\" sizes=\"(max-width: 639px) 100vw, 639px\" \/><figcaption class=\"wp-element-caption\">default<\/figcaption><\/figure>\n<\/div>\n<\/div>\n\n\n\n<div class=\"wp-block-column is-layout-flow wp-block-column-is-layout-flow\">\n<p class=\"gt-rotated gt-negative-left has-accent-color has-text-color has-link-color has-caveat-font-family has-xx-large-font-size wp-elements-550969e03e30db21525b86ded9faa4d9\">Per post<\/p>\n\n\n\n<h2 class=\"wp-block-heading has-base-color has-text-color has-link-color has-large-font-size wp-elements-47ffc3fc65d26c431d864b1ae7d852bb\" style=\"font-style:normal;font-weight:600;text-transform:uppercase\"><br \/>Hoe uw vakantie betalen met vakantiecheques<\/h2>\n\n\n\n<p>Op Camping La Mer Blanche in B\u00e9nodet kun je <strong>je verblijf betalen met vakantiecheques<\/strong> van je ondernemingsraad.<\/p>\n\n\n\n<p>Je kunt het <strong>saldo van je verblijf<\/strong> op deze manier betalen, maar je kunt ook <strong>je aanbetaling doen<\/strong>. Het enige wat je hoeft te doen is ons je<strong> vouchers per post<\/strong> sturen (aangetekend voor extra veiligheid). <\/p>\n\n\n    <div id=\"gt-fse-lire-plus-69f0c9e40747f\" class=\"gt-fse-lire-plus\" data-min-height=\"130\" style=\"background-color: #f9f2e8;\">\n        <input id=\"gt-fse-lire-plus-69f0c9e40747f-toggle\" type=\"checkbox\" class=\"gt-fse-lire-plus__toggle\" \/>\n        <label for=\"gt-fse-lire-plus-69f0c9e40747f-toggle\" class=\"gt-fse-lire-plus__toggle-label\">\n            <span>Meer lezen<\/span>\n            <span>Minder lezen<\/span>\n        <\/label>\n        <div class=\"gt-fse-lire-plus__content\" style=\"height: 130px;\">\n            \n\n<p>Bij verzending per post, verdient het de voorkeur een <strong>aangetekende<\/strong> zending (met ontvangstbevestiging, indien mogelijk) te versturen, om de aankomst van uw betaling op camping La Mer Blanche te garanderen.<\/p>\n\n\n\n<p>Er is geen limiet aan het bedrag of het aantal vouchers. Om juridische redenen kan er echter geen wisselgeld worden gegeven voor vakantievouchers. Zorg er dus voor dat je opwaardeert of een andere betaalmethode gebruikt!  <\/p>\n\n\n\n<p>Bel voor meer informatie naar 02 98 57 00 75. Je kunt <strong>nu boeken <\/strong>voor de huur die het beste bij je past. <\/p>\n\n\n\n<p>Voor een verblijf dat altijd goedkoper is, <strong>accepteert<\/strong> onze <a href=\"https:\/\/camping-benodet-vacances.com\/nl\/kamperen-vacaf-benodet\/\">VACAF-camping<\/a> de vouchers van de Caisse d&#8217;Allocations Familiales(<strong>CAF<\/strong>).<\/p>\n\n            <div class=\"gt-fse-lire-plus__gradient\" style=\"background: linear-gradient(to bottom,rgba(249,242,232,0) 0%,rgba(249,242,232,1) 100%);\"><\/div>\n        <\/div>\n    <\/div>\n    <\/div>\n<\/div>\n<\/div>\n\n<div style=\"height:4rem\" aria-hidden=\"true\" class=\"wp-block-spacer gt-hide-mobile\"><\/div>\n\n<div class=\"wp-block-group alignwide has-medium-font-size is-layout-flow wp-block-group-is-layout-flow\">\n<h2 class=\"wp-block-heading h2-like has-base-color has-text-color has-link-color has-large-font-size wp-elements-2026cd098af580ea92ece9cc52ae330f\" style=\"margin-top:0;margin-bottom:-16px;font-style:normal;font-weight:600;text-transform:uppercase\">Alles over onze camping<\/h2>\n\n\n\n<div class=\"wp-block-query alignwide gt-is-slider gt-is-slider-desktop is-layout-flow wp-block-query-is-layout-flow\"><ul class=\"wp-block-post-template is-layout-grid wp-container-core-post-template-is-layout-c37e0d04 wp-block-post-template-is-layout-grid\"><li class=\"wp-block-post post-20601 page type-page status-publish has-post-thumbnail\">\n\n<div class=\"wp-block-group overflow-hidden has-base-2-background-color has-background has-global-padding is-layout-constrained wp-container-core-group-is-layout-95730b41 wp-block-group-is-layout-constrained\" style=\"border-radius:0.5rem;min-height:100%;padding-top:0;padding-bottom:0;box-shadow:var(--wp--preset--shadow--natural)\">\n<figure class=\"wp-block-image\"><img decoding=\"async\" src=\"https:\/\/camping-benodet-vacances.com\/wp-content\/uploads\/2024\/12\/infos-pratiques-contact-acces-camping-benodet-cta.avif\" alt=\"Praktische informatie\" style=\"aspect-ratio:4\/3;object-fit:cover\" \/><\/figure>\n\n\n\n<div class=\"wp-block-group has-global-padding is-layout-constrained wp-container-core-group-is-layout-86dba5ee wp-block-group-is-layout-constrained\" style=\"padding-top:var(--wp--preset--spacing--10);padding-right:var(--wp--preset--spacing--10);padding-bottom:var(--wp--preset--spacing--10);padding-left:var(--wp--preset--spacing--10)\">\n<div class=\"wp-block-group has-global-padding is-layout-constrained wp-container-core-group-is-layout-e555385e wp-block-group-is-layout-constrained\">\n<p class=\"has-text-align-center gt-rotated has-accent-color has-text-color has-link-color has-caveat-font-family has-large-font-size wp-elements-005c35a45e8eeafe15ab6182ad9cdba1\" style=\"font-style:normal;font-weight:500\">Ontdek<\/p>\n\n\n\n<p class=\"has-text-align-center has-base-color has-text-color has-link-color has-caveat-font-family has-large-font-size wp-elements-0d156a93fb2aa5049bd2c20f062aa661\" style=\"font-style:normal;font-weight:400\">Praktische informatie<\/p>\n<\/div>\n\n\n\n<p class=\"has-text-align-center has-medium-font-size\" style=\"font-style:normal;font-weight:400\">Hier vind je alle praktische informatie die je nodig hebt voor je verblijf op de camping<\/p>\n\n\n\n<div class=\"wp-block-group is-nowrap is-layout-flex wp-container-core-group-is-layout-37505225 wp-block-group-is-layout-flex\">\n<p class=\"has-base-color has-text-color has-link-color wp-elements-ca6bef4703fb7078f8a8b9ad071ad1aa\" style=\"font-size:0.8rem\">Lees meer<\/p>\n\n\n\n<figure class=\"wp-block-image size-full is-resized\" style=\"margin-top:0;margin-right:0;margin-bottom:0;margin-left:0\"><img decoding=\"async\" width=\"68\" height=\"64\" src=\"https:\/\/camping-benodet-vacances.com\/wp-content\/uploads\/2024\/11\/fleche-cercles-1-3-1.png\" alt=\"pijlcirkels 1 3\" class=\"wp-image-2522\" style=\"width:20px;height:auto\" \/><\/figure>\n<\/div>\n<\/div>\n\n\n<a class=\"is-style-lien-cover wp-block-read-more\" href=\"https:\/\/camping-benodet-vacances.com\/nl\/praktische-informatie-contact-toegang-camping-benodet\/\" target=\"_self\">Lees verder<span class=\"screen-reader-text\">: Praktische informatie<\/span><\/a><\/div>\n\n<\/li><li class=\"wp-block-post post-20166 page type-page status-publish has-post-thumbnail\">\n\n<div class=\"wp-block-group overflow-hidden has-base-2-background-color has-background has-global-padding is-layout-constrained wp-container-core-group-is-layout-95730b41 wp-block-group-is-layout-constrained\" style=\"border-radius:0.5rem;min-height:100%;padding-top:0;padding-bottom:0;box-shadow:var(--wp--preset--shadow--natural)\">\n<figure class=\"wp-block-image\"><img decoding=\"async\" src=\"https:\/\/camping-benodet-vacances.com\/wp-content\/uploads\/2024\/12\/location-mobil-home-benodet-cta.avif\" alt=\"Onze huuraccommodaties\" style=\"aspect-ratio:4\/3;object-fit:cover\" \/><\/figure>\n\n\n\n<div class=\"wp-block-group has-global-padding is-layout-constrained wp-container-core-group-is-layout-86dba5ee wp-block-group-is-layout-constrained\" style=\"padding-top:var(--wp--preset--spacing--10);padding-right:var(--wp--preset--spacing--10);padding-bottom:var(--wp--preset--spacing--10);padding-left:var(--wp--preset--spacing--10)\">\n<div class=\"wp-block-group has-global-padding is-layout-constrained wp-container-core-group-is-layout-e555385e wp-block-group-is-layout-constrained\">\n<p class=\"has-text-align-center gt-rotated has-accent-color has-text-color has-link-color has-caveat-font-family has-large-font-size wp-elements-005c35a45e8eeafe15ab6182ad9cdba1\" style=\"font-style:normal;font-weight:500\">Ontdek<\/p>\n\n\n\n<p class=\"has-text-align-center has-base-color has-text-color has-link-color has-caveat-font-family has-large-font-size wp-elements-0d156a93fb2aa5049bd2c20f062aa661\" style=\"font-style:normal;font-weight:400\">Onze huuraccommodaties<\/p>\n<\/div>\n\n\n\n<p class=\"has-text-align-center has-medium-font-size\" style=\"font-style:normal;font-weight:400\">Vind de ideale stacaravan voor een onvergetelijk verblijf<\/p>\n\n\n\n<div class=\"wp-block-group is-nowrap is-layout-flex wp-container-core-group-is-layout-37505225 wp-block-group-is-layout-flex\">\n<p class=\"has-base-color has-text-color has-link-color wp-elements-ca6bef4703fb7078f8a8b9ad071ad1aa\" style=\"font-size:0.8rem\">Lees meer<\/p>\n\n\n\n<figure class=\"wp-block-image size-full is-resized\" style=\"margin-top:0;margin-right:0;margin-bottom:0;margin-left:0\"><img decoding=\"async\" width=\"68\" height=\"64\" src=\"https:\/\/camping-benodet-vacances.com\/wp-content\/uploads\/2024\/11\/fleche-cercles-1-3-1.png\" alt=\"pijlcirkels 1 3\" class=\"wp-image-2522\" style=\"width:20px;height:auto\" \/><\/figure>\n<\/div>\n<\/div>\n\n\n<a class=\"is-style-lien-cover wp-block-read-more\" href=\"https:\/\/camping-benodet-vacances.com\/nl\/locatie-stacaravan-benodet\/\" target=\"_self\">Lees verder<span class=\"screen-reader-text\">: Onze huuraccommodaties<\/span><\/a><\/div>\n\n<\/li><li class=\"wp-block-post post-20668 page type-page status-publish has-post-thumbnail\">\n\n<div class=\"wp-block-group overflow-hidden has-base-2-background-color has-background has-global-padding is-layout-constrained wp-container-core-group-is-layout-95730b41 wp-block-group-is-layout-constrained\" style=\"border-radius:0.5rem;min-height:100%;padding-top:0;padding-bottom:0;box-shadow:var(--wp--preset--shadow--natural)\">\n<figure class=\"wp-block-image\"><img decoding=\"async\" src=\"https:\/\/camping-benodet-vacances.com\/wp-content\/uploads\/2024\/12\/camping-pas-cher-benodet-cta.avif\" alt=\"Onze promoties\" style=\"aspect-ratio:4\/3;object-fit:cover\" \/><\/figure>\n\n\n\n<div class=\"wp-block-group has-global-padding is-layout-constrained wp-container-core-group-is-layout-86dba5ee wp-block-group-is-layout-constrained\" style=\"padding-top:var(--wp--preset--spacing--10);padding-right:var(--wp--preset--spacing--10);padding-bottom:var(--wp--preset--spacing--10);padding-left:var(--wp--preset--spacing--10)\">\n<div class=\"wp-block-group has-global-padding is-layout-constrained wp-container-core-group-is-layout-e555385e wp-block-group-is-layout-constrained\">\n<p class=\"has-text-align-center gt-rotated has-accent-color has-text-color has-link-color has-caveat-font-family has-large-font-size wp-elements-005c35a45e8eeafe15ab6182ad9cdba1\" style=\"font-style:normal;font-weight:500\">Ontdek<\/p>\n\n\n\n<p class=\"has-text-align-center has-base-color has-text-color has-link-color has-caveat-font-family has-large-font-size wp-elements-0d156a93fb2aa5049bd2c20f062aa661\" style=\"font-style:normal;font-weight:400\">Onze promoties<\/p>\n<\/div>\n\n\n\n<p class=\"has-text-align-center has-medium-font-size\" style=\"font-style:normal;font-weight:400\">Krijg de beste waarde voor je verblijf<\/p>\n\n\n\n<div class=\"wp-block-group is-nowrap is-layout-flex wp-container-core-group-is-layout-37505225 wp-block-group-is-layout-flex\">\n<p class=\"has-base-color has-text-color has-link-color wp-elements-ca6bef4703fb7078f8a8b9ad071ad1aa\" style=\"font-size:0.8rem\">Lees meer<\/p>\n\n\n\n<figure class=\"wp-block-image size-full is-resized\" style=\"margin-top:0;margin-right:0;margin-bottom:0;margin-left:0\"><img decoding=\"async\" width=\"68\" height=\"64\" src=\"https:\/\/camping-benodet-vacances.com\/wp-content\/uploads\/2024\/11\/fleche-cercles-1-3-1.png\" alt=\"pijlcirkels 1 3\" class=\"wp-image-2522\" style=\"width:20px;height:auto\" \/><\/figure>\n<\/div>\n<\/div>\n\n\n<a class=\"is-style-lien-cover wp-block-read-more\" href=\"https:\/\/camping-benodet-vacances.com\/nl\/goedkope-camping-in-benodet\/\" target=\"_self\">Lees verder<span class=\"screen-reader-text\">: Tarieven<\/span><\/a><\/div>\n\n<\/li><\/ul><\/div>\n<\/div>\n","protected":false},"excerpt":{"rendered":"<p>Vakantiebonnen Denk aan het ANCV voor uw verblijf in Bretagne Uw camping in Bretagne accepteert ANCV Per post Hoe uw vakantie betalen met vakantiecheques Op Camping La Mer Blanche in B\u00e9nodet kun je je verblijf betalen met vakantiecheques van je ondernemingsraad. Je kunt het saldo van je verblijf op deze manier betalen, maar je kunt [&hellip;]<\/p>\n","protected":false},"author":1,"featured_media":20660,"parent":0,"menu_order":0,"comment_status":"closed","ping_status":"closed","template":"","meta":{"_acf_changed":false,"_seopress_robots_primary_cat":"","_seopress_titles_title":"Camping ANCV B\u00e9nodet : Camping die vakantiecheques accepteert in Zuid-Finist\u00e8re","_seopress_titles_desc":"Gebruik uw ANCV vakantiecheques voor uw verblijf in Finist\u00e8re en profiteer van het waterpark met glijbanen en animaties op onze campingclub.","_seopress_robots_index":"","_gt_ctv_global_id":"","_gt_ctv_id_group":false,"inline_featured_image":false,"gt_fse_maillage_image":"https:\/\/camping-benodet-vacances.com\/wp-content\/uploads\/2024\/12\/ancv-camping-benodet-cta.avif","gt_fse_maillage_titre":"Vakantiebonnen","gt_fse_maillage_alt":"Vakantiebonnen","gt_fse_maillage_resume":"Gebruik uw ANCV vakantiecheques voor uw verblijf","footnotes":""},"categories":[],"tags":[],"class_list":["post-20652","page","type-page","status-publish","has-post-thumbnail"],"acf":[],"_links":{"self":[{"href":"https:\/\/camping-benodet-vacances.com\/nl\/wp-json\/wp\/v2\/pages\/20652","targetHints":{"allow":["GET"]}}],"collection":[{"href":"https:\/\/camping-benodet-vacances.com\/nl\/wp-json\/wp\/v2\/pages"}],"about":[{"href":"https:\/\/camping-benodet-vacances.com\/nl\/wp-json\/wp\/v2\/types\/page"}],"author":[{"embeddable":true,"href":"https:\/\/camping-benodet-vacances.com\/nl\/wp-json\/wp\/v2\/users\/1"}],"replies":[{"embeddable":true,"href":"https:\/\/camping-benodet-vacances.com\/nl\/wp-json\/wp\/v2\/comments?post=20652"}],"version-history":[{"count":9,"href":"https:\/\/camping-benodet-vacances.com\/nl\/wp-json\/wp\/v2\/pages\/20652\/revisions"}],"predecessor-version":[{"id":30846,"href":"https:\/\/camping-benodet-vacances.com\/nl\/wp-json\/wp\/v2\/pages\/20652\/revisions\/30846"}],"wp:featuredmedia":[{"embeddable":true,"href":"https:\/\/camping-benodet-vacances.com\/nl\/wp-json\/wp\/v2\/media\/20660"}],"wp:attachment":[{"href":"https:\/\/camping-benodet-vacances.com\/nl\/wp-json\/wp\/v2\/media?parent=20652"}],"wp:term":[{"taxonomy":"category","embeddable":true,"href":"https:\/\/camping-benodet-vacances.com\/nl\/wp-json\/wp\/v2\/categories?post=20652"},{"taxonomy":"post_tag","embeddable":true,"href":"https:\/\/camping-benodet-vacances.com\/nl\/wp-json\/wp\/v2\/tags?post=20652"}],"curies":[{"name":"wp","href":"https:\/\/api.w.org\/{rel}","templated":true}]}}