{"id":25053,"date":"2025-09-01T14:34:12","date_gmt":"2025-09-01T12:34:12","guid":{"rendered":"https:\/\/camping-benodet-vacances.com\/?page_id=25053"},"modified":"2026-04-17T10:32:34","modified_gmt":"2026-04-17T08:32:34","slug":"wat-te-doen-in-benodet-als-het-regent","status":"publish","type":"page","link":"https:\/\/camping-benodet-vacances.com\/nl\/toerisme-benodet-finistere\/wat-te-doen-in-benodet-als-het-regent\/","title":{"rendered":"Wat te doen in B\u00e9nodet als het regent?"},"content":{"rendered":"\n<div class=\"wp-block-group alignwide has-global-padding is-layout-constrained wp-block-group-is-layout-constrained\">\n<div style=\"height:6rem\" aria-hidden=\"true\" class=\"wp-block-spacer gt-hide-mobile\"><\/div>\n\n\n\n<div class=\"wp-block-columns alignwide is-layout-flex wp-container-core-columns-is-layout-7fc3d43a wp-block-columns-is-layout-flex\">\n<div class=\"wp-block-column is-layout-flow wp-block-column-is-layout-flow\">\n<p class=\"gt-rotated gt-negative-left has-accent-color has-text-color has-link-color has-caveat-font-family wp-elements-2b2ad0cfa90cceda6d7bce3af6dbe7ee\" style=\"font-size:clamp(2.418rem, 2.418rem + ((1vw - 0.2rem) * 3.47), 4.5rem);\">B\u00e9nodet in de regen  <\/p>\n\n\n\n<h1 class=\"wp-block-heading has-base-color has-text-color has-link-color has-x-large-font-size wp-elements-30f821a460af0bdc0084097cca23313e\" style=\"font-style:normal;font-weight:600;text-transform:uppercase\"><br \/><strong>Wat te doen in B\u00e9nodet als het regent?<\/strong><\/h1>\n\n\n\n<p><strong>Onze idee\u00ebn voor activiteiten om er het beste van te maken!<\/strong><\/p>\n\n\n\n<p>Hoewel <strong><a href=\"https:\/\/camping-benodet-vacances.com\/nl\/toerisme-benodet-finistere\/\" data-type=\"link\" data-id=\"https:\/\/camping-benodet-vacances.com\/tourisme-benodet-finistere\/\">B\u00e9nodet<\/a><\/strong> staat vaak synoniem voor zon, strand en strandwandelingen, kan het Bretonse weer soms een paar buien met zich meebrengen. Maar geen paniek! <br \/>Bretagne weet hoe het mooi moet zijn, ongeacht het weer, en B\u00e9nodet heeft geen tekort aan activiteiten om je bezig te houden als het bewolkt wordt.<\/p>\n\n\n\n<p>Wat kun je doen in B\u00e9nodet als het regent?  <\/p>\n\n\n\n<p>We geven je onze <strong>beste idee\u00ebn om van je vakantie te genieten, zelfs in de regen, tijdens je verblijf op Camping La Mer Blanche in B\u00e9nodet.<\/strong><\/p>\n<\/div>\n\n\n\n<div class=\"wp-block-column is-layout-flow wp-block-column-is-layout-flow\">\n<div class=\"wp-block-group is-content-justification-space-between is-nowrap is-layout-flex wp-container-core-group-is-layout-cb46ffcb wp-block-group-is-layout-flex\">\n<figure class=\"wp-block-gallery has-nested-images columns-default is-cropped wp-block-gallery-2 is-layout-flex wp-block-gallery-is-layout-flex\">\n<figure class=\"wp-block-image size-full has-custom-border is-style-rounded gt-img-full wp-container-content-9cfa9a5a is-style-rounded--1\"><img alt=\"\" decoding=\"async\" width=\"700\" height=\"525\" data-id=\"22584\" src=\"https:\/\/camping-benodet-vacances.com\/wp-content\/uploads\/2025\/04\/benodetmerb.jpg\" alt=\"\" class=\"wp-image-22584\" style=\"border-style:none;border-width:0px;border-radius:0px;aspect-ratio:1;object-fit:cover\" srcset=\"https:\/\/camping-benodet-vacances.com\/wp-content\/uploads\/2025\/04\/benodetmerb.jpg 700w, https:\/\/camping-benodet-vacances.com\/wp-content\/uploads\/2025\/04\/benodetmerb-300x225.jpg 300w\" sizes=\"(max-width: 700px) 100vw, 700px\" \/><\/figure>\n<\/figure>\n\n\n\n<div data-gt-animation-delay=\"0.6\" class=\"wp-block-group z-index-1 gt-gsap-fadeInUp has-global-padding is-layout-constrained wp-block-group-is-layout-constrained\" style=\"padding-top:53px\">\n<figure data-gt-animation-speed=\"100\" class=\"wp-block-image size-full is-resized gt-dot-deco gt-gsap-parallaxDown\"><img alt=\"Cercle\" decoding=\"async\" width=\"168\" height=\"169\" src=\"https:\/\/camping-benodet-vacances.com\/wp-content\/uploads\/2024\/10\/Circle.svg\" alt=\"\" class=\"wp-image-182\" style=\"width:167px\" \/><\/figure>\n<\/div>\n<\/div>\n<\/div>\n<\/div>\n<\/div>\n\n<div class=\"wp-block-group alignwide has-global-padding is-layout-constrained wp-block-group-is-layout-constrained\">\n<div style=\"height:6rem\" aria-hidden=\"true\" class=\"wp-block-spacer gt-hide-mobile\"><\/div>\n\n\n\n<div class=\"wp-block-columns alignwide is-layout-flex wp-container-core-columns-is-layout-7fc3d43a wp-block-columns-is-layout-flex\">\n<div class=\"wp-block-column is-layout-flow wp-block-column-is-layout-flow\">\n<div class=\"wp-block-group is-content-justification-space-between is-nowrap is-layout-flex wp-container-core-group-is-layout-4e2e7437 wp-block-group-is-layout-flex\">\n<figure class=\"wp-block-gallery has-nested-images columns-default is-cropped wp-block-gallery-3 is-layout-flex wp-block-gallery-is-layout-flex\">\n<figure class=\"wp-block-image size-large\"><img alt=\"\" decoding=\"async\" width=\"1024\" height=\"681\" data-id=\"22573\" src=\"https:\/\/camping-benodet-vacances.com\/wp-content\/uploads\/2025\/04\/c0eae5028c132dfe91312fb587231467-1024x681.webp\" alt=\"\" class=\"wp-image-22573\" srcset=\"https:\/\/camping-benodet-vacances.com\/wp-content\/uploads\/2025\/04\/c0eae5028c132dfe91312fb587231467-1024x681.webp 1024w, https:\/\/camping-benodet-vacances.com\/wp-content\/uploads\/2025\/04\/c0eae5028c132dfe91312fb587231467-300x200.webp 300w, https:\/\/camping-benodet-vacances.com\/wp-content\/uploads\/2025\/04\/c0eae5028c132dfe91312fb587231467-768x511.webp 768w, https:\/\/camping-benodet-vacances.com\/wp-content\/uploads\/2025\/04\/c0eae5028c132dfe91312fb587231467-1536x1022.webp 1536w, https:\/\/camping-benodet-vacances.com\/wp-content\/uploads\/2025\/04\/c0eae5028c132dfe91312fb587231467-2048x1362.webp 2048w\" sizes=\"(max-width: 1024px) 100vw, 1024px\" \/><\/figure>\n<\/figure>\n<\/div>\n<\/div>\n\n\n\n<div class=\"wp-block-column is-layout-flow wp-block-column-is-layout-flow\">\n<p class=\"gt-rotated gt-negative-left has-accent-color has-text-color has-link-color has-caveat-font-family has-xx-large-font-size wp-elements-a249ff54be9254b8788cffbeba9f8173\"><strong>Een niet te missen vakantie voor fijnproevers<\/strong><\/p>\n\n\n\n<h2 class=\"wp-block-heading has-base-color has-text-color has-link-color has-large-font-size wp-elements-89ee1115e24b4d1453fa52bd83cd19fa\" style=\"font-style:normal;font-weight:600;text-transform:uppercase\"><strong>Bezoek een traditionele Bretonse koekjesfabriek  <\/strong><\/h2>\n\n\n\n<p>Regenachtige dagen zijn perfect voor een gastronomisch uitje.  <\/p>\n\n\n\n<p><strong><a href=\"https:\/\/www.biscuiterie-garrec.fr\/\" data-type=\"link\" data-id=\"https:\/\/www.biscuiterie-garrec.fr\/\" target=\"_blank\" rel=\"noopener\">Biscuiterie Fran\u00e7ois Garrec<\/a><\/strong> De Biscuiterie Fran\u00e7ois Garrec, in de buurt van B\u00e9nodet, opent haar deuren voor je om de geheimen van het maken van Bretonse galettes, palets en kouign-amann te ontdekken. <br \/>Geniet van de aroma&#8217;s van gezouten boter en karamel terwijl je deelneemt aan een gezellige proeverij. <\/p>\n\n\n\n<p>Een leuke en heerlijke ervaring voor het hele gezin, met een typisch Bretonse touch.<\/p>\n<\/div>\n<\/div>\n<\/div>\n\n<div class=\"wp-block-group alignwide has-global-padding is-layout-constrained wp-block-group-is-layout-constrained\">\n<div style=\"height:6rem\" aria-hidden=\"true\" class=\"wp-block-spacer gt-hide-mobile\"><\/div>\n\n\n\n<div class=\"wp-block-columns alignwide is-layout-flex wp-container-core-columns-is-layout-7fc3d43a wp-block-columns-is-layout-flex\">\n<div class=\"wp-block-column is-layout-flow wp-block-column-is-layout-flow\">\n<p class=\"gt-rotated gt-negative-left has-accent-color has-text-color has-link-color has-caveat-font-family wp-elements-27187e5136ff0e17f31b269f99f7133a\" style=\"font-size:clamp(2.418rem, 2.418rem + ((1vw - 0.2rem) * 3.47), 4.5rem);\"><strong>Cultuur en erfgoed onder dekking<\/strong><\/p>\n\n\n\n<h2 class=\"wp-block-heading has-base-color has-text-color has-link-color has-x-large-font-size wp-elements-3846a4111600b482a760ebed0a272198\" style=\"font-style:normal;font-weight:600;text-transform:uppercase\"><strong>Ontdek de niet te missen musea in Zuid-Finist\u00e8re  <\/strong><\/h2>\n\n\n\n<p>Zuid-Finist\u00e8re heeft een schat aan fascinerende musea om er even helemaal tussenuit te zijn en toch droog te blijven.  <\/p>\n\n\n\n<p>Het <strong><a href=\"https:\/\/www.benodet.fr\/en\/home\/\" data-type=\"link\" data-id=\"https:\/\/www.benodet.fr\/patrimoine-culturel\/musee-du-bord-de-mer\/\" target=\"_blank\" rel=\"noopener nofollow\">Mus\u00e9e du Bord de Mer <\/a>in B\u00e9nodet<\/strong> biedt een uniek inzicht in de plaatselijke maritieme geschiedenis. <br \/>Op een paar kilometer afstand ligt het <strong><a href=\"https:\/\/www.quimper-tourisme.bzh\/patrimoine_culture\/musee-departemental-breton\/\" data-type=\"link\" data-id=\"https:\/\/www.quimper-tourisme.bzh\/patrimoine_culture\/musee-departemental-breton\/\" target=\"_blank\" rel=\"noopener\">Departementaal Museum van Bretagne in Quimper<\/a><\/strong> de artistieke en culturele rijkdom van de regio. <br \/>Voor liefhebbers van de traditionele visserij is er het <strong><a href=\"https:\/\/www.tourismebretagne.com\/preparer-mon-sejour\/bouger-visiter\/toutes-les-activites\/musee-de-la-peche-concarneau-fr-2016703\/\" data-type=\"link\" data-id=\"https:\/\/www.tourismebretagne.com\/offres\/musee-de-la-peche-concarneau-fr-2016703\/\" target=\"_blank\" rel=\"noopener nofollow\">Visserijmuseum<\/a><\/strong> in <strong>Concarneau <\/strong>een must, terwijl kunstliefhebbers hun hart kunnen ophalen in het <strong>Mus\u00e9e de Pont-Aven<\/strong>.<\/p>\n\n\n\n<p>Deze bezoeken zijn ideaal om je verblijf te verrijken, zelfs onder een grijze hemel.<\/p>\n<\/div>\n\n\n\n<div class=\"wp-block-column is-layout-flow wp-block-column-is-layout-flow\">\n<div class=\"wp-block-group is-content-justification-space-between is-nowrap is-layout-flex wp-container-core-group-is-layout-cb46ffcb wp-block-group-is-layout-flex\">\n<figure class=\"wp-block-image size-full has-custom-border is-style-rounded gt-img-full wp-container-content-9cfa9a5a is-style-rounded--4\"><img alt=\"\" decoding=\"async\" width=\"1004\" height=\"555\" src=\"https:\/\/camping-benodet-vacances.com\/wp-content\/uploads\/2025\/04\/touristique-bretagne-lm-3.jpg\" alt=\"\" class=\"wp-image-22564\" style=\"border-style:none;border-width:0px;border-radius:0px;aspect-ratio:1;object-fit:cover\" srcset=\"https:\/\/camping-benodet-vacances.com\/wp-content\/uploads\/2025\/04\/touristique-bretagne-lm-3.jpg 1004w, https:\/\/camping-benodet-vacances.com\/wp-content\/uploads\/2025\/04\/touristique-bretagne-lm-3-300x166.jpg 300w, https:\/\/camping-benodet-vacances.com\/wp-content\/uploads\/2025\/04\/touristique-bretagne-lm-3-768x425.jpg 768w\" sizes=\"(max-width: 1004px) 100vw, 1004px\" \/><\/figure>\n\n\n\n<div data-gt-animation-delay=\"0.6\" class=\"wp-block-group z-index-1 gt-gsap-fadeInUp has-global-padding is-layout-constrained wp-block-group-is-layout-constrained\" style=\"padding-top:53px\">\n<figure data-gt-animation-speed=\"100\" class=\"wp-block-image size-full is-resized gt-dot-deco gt-gsap-parallaxDown\"><img alt=\"Cercle\" decoding=\"async\" width=\"168\" height=\"169\" src=\"https:\/\/camping-benodet-vacances.com\/wp-content\/uploads\/2024\/10\/Circle.svg\" alt=\"\" class=\"wp-image-182\" style=\"width:167px\" \/><\/figure>\n<\/div>\n<\/div>\n<\/div>\n<\/div>\n<\/div>\n\n<div class=\"wp-block-group alignwide has-global-padding is-layout-constrained wp-block-group-is-layout-constrained\">\n<div style=\"height:6rem\" aria-hidden=\"true\" class=\"wp-block-spacer gt-hide-mobile\"><\/div>\n\n\n\n<div class=\"wp-block-columns alignwide is-layout-flex wp-container-core-columns-is-layout-7fc3d43a wp-block-columns-is-layout-flex\">\n<div class=\"wp-block-column is-layout-flow wp-block-column-is-layout-flow\">\n<h2 class=\"wp-block-heading has-base-color has-text-color has-link-color has-x-large-font-size wp-elements-ad32f7e3cf742411dd2becab1b34ee87\" style=\"font-style:normal;font-weight:600;text-transform:uppercase\"><strong>Bezoek een ciderhuis op 5 minuten van de camping<\/strong><\/h2>\n\n\n\n<p><strong>Bretonse smaken beschut tegen de regen<\/strong> <strong>!<\/strong><\/p>\n\n\n\n<p>Als het regent tijdens uw vakantie in B\u00e9nodet, is er niets beter dan de ambachtelijke ciderfabrieken van Zuid-Finist\u00e8re te ontdekken, op slechts enkele minuten van camping La Mer Blanche. <strong>La <a href=\"https:\/\/maisondeperguet.com\/\" data-type=\"link\" data-id=\"https:\/\/www.maisondeperguet.com\/\" target=\"_blank\" rel=\"noopener nofollow\">Cidrerie Maison de Perguet<\/a><\/strong>; <a href=\"https:\/\/www.cidrerie-de-menez-brug.com\/\" data-type=\"link\" data-id=\"https:\/\/www.cidrerie-de-menez-brug.com\/\" target=\"_blank\" rel=\"noopener\"><strong>Cidrerie Menez Brug in Fouesnant.<\/strong><\/a><br \/><br \/>Deze rondleidingen nemen je mee naar het hart van de traditionele Bretonse ciderproductie. Je leert alles over de lokale appelsoorten, de technieken die worden gebruikt om biologische, zoete of brut cider te maken en natuurlijk neem je deel aan een gezellige proeverij. <\/p>\n\n\n\n<p>Het is een authentiek, gastronomisch uitje, perfect om optimaal te profiteren van een bewolkte dag zonder de Bretonse sfeer te verlaten.<\/p>\n<\/div>\n\n\n\n<div class=\"wp-block-column is-layout-flow wp-block-column-is-layout-flow\">\n<div class=\"wp-block-group is-content-justification-space-between is-nowrap is-layout-flex wp-container-core-group-is-layout-cb46ffcb wp-block-group-is-layout-flex\">\n<figure class=\"wp-block-image size-full has-custom-border is-style-rounded gt-img-full wp-container-content-9cfa9a5a is-style-rounded--5\"><img alt=\"\" decoding=\"async\" width=\"2560\" height=\"1707\" src=\"https:\/\/camping-benodet-vacances.com\/wp-content\/uploads\/2025\/04\/maison-de-perguet-019-scaled-1.jpg\" alt=\"\" class=\"wp-image-22567\" style=\"border-style:none;border-width:0px;border-radius:0px;aspect-ratio:1;object-fit:cover\" srcset=\"https:\/\/camping-benodet-vacances.com\/wp-content\/uploads\/2025\/04\/maison-de-perguet-019-scaled-1.jpg 2560w, https:\/\/camping-benodet-vacances.com\/wp-content\/uploads\/2025\/04\/maison-de-perguet-019-scaled-1-300x200.jpg 300w, https:\/\/camping-benodet-vacances.com\/wp-content\/uploads\/2025\/04\/maison-de-perguet-019-scaled-1-1024x683.jpg 1024w, https:\/\/camping-benodet-vacances.com\/wp-content\/uploads\/2025\/04\/maison-de-perguet-019-scaled-1-768x512.jpg 768w, https:\/\/camping-benodet-vacances.com\/wp-content\/uploads\/2025\/04\/maison-de-perguet-019-scaled-1-1536x1024.jpg 1536w, https:\/\/camping-benodet-vacances.com\/wp-content\/uploads\/2025\/04\/maison-de-perguet-019-scaled-1-2048x1366.jpg 2048w\" sizes=\"(max-width: 2560px) 100vw, 2560px\" \/><\/figure>\n\n\n\n<div data-gt-animation-delay=\"0.6\" class=\"wp-block-group z-index-1 gt-gsap-fadeInUp has-global-padding is-layout-constrained wp-block-group-is-layout-constrained\" style=\"padding-top:53px\">\n<figure data-gt-animation-speed=\"100\" class=\"wp-block-image size-full is-resized gt-dot-deco gt-gsap-parallaxDown\"><img alt=\"Cercle\" decoding=\"async\" width=\"168\" height=\"169\" src=\"https:\/\/camping-benodet-vacances.com\/wp-content\/uploads\/2024\/10\/Circle.svg\" alt=\"\" class=\"wp-image-182\" style=\"width:167px\" \/><\/figure>\n<\/div>\n<\/div>\n<\/div>\n<\/div>\n<\/div>\n\n<div class=\"wp-block-group alignwide has-global-padding is-layout-constrained wp-block-group-is-layout-constrained\">\n<div style=\"height:6rem\" aria-hidden=\"true\" class=\"wp-block-spacer gt-hide-mobile\"><\/div>\n\n\n\n<div class=\"wp-block-columns alignwide is-layout-flex wp-container-core-columns-is-layout-7fc3d43a wp-block-columns-is-layout-flex\">\n<div class=\"wp-block-column is-layout-flow wp-block-column-is-layout-flow\">\n<div class=\"wp-block-group is-content-justification-space-between is-nowrap is-layout-flex wp-container-core-group-is-layout-4e2e7437 wp-block-group-is-layout-flex\">\n<figure class=\"wp-block-image size-full is-style-rounded gt-img-full wp-container-content-9cfa9a5a is-style-rounded--6\"><img alt=\"\" decoding=\"async\" width=\"1920\" height=\"1080\" src=\"https:\/\/camping-benodet-vacances.com\/wp-content\/uploads\/2025\/04\/260624-escalade-web-la-playce.jpg\" alt=\"\" class=\"wp-image-22576\" style=\"aspect-ratio:1;object-fit:cover\" srcset=\"https:\/\/camping-benodet-vacances.com\/wp-content\/uploads\/2025\/04\/260624-escalade-web-la-playce.jpg 1920w, https:\/\/camping-benodet-vacances.com\/wp-content\/uploads\/2025\/04\/260624-escalade-web-la-playce-300x169.jpg 300w, https:\/\/camping-benodet-vacances.com\/wp-content\/uploads\/2025\/04\/260624-escalade-web-la-playce-1024x576.jpg 1024w, https:\/\/camping-benodet-vacances.com\/wp-content\/uploads\/2025\/04\/260624-escalade-web-la-playce-768x432.jpg 768w, https:\/\/camping-benodet-vacances.com\/wp-content\/uploads\/2025\/04\/260624-escalade-web-la-playce-1536x864.jpg 1536w\" sizes=\"(max-width: 1920px) 100vw, 1920px\" \/><figcaption class=\"wp-element-caption\">default<\/figcaption><\/figure>\n<\/div>\n<\/div>\n\n\n\n<div class=\"wp-block-column is-layout-flow wp-block-column-is-layout-flow\">\n<h2 class=\"wp-block-heading has-base-color has-text-color has-link-color has-large-font-size wp-elements-8723256e33211983ad9916734b417c6a\" style=\"font-style:normal;font-weight:600;text-transform:uppercase\"><strong><strong>Indoor activiteiten<\/strong><\/strong><strong>Casino Barri\u00e8re B\u00e9nodet &amp; Parc La Playce Quimper<\/strong><\/h2>\n\n\n\n<p>Geniet in B\u00e9nodet, op een paar minuten van camping La Mer Blanche, van het <a href=\"https:\/\/www.casinosbarriere.com\/benodet\" data-type=\"link\" data-id=\"https:\/\/www.casinosbarriere.com\/benodet\" target=\"_blank\" rel=\"noopener\"><strong>Casino Barri\u00e8re<\/strong>,<\/a> een must voor liefhebbers van spelletjes, shows en lekker eten. Speelautomaten, tafelspellen en regelmatig entertainment zorgen ervoor dat je avonden altijd levendig zijn, zelfs op regenachtige dagen.<\/p>\n\n\n\n<p>Op minder dan 20 minuten rijden met de auto biedt het <strong>overdekte park La Playce <\/strong>in Quimper een scala aan gezinsactiviteiten: indoor surfen, klimmen, bowlen, lasergamen en virtual reality. Het is het perfecte overdekte gezinsuitje in de buurt van B\u00e9nodet, ideaal voor je vakantie in Zuid-Bretagne. <\/p>\n<\/div>\n<\/div>\n<\/div>\n\n<div class=\"wp-block-group alignwide has-global-padding is-layout-constrained wp-block-group-is-layout-constrained\">\n<div style=\"height:6rem\" aria-hidden=\"true\" class=\"wp-block-spacer gt-hide-mobile\"><\/div>\n\n\n\n<div class=\"wp-block-columns alignwide is-layout-flex wp-container-core-columns-is-layout-7fc3d43a wp-block-columns-is-layout-flex\">\n<div class=\"wp-block-column is-layout-flow wp-block-column-is-layout-flow\">\n<p class=\"gt-rotated gt-negative-left has-accent-color has-text-color has-link-color has-caveat-font-family wp-elements-bd2aa54014f768c8e753b076fe7ef5a6\" style=\"font-size:clamp(2.418rem, 2.418rem + ((1vw - 0.2rem) * 3.47), 4.5rem);\"><strong>Laat de regen je vakantie niet bederven<\/strong><\/p>\n\n\n\n<h2 class=\"wp-block-heading has-base-color has-text-color has-link-color has-x-large-font-size wp-elements-e9145acd34e162a0c4a52e511b4c8ad8\" style=\"font-style:normal;font-weight:600;text-transform:uppercase\"><strong>Binnenanimatie op camping La Mer Blanche<\/strong><\/h2>\n\n\n\n<p>Op camping La Mer Blanche zorgen we voor een levendige vakantie, zelfs in de regen! <br \/>Onze <a href=\"https:\/\/camping-benodet-vacances.com\/nl\/camping-animaties-benodet\/\" data-type=\"link\" data-id=\"https:\/\/camping-benodet-vacances.com\/camping-animations-benodet\/\"><strong>animatie <\/strong><\/a>binnenactiviteiten: gezelschapsspelletjes, toernooien, miniclubworkshops voor kinderen en nog veel meer, met een warme en gezellige sfeer, ongeacht het weer.<\/p>\n<\/div>\n\n\n\n<div class=\"wp-block-column is-layout-flow wp-block-column-is-layout-flow\">\n<div class=\"wp-block-group is-content-justification-space-between is-nowrap is-layout-flex wp-container-core-group-is-layout-cb46ffcb wp-block-group-is-layout-flex\">\n<figure class=\"wp-block-image size-full has-custom-border is-style-rounded gt-img-full wp-container-content-9cfa9a5a is-style-rounded--7\"><img alt=\"\" decoding=\"async\" width=\"600\" height=\"400\" src=\"https:\/\/camping-benodet-vacances.com\/wp-content\/uploads\/2025\/04\/mer-blanche-161.jpg\" alt=\"\" class=\"wp-image-22570\" style=\"border-style:none;border-width:0px;border-radius:0px;aspect-ratio:1;object-fit:cover\" srcset=\"https:\/\/camping-benodet-vacances.com\/wp-content\/uploads\/2025\/04\/mer-blanche-161.jpg 600w, https:\/\/camping-benodet-vacances.com\/wp-content\/uploads\/2025\/04\/mer-blanche-161-300x200.jpg 300w\" sizes=\"(max-width: 600px) 100vw, 600px\" \/><\/figure>\n\n\n\n<div data-gt-animation-delay=\"0.6\" class=\"wp-block-group z-index-1 gt-gsap-fadeInUp has-global-padding is-layout-constrained wp-block-group-is-layout-constrained\" style=\"padding-top:53px\">\n<figure data-gt-animation-speed=\"100\" class=\"wp-block-image size-full is-resized gt-dot-deco gt-gsap-parallaxDown\"><img alt=\"Cercle\" decoding=\"async\" width=\"168\" height=\"169\" src=\"https:\/\/camping-benodet-vacances.com\/wp-content\/uploads\/2024\/10\/Circle.svg\" alt=\"\" class=\"wp-image-182\" style=\"width:167px\" \/><\/figure>\n<\/div>\n<\/div>\n<\/div>\n<\/div>\n\n\n\n<p><\/p>\n<\/div>\n","protected":false},"excerpt":{"rendered":"<p>B\u00e9nodet in de regen Wat te doen in B\u00e9nodet als het regent? Onze idee\u00ebn voor activiteiten om er het beste van te maken! Hoewel B\u00e9nodet staat vaak synoniem voor zon, strand en strandwandelingen, kan het Bretonse weer soms een paar buien met zich meebrengen. Maar geen paniek! Bretagne weet hoe het mooi moet zijn, ongeacht [&hellip;]<\/p>\n","protected":false},"author":3,"featured_media":22598,"parent":20237,"menu_order":0,"comment_status":"closed","ping_status":"closed","template":"","meta":{"_acf_changed":false,"_seopress_robots_primary_cat":"","_seopress_titles_title":"B\u00e9nodet als het regent : Wat kun je doen in B\u00e9nodet als het regent? Binnenactiviteiten in B\u00e9nodet ","_seopress_titles_desc":"Wat te doen in B\u00e9nodet als het regent? Binnenactiviteiten, gastronomische bezoeken en Bretonse cultuur om optimaal van je kampeervakantie te genieten, zelfs in de regen. ","_seopress_robots_index":"","_gt_ctv_global_id":"1606","_gt_ctv_id_group":false,"inline_featured_image":false,"gt_fse_maillage_image":"https:\/\/camping-benodet-vacances.com\/wp-content\/uploads\/2025\/04\/benodetmerb-2.jpg","gt_fse_maillage_titre":"Regenachtige dag activiteiten B\u00e9nodet","gt_fse_maillage_alt":"Wat te doen in B\u00e9nodet als het regent?","gt_fse_maillage_resume":"","footnotes":""},"categories":[86],"tags":[],"class_list":{"0":"post-25053","1":"page","2":"type-page","3":"status-publish","4":"has-post-thumbnail","6":"category-de-regio"},"acf":[],"_links":{"self":[{"href":"https:\/\/camping-benodet-vacances.com\/nl\/wp-json\/wp\/v2\/pages\/25053","targetHints":{"allow":["GET"]}}],"collection":[{"href":"https:\/\/camping-benodet-vacances.com\/nl\/wp-json\/wp\/v2\/pages"}],"about":[{"href":"https:\/\/camping-benodet-vacances.com\/nl\/wp-json\/wp\/v2\/types\/page"}],"author":[{"embeddable":true,"href":"https:\/\/camping-benodet-vacances.com\/nl\/wp-json\/wp\/v2\/users\/3"}],"replies":[{"embeddable":true,"href":"https:\/\/camping-benodet-vacances.com\/nl\/wp-json\/wp\/v2\/comments?post=25053"}],"version-history":[{"count":13,"href":"https:\/\/camping-benodet-vacances.com\/nl\/wp-json\/wp\/v2\/pages\/25053\/revisions"}],"predecessor-version":[{"id":31118,"href":"https:\/\/camping-benodet-vacances.com\/nl\/wp-json\/wp\/v2\/pages\/25053\/revisions\/31118"}],"up":[{"embeddable":true,"href":"https:\/\/camping-benodet-vacances.com\/nl\/wp-json\/wp\/v2\/pages\/20237"}],"wp:featuredmedia":[{"embeddable":true,"href":"https:\/\/camping-benodet-vacances.com\/nl\/wp-json\/wp\/v2\/media\/22598"}],"wp:attachment":[{"href":"https:\/\/camping-benodet-vacances.com\/nl\/wp-json\/wp\/v2\/media?parent=25053"}],"wp:term":[{"taxonomy":"category","embeddable":true,"href":"https:\/\/camping-benodet-vacances.com\/nl\/wp-json\/wp\/v2\/categories?post=25053"},{"taxonomy":"post_tag","embeddable":true,"href":"https:\/\/camping-benodet-vacances.com\/nl\/wp-json\/wp\/v2\/tags?post=25053"}],"curies":[{"name":"wp","href":"https:\/\/api.w.org\/{rel}","templated":true}]}}