{"id":25067,"date":"2025-08-20T12:21:32","date_gmt":"2025-08-20T10:21:32","guid":{"rendered":"https:\/\/camping-benodet-vacances.com\/?page_id=25067"},"modified":"2026-04-23T08:41:39","modified_gmt":"2026-04-23T06:41:39","slug":"wandelingen-en-trektochten-in-benodet-rondom-de-camping","status":"publish","type":"page","link":"https:\/\/camping-benodet-vacances.com\/nl\/toerisme-benodet-finistere\/wandelingen-en-trektochten-in-benodet-rondom-de-camping\/","title":{"rendered":"Wandelingen en trektochten in B\u00e9nodet rondom de camping"},"content":{"rendered":"\n<div class=\"wp-block-group alignwide has-global-padding is-layout-constrained wp-block-group-is-layout-constrained\">\n<div style=\"height:6rem\" aria-hidden=\"true\" class=\"wp-block-spacer gt-hide-mobile\"><\/div>\n\n\n\n<div class=\"wp-block-columns alignwide is-layout-flex wp-container-core-columns-is-layout-7fc3d43a wp-block-columns-is-layout-flex\">\n<div class=\"wp-block-column is-layout-flow wp-block-column-is-layout-flow\" style=\"flex-basis:66%\">\n<h1 class=\"wp-block-heading has-base-color has-text-color has-link-color has-x-large-font-size wp-elements-3cc2e1a334dd2db2922d065454170ed4\" style=\"font-style:normal;font-weight:600;text-transform:uppercase\">We hebben de wandelingen rond de camping voor je getest!<\/h1>\n\n\n\n<p>Wilt u de <strong>prachtige natuur<\/strong> rondom onze <a href=\"https:\/\/camping-benodet-vacances.com\/nl\/\">camping in B\u00e9nodet<\/a> ontdekken?<\/p>\n\n\n\n<p>We hebben de <strong>omliggende paden<\/strong> voor je getest en delen ze graag met je!<\/p>\n<\/div>\n\n\n\n<div class=\"wp-block-column is-layout-flow wp-block-column-is-layout-flow\">\n<figure class=\"wp-block-image size-full is-style-rounded gt-img-full wp-container-content-9cfa9a5a is-style-rounded--1\"><img decoding=\"async\" width=\"641\" height=\"361\" src=\"https:\/\/camping-benodet-vacances.com\/wp-content\/uploads\/2024\/12\/magnifiques-paysages-qui-entourent-notre-camping-a-benodet.avif\" alt=\"prachtige landschappen rondom onze camping in benodet\" class=\"wp-image-15805\" style=\"aspect-ratio:16\/9;object-fit:cover\" srcset=\"https:\/\/camping-benodet-vacances.com\/wp-content\/uploads\/2024\/12\/magnifiques-paysages-qui-entourent-notre-camping-a-benodet.avif 641w, https:\/\/camping-benodet-vacances.com\/wp-content\/uploads\/2024\/12\/magnifiques-paysages-qui-entourent-notre-camping-a-benodet-300x169.jpg 300w\" sizes=\"(max-width: 641px) 100vw, 641px\" \/><\/figure>\n<\/div>\n<\/div>\n<\/div>\n\n<div class=\"wp-block-group alignwide has-global-padding is-layout-constrained wp-block-group-is-layout-constrained\">\n<div style=\"height:3rem\" aria-hidden=\"true\" class=\"wp-block-spacer gt-hide-mobile\"><\/div>\n\n\n\n<div class=\"wp-block-columns alignwide is-layout-flex wp-container-core-columns-is-layout-7fc3d43a wp-block-columns-is-layout-flex\">\n<div class=\"wp-block-column is-layout-flow wp-block-column-is-layout-flow\">\n<h2 class=\"wp-block-heading has-base-color has-text-color has-link-color has-large-font-size wp-elements-bba9d15182d51a963aeefdc8c93f929f\" style=\"font-style:normal;font-weight:600;text-transform:uppercase\">Adembenemende landschappen<\/h2>\n\n\n\n<p>Of je nu op zoek bent naar een <strong>ontspannen wandeling<\/strong> of een <strong>meer uitdagende wandeling<\/strong>, er is voor elk wat wils! Je vindt adembenemende landschappen, rustige paden en nieuwe ontdekkingen bij elke bocht. Dus, wie wil met ons mee en deze wandelingen uitproberen op je volgende vakantie?  <\/p>\n<\/div>\n<\/div>\n\n\n\n<div class=\"wp-block-columns alignwide is-layout-flex wp-container-core-columns-is-layout-7fc3d43a wp-block-columns-is-layout-flex\">\n<div class=\"wp-block-column is-layout-flow wp-block-column-is-layout-flow\">\n<figure class=\"wp-block-image size-full is-style-rounded gt-img-full wp-container-content-9cfa9a5a is-style-rounded--2\"><img decoding=\"async\" width=\"641\" height=\"361\" src=\"https:\/\/camping-benodet-vacances.com\/wp-content\/uploads\/2024\/12\/petite-promenade-tranquille.avif\" alt=\"een ontspannen wandeling\" class=\"wp-image-15729\" style=\"aspect-ratio:16\/9;object-fit:cover\" srcset=\"https:\/\/camping-benodet-vacances.com\/wp-content\/uploads\/2024\/12\/petite-promenade-tranquille.avif 641w, https:\/\/camping-benodet-vacances.com\/wp-content\/uploads\/2024\/12\/petite-promenade-tranquille-300x169.jpg 300w\" sizes=\"(max-width: 641px) 100vw, 641px\" \/><\/figure>\n<\/div>\n\n\n\n<div class=\"wp-block-column is-layout-flow wp-block-column-is-layout-flow\">\n<figure class=\"wp-block-image size-full is-style-rounded gt-img-full wp-container-content-9cfa9a5a is-style-rounded--3\"><img decoding=\"async\" width=\"641\" height=\"361\" src=\"https:\/\/camping-benodet-vacances.com\/wp-content\/uploads\/2024\/12\/pick-nick-avec-un-paysages-a-couper-le-souffle.avif\" alt=\"picknick met adembenemend landschap\" class=\"wp-image-15732\" style=\"aspect-ratio:16\/9;object-fit:cover\" srcset=\"https:\/\/camping-benodet-vacances.com\/wp-content\/uploads\/2024\/12\/pick-nick-avec-un-paysages-a-couper-le-souffle.avif 641w, https:\/\/camping-benodet-vacances.com\/wp-content\/uploads\/2024\/12\/pick-nick-avec-un-paysages-a-couper-le-souffle-300x169.jpg 300w\" sizes=\"(max-width: 641px) 100vw, 641px\" \/><\/figure>\n<\/div>\n<\/div>\n<\/div>\n\n<div class=\"wp-block-group alignwide has-global-padding is-layout-constrained wp-block-group-is-layout-constrained\">\n<div style=\"height:3rem\" aria-hidden=\"true\" class=\"wp-block-spacer gt-hide-mobile\"><\/div>\n\n\n\n<div class=\"wp-block-columns alignwide is-layout-flex wp-container-core-columns-is-layout-7fc3d43a wp-block-columns-is-layout-flex\">\n<div class=\"wp-block-column is-layout-flow wp-block-column-is-layout-flow\">\n<h2 class=\"wp-block-heading has-base-color has-text-color has-link-color has-large-font-size wp-elements-3e5b718a5df1c6b3fc7e205cac636a86\" style=\"font-style:normal;font-weight:600;text-transform:uppercase\">De &#8220;Witte Zee&#8221; lus<\/h2>\n\n\n\n<p>Ontdek hier de lus van <strong>de &#8220;Witte Zee<\/strong> &#8220;.<\/p>\n\n\n\n\n<\/div>\n<\/div>\n<\/div>\n","protected":false},"excerpt":{"rendered":"<p>We hebben de wandelingen rond de camping voor je getest! Wilt u de prachtige natuur rondom onze camping in B\u00e9nodet ontdekken? We hebben de omliggende paden voor je getest en delen ze graag met je! Adembenemende landschappen Of je nu op zoek bent naar een ontspannen wandeling of een meer uitdagende wandeling, er is voor [&hellip;]<\/p>\n","protected":false},"author":3,"featured_media":19960,"parent":20237,"menu_order":0,"comment_status":"closed","ping_status":"closed","template":"","meta":{"_acf_changed":false,"_seopress_robots_primary_cat":"","_seopress_titles_title":"Randonn\u00e9e B\u00e9nodet : Routes voor wandelingen en trektochten in B\u00e9nodet","_seopress_titles_desc":"Wil je de prachtige landschappen van Zuid-Finist\u00e8re ontdekken? Wij hebben de omliggende paden voor je getest. We delen ze graag met je!  ","_seopress_robots_index":"","_gt_ctv_global_id":"1606","_gt_ctv_id_group":false,"inline_featured_image":false,"gt_fse_maillage_image":"https:\/\/camping-benodet-vacances.com\/wp-content\/uploads\/2024\/12\/les-balades-autour-du-camping.avif","gt_fse_maillage_titre":"B\u00e9nodet wandeling","gt_fse_maillage_alt":"Wandelingen en trektochten in B\u00e9nodet rondom de camping","gt_fse_maillage_resume":"","footnotes":""},"categories":[86],"tags":[],"class_list":{"0":"post-25067","1":"page","2":"type-page","3":"status-publish","4":"has-post-thumbnail","6":"category-de-regio"},"acf":[],"_links":{"self":[{"href":"https:\/\/camping-benodet-vacances.com\/nl\/wp-json\/wp\/v2\/pages\/25067","targetHints":{"allow":["GET"]}}],"collection":[{"href":"https:\/\/camping-benodet-vacances.com\/nl\/wp-json\/wp\/v2\/pages"}],"about":[{"href":"https:\/\/camping-benodet-vacances.com\/nl\/wp-json\/wp\/v2\/types\/page"}],"author":[{"embeddable":true,"href":"https:\/\/camping-benodet-vacances.com\/nl\/wp-json\/wp\/v2\/users\/3"}],"replies":[{"embeddable":true,"href":"https:\/\/camping-benodet-vacances.com\/nl\/wp-json\/wp\/v2\/comments?post=25067"}],"version-history":[{"count":3,"href":"https:\/\/camping-benodet-vacances.com\/nl\/wp-json\/wp\/v2\/pages\/25067\/revisions"}],"predecessor-version":[{"id":30929,"href":"https:\/\/camping-benodet-vacances.com\/nl\/wp-json\/wp\/v2\/pages\/25067\/revisions\/30929"}],"up":[{"embeddable":true,"href":"https:\/\/camping-benodet-vacances.com\/nl\/wp-json\/wp\/v2\/pages\/20237"}],"wp:featuredmedia":[{"embeddable":true,"href":"https:\/\/camping-benodet-vacances.com\/nl\/wp-json\/wp\/v2\/media\/19960"}],"wp:attachment":[{"href":"https:\/\/camping-benodet-vacances.com\/nl\/wp-json\/wp\/v2\/media?parent=25067"}],"wp:term":[{"taxonomy":"category","embeddable":true,"href":"https:\/\/camping-benodet-vacances.com\/nl\/wp-json\/wp\/v2\/categories?post=25067"},{"taxonomy":"post_tag","embeddable":true,"href":"https:\/\/camping-benodet-vacances.com\/nl\/wp-json\/wp\/v2\/tags?post=25067"}],"curies":[{"name":"wp","href":"https:\/\/api.w.org\/{rel}","templated":true}]}}